{"id":9126,"date":"2022-06-27T11:59:17","date_gmt":"2022-06-27T10:59:17","guid":{"rendered":"https:\/\/store.nikolateslalegend.com\/product\/nikola-tesla-statua-2\/"},"modified":"2023-01-03T10:20:08","modified_gmt":"2023-01-03T09:20:08","slug":"bista-nikola-tesla-glazirana","status":"publish","type":"product","link":"https:\/\/store.nikolateslalegend.com\/hr\/proizvod\/bista-nikola-tesla-glazirana\/","title":{"rendered":"Bista Nikola Tesla glazirana"},"content":{"rendered":"\t\t<div data-elementor-type=\"wp-post\" data-elementor-id=\"9126\" class=\"elementor elementor-9126 elementor-9064\">\n\t\t\t\t\t\t\t\t\t<section class=\"elementor-section elementor-top-section elementor-element elementor-element-64a61427 elementor-section-boxed elementor-section-height-default elementor-section-height-default\" data-id=\"64a61427\" data-element_type=\"section\">\n\t\t\t\t\t\t<div class=\"elementor-container elementor-column-gap-default\">\n\t\t\t\t\t<div class=\"elementor-column elementor-col-100 elementor-top-column elementor-element elementor-element-4b2f0dbd\" data-id=\"4b2f0dbd\" data-element_type=\"column\">\n\t\t\t<div class=\"elementor-widget-wrap elementor-element-populated\">\n\t\t\t\t\t\t\t\t<div class=\"elementor-element elementor-element-1afd065b elementor-widget elementor-widget-text-editor\" data-id=\"1afd065b\" data-element_type=\"widget\" data-widget_type=\"text-editor.default\">\n\t\t\t\t<div class=\"elementor-widget-container\">\n\t\t\t<style>\/*! elementor - v3.8.1 - 13-11-2022 *\/\n.elementor-widget-text-editor.elementor-drop-cap-view-stacked .elementor-drop-cap{background-color:#818a91;color:#fff}.elementor-widget-text-editor.elementor-drop-cap-view-framed .elementor-drop-cap{color:#818a91;border:3px solid;background-color:transparent}.elementor-widget-text-editor:not(.elementor-drop-cap-view-default) .elementor-drop-cap{margin-top:8px}.elementor-widget-text-editor:not(.elementor-drop-cap-view-default) .elementor-drop-cap-letter{width:1em;height:1em}.elementor-widget-text-editor .elementor-drop-cap{float:left;text-align:center;line-height:1;font-size:50px}.elementor-widget-text-editor .elementor-drop-cap-letter{display:inline-block}<\/style>\t\t\t\t<p>Statua Nikole Tesle je ru\u010dni rad hrvatskog umjetnika lon\u010dara. Izra\u0111ena u maloj seriji, ova statua je vrijedan kolekcionarski predmet svim \u0161tovateljima \u017eivota i rada Nikole Tesle. Statua \u0107e se savr\u0161eno uklopiti u va\u0161 dom ili ured, a ujedno je i odli\u010dan izbor za originalni poklon.<\/p><h3 style=\"padding-bottom: 10px;\"><strong>Za\u0161to bi ste trebali nabaviti ovu statuu Nikole Tesle?<\/strong><\/h3><h3><i class=\"fas fa-check-circle\" style=\"color: #67b7a7;\"><\/i> Ispravite nepravdu prema Nikoli Tesli<\/h3><p>Nikola Tesla je bio jedan od najve\u0107ih znanstvenika i izumitelja u povijesti. Za svoj ogromni doprinos tehnolo\u0161kom razvoju \u010dovje\u010danstva nije dobio zaslu\u017eeno priznanje. Njegova otkri\u0107a prisvojili su drugi znanstvenici, a za to su dobili brojne nagrade i priznanja, me\u0111u kojima i najpresti\u017eniju nagradu od svih, Nobelovu nagradu. Promoviranjem Nikole Tesle poma\u017eete ispraviti ovu nepravdu. Tesla je to zaslu\u017eio.<\/p><h3><i class=\"fas fa-check-circle\" style=\"color: #67b7a7;\"><\/i> Neka vas Nikola Tesla svakodnevno inspirira<\/h3><p>Nikola Tesla je bio izniman znanstvenik koji je mogao postati jedan od najbogatijih ljudi svojega vremena. Ipak, Tesla je svoj \u017eivot posvetio idealu stvaranja boljeg svijeta kroz izume i tehnologiju. \u017delio je osigurati besplatnu energiju za sve i u ostvarenje tog cilja je ulo\u017eio sav svoj imetak. Njegov \u017eivot je inspiracija za sve nas. Ro\u0111en u Smiljanu, malom selu u Lici, Tesla je uspio postati izumitelj svjetskoga glasa koji je svojim izumima zadu\u017eio \u010dovje\u010danstvo.<\/p><h3><i class=\"fas fa-check-circle\" style=\"color: #67b7a7;\"><\/i> Originalan ukras za va\u0161 dom ili ured<\/h3><p><a href=\"https:\/\/store.nikolateslalegend.com\/14112022-backup\/wp-content\/uploads\/2022\/06\/nikola-tesla-statua-8.jpg\"><img loading=\"lazy\" decoding=\"async\" class=\"alignnone wp-image-9131 size-large\" src=\"https:\/\/store.nikolateslalegend.com\/14112022-backup\/wp-content\/uploads\/2022\/06\/nikola-tesla-statua-8-1024x683.jpg\" alt=\"\" width=\"1024\" height=\"683\" srcset=\"https:\/\/store.nikolateslalegend.com\/wp-content\/uploads\/2022\/06\/nikola-tesla-statua-8-1024x683.jpg 1024w, https:\/\/store.nikolateslalegend.com\/wp-content\/uploads\/2022\/06\/nikola-tesla-statua-8-300x200.jpg 300w, https:\/\/store.nikolateslalegend.com\/wp-content\/uploads\/2022\/06\/nikola-tesla-statua-8-768x512.jpg 768w, https:\/\/store.nikolateslalegend.com\/wp-content\/uploads\/2022\/06\/nikola-tesla-statua-8-7x6.jpg 7w, https:\/\/store.nikolateslalegend.com\/wp-content\/uploads\/2022\/06\/nikola-tesla-statua-8-10x7.jpg 10w, https:\/\/store.nikolateslalegend.com\/wp-content\/uploads\/2022\/06\/nikola-tesla-statua-8-600x400.jpg 600w, https:\/\/store.nikolateslalegend.com\/wp-content\/uploads\/2022\/06\/nikola-tesla-statua-8.jpg 1200w\" sizes=\"auto, (max-width: 1024px) 100vw, 1024px\" \/><\/a><\/p><p>Ova statua Nikole Tesle je na\u0161 vlastiti originalni proizvod proizveden u ograni\u010denoj seriji kojeg mo\u017eete kupiti samo ovdje u na\u0161oj web trgovini. Statua \u0107e krasiti va\u0161 radni stol ili policu. \u017delite li ne\u0161to lijepo i originalno u va\u0161em domu ili uredu, ova statua je pravi izbor za vas.<\/p><h3><i class=\"fas fa-check-circle\" style=\"color: #67b7a7;\"><\/i> Statua je odli\u010dan poklon<\/h3><p>Nikola Tesla ima mnogo poklonika i vrlo je popularan me\u0111u studentima, in\u017eenjerima, znanstvenicima i tehnolo\u0161kim entuzijastima. Imate li u va\u0161oj blizini takvu osobu, a ne znate \u0161to bi joj poklonili za ro\u0111endan ili nekom drugom prilikom, statua Nikole Tesle je pravi izbor s kojim ne mo\u017eete pogrije\u0161iti. Ako takvoj osobi \u017eelite pokloniti ne\u0161to originalno i inspirativno \u0161to \u0107e \u010duvati dugi niz godina, ne morate tra\u017eiti dalje.<\/p><h3><i class=\"fas fa-check-circle\" style=\"color: #67b7a7;\"><\/i> Statua, \u0161tedna kasica i dr\u017ea\u010d za olovke u jednom<\/h3><p>Osim \u0161to \u0107e ova statua krasiti va\u0161 radni stol ili policu, ona ima i prakti\u010dnu vrijednost. Statua ima funkcionalnost dr\u017ea\u010da za olovke i \u0161tedne kasice. Vi\u0161ak kovanica mo\u017eete ubacivati u statuu pa kada skupite potreban iznos, mo\u017eete ga potro\u0161iti onako kako bi vam to preporu\u010dio Tesla, npr. na kupovinu neke dobre knjige, ulaganje u vlastitu edukaciju ili edukaciju va\u0161eg talentiranog djeteta.<\/p><h3><i class=\"fas fa-check-circle\" style=\"color: #67b7a7;\"><\/i> Statua je jednostavno odli\u010dna i morate je imati<\/h3><p>Statua Nikole Tesle je izuzetan spomen na ovog sjajnog znanstvenika. Mi mislimo da su i ljudi koji po\u0161tuju \u017eivot i rad Nikole Tesle izuzetni pojedinci. To su ljudi koji znaju cijeniti ideale, vjeru u bolju budu\u0107nost i koji \u017eele da svijet bude bolje mjesto za sve ljude. Tesla nam je u tehni\u010dkom smislu podario sjajne izume, ali njegov \u017eivotni cilj bio je u\u010diniti svijet boljim mjestom za sve. Uz neosporna znanstvena i tehni\u010dka otkri\u0107a koja nam je ostavio, Teslin \u017eivotni cilj i njegovo \u017ertvovanje vlastitog imetka kako bi svijet u\u010dinio boljim mjestom za sve njegove stanovnike je ono \u0161to ga \u010dini najve\u0107im. Svi mi mo\u017eemo na svoj na\u010din kroz mala djela svoju sredinu i podru\u010dje rada u\u010diti boljim. Neka vas ova statua inspirira.<\/p><h3>Deklaracija proizvoda<\/h3><ul class=\"circle\"><li>Proizvedeno za: TESLA d.o.o., Horvatsko 18 (\u0110ure Arnolda 8), Ivanec<\/li><li>Naziv proizvoda: Nikola Tesla Statua<\/li><li>\u0160ifra proizvoda: MP002-02<\/li><li>Sirovinski sastav: keramika (bijela glina), glazura (caklina)<\/li><li>Veli\u010dina: 200 cm x 120 cm x 100 cm<\/li><li>Postupak odr\u017eavanja: Ne preporu\u010da se kori\u0161tenje nagrizaju\u0107ih sredstava i sna\u017enih deterd\u017eenata.<\/li><\/ul>\t\t\t\t\t\t<\/div>\n\t\t\t\t<\/div>\n\t\t\t\t\t<\/div>\n\t\t<\/div>\n\t\t\t\t\t\t\t<\/div>\n\t\t<\/section>\n\t\t\t\t\t\t\t<\/div>\n\t\t","protected":false},"excerpt":{"rendered":"<p>Statua Nikole Tesle je ru\u010dni rad hrvatskog umjetnika lon\u010dara. Izra\u0111ena u maloj seriji, ova statua je vrijedan kolekcionarski predmet svim \u0161tovateljima \u017eivota i rada Nikole Tesle. Statua \u0107e se savr\u0161eno uklopiti u va\u0161 dom ili ured, a ujedno&#8230;<\/p>\n","protected":false},"featured_media":9116,"comment_status":"open","ping_status":"closed","template":"","meta":{"inline_featured_image":false},"product_cat":[196,122],"product_tag":[],"class_list":["post-9126","product","type-product","status-publish","has-post-thumbnail","hentry","product_cat-autenticni-proizvodi","product_cat-skulpture-i-biste"],"etheme_brands":{"errors":{"invalid_taxonomy":["Nevaljana taksonomija."]},"error_data":[]},"yoast_head":"<!-- This site is optimized with the Yoast SEO plugin v19.10 - https:\/\/yoast.com\/wordpress\/plugins\/seo\/ -->\n<title>Bista Nikola Tesla glazirana - Nikola Tesla Legend Store<\/title>\n<meta name=\"description\" content=\"Statua Nikole Tesle je ru\u010dni rad hrvatskog umjetnika lon\u010dara. Izra\u0111ena u maloj seriji, ova statua je vrijedan kolekcionarski predmet svim \u0161tovateljima \u017eivota i rada Nikole Tesle. Tesla Statua \u0107e se savr\u0161eno uklopiti u va\u0161 dom ili ured, a ujedno je i odli\u010dan izbor za originalni poklon.\" \/>\n<meta name=\"robots\" content=\"index, follow, max-snippet:-1, max-image-preview:large, max-video-preview:-1\" \/>\n<link rel=\"canonical\" href=\"https:\/\/store.nikolateslalegend.com\/hr\/proizvod\/bista-nikola-tesla-glazirana\/\" \/>\n<meta property=\"og:locale\" content=\"hr_HR\" \/>\n<meta property=\"og:type\" content=\"article\" \/>\n<meta property=\"og:title\" content=\"Bista Nikola Tesla glazirana - Nikola Tesla Legend Store\" \/>\n<meta property=\"og:description\" content=\"Statua Nikole Tesle je ru\u010dni rad hrvatskog umjetnika lon\u010dara. Izra\u0111ena u maloj seriji, ova statua je vrijedan kolekcionarski predmet svim \u0161tovateljima \u017eivota i rada Nikole Tesle. Tesla Statua \u0107e se savr\u0161eno uklopiti u va\u0161 dom ili ured, a ujedno je i odli\u010dan izbor za originalni poklon.\" \/>\n<meta property=\"og:url\" content=\"https:\/\/store.nikolateslalegend.com\/hr\/proizvod\/bista-nikola-tesla-glazirana\/\" \/>\n<meta property=\"og:site_name\" content=\"Nikola Tesla Legend Store\" \/>\n<meta property=\"article:publisher\" content=\"https:\/\/www.facebook.com\/NikolaTeslaLegend\/\" \/>\n<meta property=\"article:modified_time\" content=\"2023-01-03T09:20:08+00:00\" \/>\n<meta property=\"og:image\" content=\"https:\/\/store.nikolateslalegend.com\/wp-content\/uploads\/2022\/06\/nikola-tesla-statua-4-2.jpg\" \/>\n\t<meta property=\"og:image:width\" content=\"1200\" \/>\n\t<meta property=\"og:image:height\" content=\"800\" \/>\n\t<meta property=\"og:image:type\" content=\"image\/jpeg\" \/>\n<meta name=\"twitter:card\" content=\"summary_large_image\" \/>\n<meta name=\"twitter:site\" content=\"@NikolaTeslaL\" \/>\n<meta name=\"twitter:label1\" content=\"Procijenjeno vrijeme \u010ditanja\" \/>\n\t<meta name=\"twitter:data1\" content=\"4 minute\" \/>\n<script type=\"application\/ld+json\" class=\"yoast-schema-graph\">{\"@context\":\"https:\/\/schema.org\",\"@graph\":[{\"@type\":\"WebPage\",\"@id\":\"https:\/\/store.nikolateslalegend.com\/hr\/proizvod\/bista-nikola-tesla-glazirana\/\",\"url\":\"https:\/\/store.nikolateslalegend.com\/hr\/proizvod\/bista-nikola-tesla-glazirana\/\",\"name\":\"Bista Nikola Tesla glazirana - Nikola Tesla Legend Store\",\"isPartOf\":{\"@id\":\"https:\/\/store.nikolateslalegend.com\/hr\/#website\"},\"datePublished\":\"2022-06-27T10:59:17+00:00\",\"dateModified\":\"2023-01-03T09:20:08+00:00\",\"description\":\"Statua Nikole Tesle je ru\u010dni rad hrvatskog umjetnika lon\u010dara. Izra\u0111ena u maloj seriji, ova statua je vrijedan kolekcionarski predmet svim \u0161tovateljima \u017eivota i rada Nikole Tesle. Tesla Statua \u0107e se savr\u0161eno uklopiti u va\u0161 dom ili ured, a ujedno je i odli\u010dan izbor za originalni poklon.\",\"breadcrumb\":{\"@id\":\"https:\/\/store.nikolateslalegend.com\/hr\/proizvod\/bista-nikola-tesla-glazirana\/#breadcrumb\"},\"inLanguage\":\"hr\",\"potentialAction\":[{\"@type\":\"ReadAction\",\"target\":[\"https:\/\/store.nikolateslalegend.com\/hr\/proizvod\/bista-nikola-tesla-glazirana\/\"]}]},{\"@type\":\"BreadcrumbList\",\"@id\":\"https:\/\/store.nikolateslalegend.com\/hr\/proizvod\/bista-nikola-tesla-glazirana\/#breadcrumb\",\"itemListElement\":[{\"@type\":\"ListItem\",\"position\":1,\"name\":\"Home\",\"item\":\"https:\/\/store.nikolateslalegend.com\/hr\/nikola-tesla-legend-web-trgovina\/\"},{\"@type\":\"ListItem\",\"position\":2,\"name\":\"Trgovina\",\"item\":\"https:\/\/store.nikolateslalegend.com\/hr\/trgovina\/\"},{\"@type\":\"ListItem\",\"position\":3,\"name\":\"Bista Nikola Tesla glazirana\"}]},{\"@type\":\"WebSite\",\"@id\":\"https:\/\/store.nikolateslalegend.com\/hr\/#website\",\"url\":\"https:\/\/store.nikolateslalegend.com\/hr\/\",\"name\":\"Nikola Tesla Legend Store\",\"description\":\"Nikola Tesla Legend Store\",\"potentialAction\":[{\"@type\":\"SearchAction\",\"target\":{\"@type\":\"EntryPoint\",\"urlTemplate\":\"https:\/\/store.nikolateslalegend.com\/hr\/?s={search_term_string}\"},\"query-input\":\"required name=search_term_string\"}],\"inLanguage\":\"hr\"}]}<\/script>\n<!-- \/ Yoast SEO plugin. -->","yoast_head_json":{"title":"Bista Nikola Tesla glazirana - Nikola Tesla Legend Store","description":"Statua Nikole Tesle je ru\u010dni rad hrvatskog umjetnika lon\u010dara. Izra\u0111ena u maloj seriji, ova statua je vrijedan kolekcionarski predmet svim \u0161tovateljima \u017eivota i rada Nikole Tesle. Tesla Statua \u0107e se savr\u0161eno uklopiti u va\u0161 dom ili ured, a ujedno je i odli\u010dan izbor za originalni poklon.","robots":{"index":"index","follow":"follow","max-snippet":"max-snippet:-1","max-image-preview":"max-image-preview:large","max-video-preview":"max-video-preview:-1"},"canonical":"https:\/\/store.nikolateslalegend.com\/hr\/proizvod\/bista-nikola-tesla-glazirana\/","og_locale":"hr_HR","og_type":"article","og_title":"Bista Nikola Tesla glazirana - Nikola Tesla Legend Store","og_description":"Statua Nikole Tesle je ru\u010dni rad hrvatskog umjetnika lon\u010dara. Izra\u0111ena u maloj seriji, ova statua je vrijedan kolekcionarski predmet svim \u0161tovateljima \u017eivota i rada Nikole Tesle. Tesla Statua \u0107e se savr\u0161eno uklopiti u va\u0161 dom ili ured, a ujedno je i odli\u010dan izbor za originalni poklon.","og_url":"https:\/\/store.nikolateslalegend.com\/hr\/proizvod\/bista-nikola-tesla-glazirana\/","og_site_name":"Nikola Tesla Legend Store","article_publisher":"https:\/\/www.facebook.com\/NikolaTeslaLegend\/","article_modified_time":"2023-01-03T09:20:08+00:00","og_image":[{"width":1200,"height":800,"url":"https:\/\/store.nikolateslalegend.com\/wp-content\/uploads\/2022\/06\/nikola-tesla-statua-4-2.jpg","type":"image\/jpeg"}],"twitter_card":"summary_large_image","twitter_site":"@NikolaTeslaL","twitter_misc":{"Procijenjeno vrijeme \u010ditanja":"4 minute"},"schema":{"@context":"https:\/\/schema.org","@graph":[{"@type":"WebPage","@id":"https:\/\/store.nikolateslalegend.com\/hr\/proizvod\/bista-nikola-tesla-glazirana\/","url":"https:\/\/store.nikolateslalegend.com\/hr\/proizvod\/bista-nikola-tesla-glazirana\/","name":"Bista Nikola Tesla glazirana - Nikola Tesla Legend Store","isPartOf":{"@id":"https:\/\/store.nikolateslalegend.com\/hr\/#website"},"datePublished":"2022-06-27T10:59:17+00:00","dateModified":"2023-01-03T09:20:08+00:00","description":"Statua Nikole Tesle je ru\u010dni rad hrvatskog umjetnika lon\u010dara. Izra\u0111ena u maloj seriji, ova statua je vrijedan kolekcionarski predmet svim \u0161tovateljima \u017eivota i rada Nikole Tesle. Tesla Statua \u0107e se savr\u0161eno uklopiti u va\u0161 dom ili ured, a ujedno je i odli\u010dan izbor za originalni poklon.","breadcrumb":{"@id":"https:\/\/store.nikolateslalegend.com\/hr\/proizvod\/bista-nikola-tesla-glazirana\/#breadcrumb"},"inLanguage":"hr","potentialAction":[{"@type":"ReadAction","target":["https:\/\/store.nikolateslalegend.com\/hr\/proizvod\/bista-nikola-tesla-glazirana\/"]}]},{"@type":"BreadcrumbList","@id":"https:\/\/store.nikolateslalegend.com\/hr\/proizvod\/bista-nikola-tesla-glazirana\/#breadcrumb","itemListElement":[{"@type":"ListItem","position":1,"name":"Home","item":"https:\/\/store.nikolateslalegend.com\/hr\/nikola-tesla-legend-web-trgovina\/"},{"@type":"ListItem","position":2,"name":"Trgovina","item":"https:\/\/store.nikolateslalegend.com\/hr\/trgovina\/"},{"@type":"ListItem","position":3,"name":"Bista Nikola Tesla glazirana"}]},{"@type":"WebSite","@id":"https:\/\/store.nikolateslalegend.com\/hr\/#website","url":"https:\/\/store.nikolateslalegend.com\/hr\/","name":"Nikola Tesla Legend Store","description":"Nikola Tesla Legend Store","potentialAction":[{"@type":"SearchAction","target":{"@type":"EntryPoint","urlTemplate":"https:\/\/store.nikolateslalegend.com\/hr\/?s={search_term_string}"},"query-input":"required name=search_term_string"}],"inLanguage":"hr"}]}},"_links":{"self":[{"href":"https:\/\/store.nikolateslalegend.com\/hr\/wp-json\/wp\/v2\/product\/9126","targetHints":{"allow":["GET"]}}],"collection":[{"href":"https:\/\/store.nikolateslalegend.com\/hr\/wp-json\/wp\/v2\/product"}],"about":[{"href":"https:\/\/store.nikolateslalegend.com\/hr\/wp-json\/wp\/v2\/types\/product"}],"replies":[{"embeddable":true,"href":"https:\/\/store.nikolateslalegend.com\/hr\/wp-json\/wp\/v2\/comments?post=9126"}],"version-history":[{"count":8,"href":"https:\/\/store.nikolateslalegend.com\/hr\/wp-json\/wp\/v2\/product\/9126\/revisions"}],"predecessor-version":[{"id":13078,"href":"https:\/\/store.nikolateslalegend.com\/hr\/wp-json\/wp\/v2\/product\/9126\/revisions\/13078"}],"wp:featuredmedia":[{"embeddable":true,"href":"https:\/\/store.nikolateslalegend.com\/hr\/wp-json\/wp\/v2\/media\/9116"}],"wp:attachment":[{"href":"https:\/\/store.nikolateslalegend.com\/hr\/wp-json\/wp\/v2\/media?parent=9126"}],"wp:term":[{"taxonomy":"product_cat","embeddable":true,"href":"https:\/\/store.nikolateslalegend.com\/hr\/wp-json\/wp\/v2\/product_cat?post=9126"},{"taxonomy":"product_tag","embeddable":true,"href":"https:\/\/store.nikolateslalegend.com\/hr\/wp-json\/wp\/v2\/product_tag?post=9126"}],"curies":[{"name":"wp","href":"https:\/\/api.w.org\/{rel}","templated":true}]}}