{"id":8572,"date":"2022-03-30T08:07:15","date_gmt":"2022-03-30T07:07:15","guid":{"rendered":"https:\/\/store.nikolateslalegend.com\/product\/nikola-tesla-wine-selection\/"},"modified":"2023-01-03T10:20:07","modified_gmt":"2023-01-03T09:20:07","slug":"nikola-tesla-wine-selection","status":"publish","type":"product","link":"https:\/\/store.nikolateslalegend.com\/hr\/proizvod\/nikola-tesla-wine-selection\/","title":{"rendered":"Nikola Tesla Wine Selection &#8211; Uskoro"},"content":{"rendered":"<p>Nikola Tesla Wine Selection je odabir 6 najboljih vina iz Vara\u017edinske \u017eupanije, Tesline omiljene vinske regije. U sa\u010duvanim pismima koja je Nikola Tesla razmjenjivao sa svojim ujakom Pajom Mandi\u0107em, zabilje\u017eeno je da je Tesla bio veliki ljubitelj vina iz Vara\u017edina u Hrvatskoj. Njegov ujak je \u017eivio u Vara\u017edinu i redovito je Tesli slao vino u SAD.<\/p>\n<p>\u0160to se nalazi u Nikola Tesla Wine Selection<\/p>\n<p>\u0160est razli\u010ditih vrhunskih vina iz Vara\u017edinske \u017eupanije. Lista vina u selekciji \u0107e biti objavljena uskoro. Vino je pakirano u boce od 0.75 l. Boce su pakirane u brendiranu drvenu kutiju za vino (vrlo kolekcionarski predmet).<\/p>\n<p>&nbsp;<\/p>\n","protected":false},"excerpt":{"rendered":"<p>Nikola Tesla Wine Selection je odabir 6 najboljih vina iz Vara\u017edinske \u017eupanije, Tesline omiljene vinske regije. U sa\u010duvanim pismima koja je Nikola Tesla razmjenjivao sa svojim ujakom Pajom Mandi\u0107em, zabilje\u017eeno je da je Tesla bio veliki ljubitelj vina&#8230;<\/p>\n","protected":false},"featured_media":8023,"comment_status":"open","ping_status":"closed","template":"","meta":{"inline_featured_image":false},"product_cat":[123],"product_tag":[],"class_list":["post-8572","product","type-product","status-publish","has-post-thumbnail","hentry","product_cat-vino"],"etheme_brands":{"errors":{"invalid_taxonomy":["Nevaljana taksonomija."]},"error_data":[]},"yoast_head":"<!-- This site is optimized with the Yoast SEO plugin v19.10 - https:\/\/yoast.com\/wordpress\/plugins\/seo\/ -->\n<title>Nikola Tesla Wine Selection - Uskoro - Nikola Tesla Legend Store<\/title>\n<meta name=\"robots\" content=\"index, follow, max-snippet:-1, max-image-preview:large, max-video-preview:-1\" \/>\n<link rel=\"canonical\" href=\"https:\/\/store.nikolateslalegend.com\/hr\/proizvod\/nikola-tesla-wine-selection\/\" \/>\n<meta property=\"og:locale\" content=\"hr_HR\" \/>\n<meta property=\"og:type\" content=\"article\" \/>\n<meta property=\"og:title\" content=\"Nikola Tesla Wine Selection - Uskoro - Nikola Tesla Legend Store\" \/>\n<meta property=\"og:description\" content=\"Nikola Tesla Wine Selection je odabir 6 najboljih vina iz Vara\u017edinske \u017eupanije, Tesline omiljene vinske regije. U sa\u010duvanim pismima koja je Nikola Tesla razmjenjivao sa svojim ujakom Pajom Mandi\u0107em, zabilje\u017eeno je da je Tesla bio veliki ljubitelj vina...\" \/>\n<meta property=\"og:url\" content=\"https:\/\/store.nikolateslalegend.com\/hr\/proizvod\/nikola-tesla-wine-selection\/\" \/>\n<meta property=\"og:site_name\" content=\"Nikola Tesla Legend Store\" \/>\n<meta property=\"article:publisher\" content=\"https:\/\/www.facebook.com\/NikolaTeslaLegend\/\" \/>\n<meta property=\"article:modified_time\" content=\"2023-01-03T09:20:07+00:00\" \/>\n<meta property=\"og:image\" content=\"https:\/\/store.nikolateslalegend.com\/wp-content\/uploads\/2022\/03\/nikola-tesla-wine-selection-2.jpg\" \/>\n\t<meta property=\"og:image:width\" content=\"1200\" \/>\n\t<meta property=\"og:image:height\" content=\"889\" \/>\n\t<meta property=\"og:image:type\" content=\"image\/jpeg\" \/>\n<meta name=\"twitter:card\" content=\"summary_large_image\" \/>\n<meta name=\"twitter:site\" content=\"@NikolaTeslaL\" \/>\n<meta name=\"twitter:label1\" content=\"Procijenjeno vrijeme \u010ditanja\" \/>\n\t<meta name=\"twitter:data1\" content=\"1 minuta\" \/>\n<script type=\"application\/ld+json\" class=\"yoast-schema-graph\">{\"@context\":\"https:\/\/schema.org\",\"@graph\":[{\"@type\":\"WebPage\",\"@id\":\"https:\/\/store.nikolateslalegend.com\/hr\/proizvod\/nikola-tesla-wine-selection\/\",\"url\":\"https:\/\/store.nikolateslalegend.com\/hr\/proizvod\/nikola-tesla-wine-selection\/\",\"name\":\"Nikola Tesla Wine Selection - Uskoro - Nikola Tesla Legend Store\",\"isPartOf\":{\"@id\":\"https:\/\/store.nikolateslalegend.com\/hr\/#website\"},\"datePublished\":\"2022-03-30T07:07:15+00:00\",\"dateModified\":\"2023-01-03T09:20:07+00:00\",\"breadcrumb\":{\"@id\":\"https:\/\/store.nikolateslalegend.com\/hr\/proizvod\/nikola-tesla-wine-selection\/#breadcrumb\"},\"inLanguage\":\"hr\",\"potentialAction\":[{\"@type\":\"ReadAction\",\"target\":[\"https:\/\/store.nikolateslalegend.com\/hr\/proizvod\/nikola-tesla-wine-selection\/\"]}]},{\"@type\":\"BreadcrumbList\",\"@id\":\"https:\/\/store.nikolateslalegend.com\/hr\/proizvod\/nikola-tesla-wine-selection\/#breadcrumb\",\"itemListElement\":[{\"@type\":\"ListItem\",\"position\":1,\"name\":\"Home\",\"item\":\"https:\/\/store.nikolateslalegend.com\/hr\/nikola-tesla-legend-web-trgovina\/\"},{\"@type\":\"ListItem\",\"position\":2,\"name\":\"Trgovina\",\"item\":\"https:\/\/store.nikolateslalegend.com\/hr\/trgovina\/\"},{\"@type\":\"ListItem\",\"position\":3,\"name\":\"Nikola Tesla Wine Selection &#8211; Uskoro\"}]},{\"@type\":\"WebSite\",\"@id\":\"https:\/\/store.nikolateslalegend.com\/hr\/#website\",\"url\":\"https:\/\/store.nikolateslalegend.com\/hr\/\",\"name\":\"Nikola Tesla Legend Store\",\"description\":\"Nikola Tesla Legend Store\",\"potentialAction\":[{\"@type\":\"SearchAction\",\"target\":{\"@type\":\"EntryPoint\",\"urlTemplate\":\"https:\/\/store.nikolateslalegend.com\/hr\/?s={search_term_string}\"},\"query-input\":\"required name=search_term_string\"}],\"inLanguage\":\"hr\"}]}<\/script>\n<!-- \/ Yoast SEO plugin. -->","yoast_head_json":{"title":"Nikola Tesla Wine Selection - Uskoro - Nikola Tesla Legend Store","robots":{"index":"index","follow":"follow","max-snippet":"max-snippet:-1","max-image-preview":"max-image-preview:large","max-video-preview":"max-video-preview:-1"},"canonical":"https:\/\/store.nikolateslalegend.com\/hr\/proizvod\/nikola-tesla-wine-selection\/","og_locale":"hr_HR","og_type":"article","og_title":"Nikola Tesla Wine Selection - Uskoro - Nikola Tesla Legend Store","og_description":"Nikola Tesla Wine Selection je odabir 6 najboljih vina iz Vara\u017edinske \u017eupanije, Tesline omiljene vinske regije. U sa\u010duvanim pismima koja je Nikola Tesla razmjenjivao sa svojim ujakom Pajom Mandi\u0107em, zabilje\u017eeno je da je Tesla bio veliki ljubitelj vina...","og_url":"https:\/\/store.nikolateslalegend.com\/hr\/proizvod\/nikola-tesla-wine-selection\/","og_site_name":"Nikola Tesla Legend Store","article_publisher":"https:\/\/www.facebook.com\/NikolaTeslaLegend\/","article_modified_time":"2023-01-03T09:20:07+00:00","og_image":[{"width":1200,"height":889,"url":"https:\/\/store.nikolateslalegend.com\/wp-content\/uploads\/2022\/03\/nikola-tesla-wine-selection-2.jpg","type":"image\/jpeg"}],"twitter_card":"summary_large_image","twitter_site":"@NikolaTeslaL","twitter_misc":{"Procijenjeno vrijeme \u010ditanja":"1 minuta"},"schema":{"@context":"https:\/\/schema.org","@graph":[{"@type":"WebPage","@id":"https:\/\/store.nikolateslalegend.com\/hr\/proizvod\/nikola-tesla-wine-selection\/","url":"https:\/\/store.nikolateslalegend.com\/hr\/proizvod\/nikola-tesla-wine-selection\/","name":"Nikola Tesla Wine Selection - Uskoro - Nikola Tesla Legend Store","isPartOf":{"@id":"https:\/\/store.nikolateslalegend.com\/hr\/#website"},"datePublished":"2022-03-30T07:07:15+00:00","dateModified":"2023-01-03T09:20:07+00:00","breadcrumb":{"@id":"https:\/\/store.nikolateslalegend.com\/hr\/proizvod\/nikola-tesla-wine-selection\/#breadcrumb"},"inLanguage":"hr","potentialAction":[{"@type":"ReadAction","target":["https:\/\/store.nikolateslalegend.com\/hr\/proizvod\/nikola-tesla-wine-selection\/"]}]},{"@type":"BreadcrumbList","@id":"https:\/\/store.nikolateslalegend.com\/hr\/proizvod\/nikola-tesla-wine-selection\/#breadcrumb","itemListElement":[{"@type":"ListItem","position":1,"name":"Home","item":"https:\/\/store.nikolateslalegend.com\/hr\/nikola-tesla-legend-web-trgovina\/"},{"@type":"ListItem","position":2,"name":"Trgovina","item":"https:\/\/store.nikolateslalegend.com\/hr\/trgovina\/"},{"@type":"ListItem","position":3,"name":"Nikola Tesla Wine Selection &#8211; Uskoro"}]},{"@type":"WebSite","@id":"https:\/\/store.nikolateslalegend.com\/hr\/#website","url":"https:\/\/store.nikolateslalegend.com\/hr\/","name":"Nikola Tesla Legend Store","description":"Nikola Tesla Legend Store","potentialAction":[{"@type":"SearchAction","target":{"@type":"EntryPoint","urlTemplate":"https:\/\/store.nikolateslalegend.com\/hr\/?s={search_term_string}"},"query-input":"required name=search_term_string"}],"inLanguage":"hr"}]}},"_links":{"self":[{"href":"https:\/\/store.nikolateslalegend.com\/hr\/wp-json\/wp\/v2\/product\/8572","targetHints":{"allow":["GET"]}}],"collection":[{"href":"https:\/\/store.nikolateslalegend.com\/hr\/wp-json\/wp\/v2\/product"}],"about":[{"href":"https:\/\/store.nikolateslalegend.com\/hr\/wp-json\/wp\/v2\/types\/product"}],"replies":[{"embeddable":true,"href":"https:\/\/store.nikolateslalegend.com\/hr\/wp-json\/wp\/v2\/comments?post=8572"}],"version-history":[{"count":1,"href":"https:\/\/store.nikolateslalegend.com\/hr\/wp-json\/wp\/v2\/product\/8572\/revisions"}],"predecessor-version":[{"id":13028,"href":"https:\/\/store.nikolateslalegend.com\/hr\/wp-json\/wp\/v2\/product\/8572\/revisions\/13028"}],"wp:featuredmedia":[{"embeddable":true,"href":"https:\/\/store.nikolateslalegend.com\/hr\/wp-json\/wp\/v2\/media\/8023"}],"wp:attachment":[{"href":"https:\/\/store.nikolateslalegend.com\/hr\/wp-json\/wp\/v2\/media?parent=8572"}],"wp:term":[{"taxonomy":"product_cat","embeddable":true,"href":"https:\/\/store.nikolateslalegend.com\/hr\/wp-json\/wp\/v2\/product_cat?post=8572"},{"taxonomy":"product_tag","embeddable":true,"href":"https:\/\/store.nikolateslalegend.com\/hr\/wp-json\/wp\/v2\/product_tag?post=8572"}],"curies":[{"name":"wp","href":"https:\/\/api.w.org\/{rel}","templated":true}]}}