{"id":7848,"date":"2022-03-28T17:09:16","date_gmt":"2022-03-28T16:09:16","guid":{"rendered":"https:\/\/store.nikolateslalegend.com\/product\/nikola-tesla-zidni-sat\/"},"modified":"2025-01-07T11:01:40","modified_gmt":"2025-01-07T10:01:40","slug":"nikola-tesla-zidni-sat-pojave-u-prirodi-cro-verzija","status":"publish","type":"product","link":"https:\/\/store.nikolateslalegend.com\/hr\/proizvod\/nikola-tesla-zidni-sat-pojave-u-prirodi-cro-verzija\/","title":{"rendered":"Nikola Tesla zidni sat &#8211; Pojave u prirodi (CRO verzija)"},"content":{"rendered":"\t\t<div data-elementor-type=\"wp-post\" data-elementor-id=\"7848\" class=\"elementor elementor-7848 elementor-7844\">\n\t\t\t\t\t\t\t\t\t<section class=\"elementor-section elementor-top-section elementor-element elementor-element-4504b13d elementor-section-boxed elementor-section-height-default elementor-section-height-default\" data-id=\"4504b13d\" data-element_type=\"section\">\n\t\t\t\t\t\t<div class=\"elementor-container elementor-column-gap-default\">\n\t\t\t\t\t<div class=\"elementor-column elementor-col-100 elementor-top-column elementor-element elementor-element-4684a0ab\" data-id=\"4684a0ab\" data-element_type=\"column\">\n\t\t\t<div class=\"elementor-widget-wrap elementor-element-populated\">\n\t\t\t\t\t\t\t\t<div class=\"elementor-element elementor-element-672e395e elementor-widget elementor-widget-text-editor\" data-id=\"672e395e\" data-element_type=\"widget\" data-widget_type=\"text-editor.default\">\n\t\t\t\t<div class=\"elementor-widget-container\">\n\t\t\t<style>\/*! elementor - v3.8.1 - 13-11-2022 *\/\n.elementor-widget-text-editor.elementor-drop-cap-view-stacked .elementor-drop-cap{background-color:#818a91;color:#fff}.elementor-widget-text-editor.elementor-drop-cap-view-framed .elementor-drop-cap{color:#818a91;border:3px solid;background-color:transparent}.elementor-widget-text-editor:not(.elementor-drop-cap-view-default) .elementor-drop-cap{margin-top:8px}.elementor-widget-text-editor:not(.elementor-drop-cap-view-default) .elementor-drop-cap-letter{width:1em;height:1em}.elementor-widget-text-editor .elementor-drop-cap{float:left;text-align:center;line-height:1;font-size:50px}.elementor-widget-text-editor .elementor-drop-cap-letter{display:inline-block}<\/style>\t\t\t\t<p>Zidni sat Nikola Tesla s likom i citatom na hrvatskom jeziku izra\u0111en je iz visoko-kvalitetnog bra\u010dkog kamena koji je po svojoj kvaliteti poznat \u0161irom svijeta. Ovaj zidni sat izra\u010den je u maloj seriji te ima i kolekcionarsku vrijednost. Sat \u0107e krasiti va\u0161em dom ili ured, a ujedno je i savr\u0161en poklon za sve fanove Nikole Tesle.<\/p><h3><strong>Za\u0161to bi ste trebali nabaviti zidni sat Nikole Tesla<br \/><\/strong><\/h3><h3><i class=\"fas fa-check-circle\" style=\"color: #67b7a7;\"><\/i> Kolekcionarski predmet izra\u0111en od svjetski poznatog bra\u010dkog kamena<\/h3><p>Zidni sat Nikole Tesla s citatom izra\u0111en je u maloj seriji i mo\u017ee se kupiti jedino na Nikola Tesla Legend web trgovini. Izra\u0111en je svjetski poznatog bra\u010dkog kamena koji je po svojoj kvaliteti poznat ve\u0107 iz anti\u010dkog doba. Iz bra\u010dkog kamena izra\u0111ena su nebrojena umjetni\u010dka dijela, ali i brojne crkve, pala\u010de i druga zna\u010dajna dijela arhitekture. Iz bra\u010dkog kamena izgra\u0111ena je velebna Dioklecijanova pala\u010da u Splitu koju je izgradio rimski car Gaj Aurelije Dioklecijan. Od bra\u010dkog kamena izgra\u0111eni su parlament i Novi dvor u Be\u010du, Reichstag u Berlinu i parlament u Budimpe\u0161ti.<\/p><p>Postoji legenda da je i Bijela ku\u0107a u Washington-u izra\u0111ena od bra\u010dkog kamena, ali ameri\u010dki geolozi se ne sla\u017eu s tom tvrdnjom. Ipak, prema nekim izvorima, bra\u010dki kamen se je koristio prilikom renoviranja Bijele ku\u0107e 1902. godine i to za izradu kamina. Takvu tvrdnju potkrjepljuje ra\u010dun po kojem je trgovac iz Austro-Ugarske izvezao 3 broda prvoklasnog bra\u010dkog kamena u Ameriku.<\/p><h3><i class=\"fas fa-check-circle\" style=\"color: #67b7a7;\"><\/i> Vje\u010dni materijal iz Tesline domovine<\/h3><p>Nikolu Teslu i ovaj sat povezuje i domovina. Bra\u010dki kamen vadi se na otoku Bra\u010du u Hrvatskoj, samo oko 170 km (105 milja) udaljenog od Smiljana, rodnog mjesta Nikole Tesle.<\/p><p>Teslin veliki prijatelj, Ivan Me\u0161trovi\u0107, hrvatsko-ameri\u010dki kipar svjetskog glasa, preferirao je bra\u010dki kamen u izradi svojih skulptura.<\/p><p>Kamen je vje\u010dni materijal, pa \u0107e ovaj sat ostati spomenik i posveta Nikoli Tesli dugi niz godina, ba\u0161 kao i izumi Nikole Tesle kojima je zadu\u017eio \u010dovje\u010danstvo.<\/p><h3><i class=\"fas fa-check-circle\" style=\"color: #67b7a7;\"><\/i> Sat koji \u0107e vas inspirirati<\/h3><p>Svi mi trebamo inspiraciju u \u017eivotu, a Nikola Tesla je odli\u010dan uzor. Da, on je bio genij, ali prava veli\u010dina Nikole Tesle je u tome \u0161to je \u017eelio svijet u\u010diniti boljim mjestom. Sanjao je svijet gdje je energija besplatna i slu\u017ei \u010dovje\u010danstvu. Cijeli svoj \u017eivot i sav novac koji je zaradio ulo\u017eio je u realizaciju te ideje.<\/p><h3><i class=\"fas fa-check-circle\" style=\"color: #67b7a7;\"><\/i> Sat koji je odli\u010dan dodatak va\u0161em domu ili uredu<\/h3><p>Sat izra\u0111en od bijelog bra\u010dkog kamena s citatom i likom Nikole Tesle odli\u010dno \u0107e se uklopiti u va\u0161 dom ili ured. Nikola Tesla je svojim izumima zadu\u017eio \u010dovje\u010danstvo, a za to nije dobio zaslu\u017eeno priznanje. Za neka njegova otkri\u0107a Nobelove nagrade su dobili neki drugi znanstvenici. \u010cuvanjem sje\u0107anja na Nikolu Teslu ispravljamo tu nepravdu.<\/p><p><strong>Deklaracija proizvoda<\/strong><\/p><p>Zemlja porijekla: EU, Hrvatska<br \/>Proizvedeno za: TESLA d.o.o., \u0110ure Arnolda 8, Ivanec<br \/>Naziv proizvoda: Nikola Tesla zidni sat &#8211; Pojave u prirodi (CRO verzija)<br \/>\u0160ifra proizvoda: MP001-02<br \/>Sirovinski sastav: bra\u010dki kamen<br \/>Te\u017eina: 1,6 kg<br \/>Veli\u010dine: promjera 30 cm x \u0161irina 1 cm<\/p><p>Postupak odr\u017eavanja: Ne preporu\u010da se kori\u0161tenje nagrizaju\u0107ih sredstava i sna\u017enih deterd\u017eenata.<br \/>Upute za kori\u0161tenje: baterija AAA 1 komad nije uklju\u010dena u dostavu.<\/p>\t\t\t\t\t\t<\/div>\n\t\t\t\t<\/div>\n\t\t\t\t\t<\/div>\n\t\t<\/div>\n\t\t\t\t\t\t\t<\/div>\n\t\t<\/section>\n\t\t\t\t\t\t\t<\/div>\n\t\t","protected":false},"excerpt":{"rendered":"<p>Zidni sat Nikola Tesla s likom i citatom na hrvatskom jeziku izra\u0111en je iz visoko-kvalitetnog bra\u010dkog kamena koji je po svojoj kvaliteti poznat \u0161irom svijeta. Ovaj zidni sat izra\u010den je u maloj seriji te ima i kolekcionarsku vrijednost&#8230;.<\/p>\n","protected":false},"featured_media":9211,"comment_status":"open","ping_status":"closed","template":"","meta":{"inline_featured_image":false},"product_cat":[196,120],"product_tag":[],"class_list":["post-7848","product","type-product","status-publish","has-post-thumbnail","hentry","product_cat-autenticni-proizvodi","product_cat-predmeti"],"etheme_brands":{"errors":{"invalid_taxonomy":["Nevaljana taksonomija."]},"error_data":[]},"yoast_head":"<!-- This site is optimized with the Yoast SEO plugin v19.10 - https:\/\/yoast.com\/wordpress\/plugins\/seo\/ -->\n<title>Nikola Tesla zidni sat - Pojave u prirodi (CRO verzija) - Nikola Tesla Legend Store<\/title>\n<meta name=\"description\" content=\"Tesla satovi nude originalne dizajne s likom slavnog znanstvenika. Promovirajte svjetliju budu\u0107nost uz Tesla sat. Do\u0111ite i pregledajte ih!\" \/>\n<meta name=\"robots\" content=\"index, follow, max-snippet:-1, max-image-preview:large, max-video-preview:-1\" \/>\n<link rel=\"canonical\" href=\"https:\/\/store.nikolateslalegend.com\/hr\/proizvod\/nikola-tesla-zidni-sat-pojave-u-prirodi-cro-verzija\/\" \/>\n<meta property=\"og:locale\" content=\"hr_HR\" \/>\n<meta property=\"og:type\" content=\"article\" \/>\n<meta property=\"og:title\" content=\"Nikola Tesla zidni sat - Pojave u prirodi (CRO verzija) - Nikola Tesla Legend Store\" \/>\n<meta property=\"og:description\" content=\"Tesla satovi nude originalne dizajne s likom slavnog znanstvenika. Promovirajte svjetliju budu\u0107nost uz Tesla sat. Do\u0111ite i pregledajte ih!\" \/>\n<meta property=\"og:url\" content=\"https:\/\/store.nikolateslalegend.com\/hr\/proizvod\/nikola-tesla-zidni-sat-pojave-u-prirodi-cro-verzija\/\" \/>\n<meta property=\"og:site_name\" content=\"Nikola Tesla Legend Store\" \/>\n<meta property=\"article:publisher\" content=\"https:\/\/www.facebook.com\/NikolaTeslaLegend\/\" \/>\n<meta property=\"article:modified_time\" content=\"2025-01-07T10:01:40+00:00\" \/>\n<meta property=\"og:image\" content=\"https:\/\/store.nikolateslalegend.com\/wp-content\/uploads\/2022\/03\/Nikola-Tesla-zidni-sat-HR-citat-02-01.jpg\" \/>\n\t<meta property=\"og:image:width\" content=\"1200\" \/>\n\t<meta property=\"og:image:height\" content=\"800\" \/>\n\t<meta property=\"og:image:type\" content=\"image\/jpeg\" \/>\n<meta name=\"twitter:card\" content=\"summary_large_image\" \/>\n<meta name=\"twitter:site\" content=\"@NikolaTeslaL\" \/>\n<meta name=\"twitter:label1\" content=\"Procijenjeno vrijeme \u010ditanja\" \/>\n\t<meta name=\"twitter:data1\" content=\"3 minute\" \/>\n<script type=\"application\/ld+json\" class=\"yoast-schema-graph\">{\"@context\":\"https:\/\/schema.org\",\"@graph\":[{\"@type\":\"WebPage\",\"@id\":\"https:\/\/store.nikolateslalegend.com\/hr\/proizvod\/nikola-tesla-zidni-sat-pojave-u-prirodi-cro-verzija\/\",\"url\":\"https:\/\/store.nikolateslalegend.com\/hr\/proizvod\/nikola-tesla-zidni-sat-pojave-u-prirodi-cro-verzija\/\",\"name\":\"Nikola Tesla zidni sat - Pojave u prirodi (CRO verzija) - Nikola Tesla Legend Store\",\"isPartOf\":{\"@id\":\"https:\/\/store.nikolateslalegend.com\/hr\/#website\"},\"datePublished\":\"2022-03-28T16:09:16+00:00\",\"dateModified\":\"2025-01-07T10:01:40+00:00\",\"description\":\"Tesla satovi nude originalne dizajne s likom slavnog znanstvenika. Promovirajte svjetliju budu\u0107nost uz Tesla sat. Do\u0111ite i pregledajte ih!\",\"breadcrumb\":{\"@id\":\"https:\/\/store.nikolateslalegend.com\/hr\/proizvod\/nikola-tesla-zidni-sat-pojave-u-prirodi-cro-verzija\/#breadcrumb\"},\"inLanguage\":\"hr\",\"potentialAction\":[{\"@type\":\"ReadAction\",\"target\":[\"https:\/\/store.nikolateslalegend.com\/hr\/proizvod\/nikola-tesla-zidni-sat-pojave-u-prirodi-cro-verzija\/\"]}]},{\"@type\":\"BreadcrumbList\",\"@id\":\"https:\/\/store.nikolateslalegend.com\/hr\/proizvod\/nikola-tesla-zidni-sat-pojave-u-prirodi-cro-verzija\/#breadcrumb\",\"itemListElement\":[{\"@type\":\"ListItem\",\"position\":1,\"name\":\"Home\",\"item\":\"https:\/\/store.nikolateslalegend.com\/hr\/nikola-tesla-legend-web-trgovina\/\"},{\"@type\":\"ListItem\",\"position\":2,\"name\":\"Trgovina\",\"item\":\"https:\/\/store.nikolateslalegend.com\/hr\/trgovina\/\"},{\"@type\":\"ListItem\",\"position\":3,\"name\":\"Nikola Tesla zidni sat &#8211; Pojave u prirodi (CRO verzija)\"}]},{\"@type\":\"WebSite\",\"@id\":\"https:\/\/store.nikolateslalegend.com\/hr\/#website\",\"url\":\"https:\/\/store.nikolateslalegend.com\/hr\/\",\"name\":\"Nikola Tesla Legend Store\",\"description\":\"Nikola Tesla Legend Store\",\"potentialAction\":[{\"@type\":\"SearchAction\",\"target\":{\"@type\":\"EntryPoint\",\"urlTemplate\":\"https:\/\/store.nikolateslalegend.com\/hr\/?s={search_term_string}\"},\"query-input\":\"required name=search_term_string\"}],\"inLanguage\":\"hr\"}]}<\/script>\n<!-- \/ Yoast SEO plugin. -->","yoast_head_json":{"title":"Nikola Tesla zidni sat - Pojave u prirodi (CRO verzija) - Nikola Tesla Legend Store","description":"Tesla satovi nude originalne dizajne s likom slavnog znanstvenika. Promovirajte svjetliju budu\u0107nost uz Tesla sat. Do\u0111ite i pregledajte ih!","robots":{"index":"index","follow":"follow","max-snippet":"max-snippet:-1","max-image-preview":"max-image-preview:large","max-video-preview":"max-video-preview:-1"},"canonical":"https:\/\/store.nikolateslalegend.com\/hr\/proizvod\/nikola-tesla-zidni-sat-pojave-u-prirodi-cro-verzija\/","og_locale":"hr_HR","og_type":"article","og_title":"Nikola Tesla zidni sat - Pojave u prirodi (CRO verzija) - Nikola Tesla Legend Store","og_description":"Tesla satovi nude originalne dizajne s likom slavnog znanstvenika. Promovirajte svjetliju budu\u0107nost uz Tesla sat. Do\u0111ite i pregledajte ih!","og_url":"https:\/\/store.nikolateslalegend.com\/hr\/proizvod\/nikola-tesla-zidni-sat-pojave-u-prirodi-cro-verzija\/","og_site_name":"Nikola Tesla Legend Store","article_publisher":"https:\/\/www.facebook.com\/NikolaTeslaLegend\/","article_modified_time":"2025-01-07T10:01:40+00:00","og_image":[{"width":1200,"height":800,"url":"https:\/\/store.nikolateslalegend.com\/wp-content\/uploads\/2022\/03\/Nikola-Tesla-zidni-sat-HR-citat-02-01.jpg","type":"image\/jpeg"}],"twitter_card":"summary_large_image","twitter_site":"@NikolaTeslaL","twitter_misc":{"Procijenjeno vrijeme \u010ditanja":"3 minute"},"schema":{"@context":"https:\/\/schema.org","@graph":[{"@type":"WebPage","@id":"https:\/\/store.nikolateslalegend.com\/hr\/proizvod\/nikola-tesla-zidni-sat-pojave-u-prirodi-cro-verzija\/","url":"https:\/\/store.nikolateslalegend.com\/hr\/proizvod\/nikola-tesla-zidni-sat-pojave-u-prirodi-cro-verzija\/","name":"Nikola Tesla zidni sat - Pojave u prirodi (CRO verzija) - Nikola Tesla Legend Store","isPartOf":{"@id":"https:\/\/store.nikolateslalegend.com\/hr\/#website"},"datePublished":"2022-03-28T16:09:16+00:00","dateModified":"2025-01-07T10:01:40+00:00","description":"Tesla satovi nude originalne dizajne s likom slavnog znanstvenika. Promovirajte svjetliju budu\u0107nost uz Tesla sat. Do\u0111ite i pregledajte ih!","breadcrumb":{"@id":"https:\/\/store.nikolateslalegend.com\/hr\/proizvod\/nikola-tesla-zidni-sat-pojave-u-prirodi-cro-verzija\/#breadcrumb"},"inLanguage":"hr","potentialAction":[{"@type":"ReadAction","target":["https:\/\/store.nikolateslalegend.com\/hr\/proizvod\/nikola-tesla-zidni-sat-pojave-u-prirodi-cro-verzija\/"]}]},{"@type":"BreadcrumbList","@id":"https:\/\/store.nikolateslalegend.com\/hr\/proizvod\/nikola-tesla-zidni-sat-pojave-u-prirodi-cro-verzija\/#breadcrumb","itemListElement":[{"@type":"ListItem","position":1,"name":"Home","item":"https:\/\/store.nikolateslalegend.com\/hr\/nikola-tesla-legend-web-trgovina\/"},{"@type":"ListItem","position":2,"name":"Trgovina","item":"https:\/\/store.nikolateslalegend.com\/hr\/trgovina\/"},{"@type":"ListItem","position":3,"name":"Nikola Tesla zidni sat &#8211; Pojave u prirodi (CRO verzija)"}]},{"@type":"WebSite","@id":"https:\/\/store.nikolateslalegend.com\/hr\/#website","url":"https:\/\/store.nikolateslalegend.com\/hr\/","name":"Nikola Tesla Legend Store","description":"Nikola Tesla Legend Store","potentialAction":[{"@type":"SearchAction","target":{"@type":"EntryPoint","urlTemplate":"https:\/\/store.nikolateslalegend.com\/hr\/?s={search_term_string}"},"query-input":"required name=search_term_string"}],"inLanguage":"hr"}]}},"_links":{"self":[{"href":"https:\/\/store.nikolateslalegend.com\/hr\/wp-json\/wp\/v2\/product\/7848","targetHints":{"allow":["GET"]}}],"collection":[{"href":"https:\/\/store.nikolateslalegend.com\/hr\/wp-json\/wp\/v2\/product"}],"about":[{"href":"https:\/\/store.nikolateslalegend.com\/hr\/wp-json\/wp\/v2\/types\/product"}],"replies":[{"embeddable":true,"href":"https:\/\/store.nikolateslalegend.com\/hr\/wp-json\/wp\/v2\/comments?post=7848"}],"version-history":[{"count":9,"href":"https:\/\/store.nikolateslalegend.com\/hr\/wp-json\/wp\/v2\/product\/7848\/revisions"}],"predecessor-version":[{"id":13147,"href":"https:\/\/store.nikolateslalegend.com\/hr\/wp-json\/wp\/v2\/product\/7848\/revisions\/13147"}],"wp:featuredmedia":[{"embeddable":true,"href":"https:\/\/store.nikolateslalegend.com\/hr\/wp-json\/wp\/v2\/media\/9211"}],"wp:attachment":[{"href":"https:\/\/store.nikolateslalegend.com\/hr\/wp-json\/wp\/v2\/media?parent=7848"}],"wp:term":[{"taxonomy":"product_cat","embeddable":true,"href":"https:\/\/store.nikolateslalegend.com\/hr\/wp-json\/wp\/v2\/product_cat?post=7848"},{"taxonomy":"product_tag","embeddable":true,"href":"https:\/\/store.nikolateslalegend.com\/hr\/wp-json\/wp\/v2\/product_tag?post=7848"}],"curies":[{"name":"wp","href":"https:\/\/api.w.org\/{rel}","templated":true}]}}