{"id":7803,"date":"2022-03-28T13:37:37","date_gmt":"2022-03-28T12:37:37","guid":{"rendered":"https:\/\/store.nikolateslalegend.com\/product\/nikola-tesla-majica\/"},"modified":"2023-01-03T10:28:33","modified_gmt":"2023-01-03T09:28:33","slug":"majica-nikola-tesla-potpis","status":"publish","type":"product","link":"https:\/\/store.nikolateslalegend.com\/hr\/proizvod\/majica-nikola-tesla-potpis\/","title":{"rendered":"Majica Nikola Tesla potpis"},"content":{"rendered":"\t\t<div data-elementor-type=\"wp-post\" data-elementor-id=\"7803\" class=\"elementor elementor-7803 elementor-7785\">\n\t\t\t\t\t\t\t\t\t<section class=\"elementor-section elementor-top-section elementor-element elementor-element-2bab231 elementor-section-boxed elementor-section-height-default elementor-section-height-default\" data-id=\"2bab231\" data-element_type=\"section\">\n\t\t\t\t\t\t<div class=\"elementor-container elementor-column-gap-default\">\n\t\t\t\t\t<div class=\"elementor-column elementor-col-100 elementor-top-column elementor-element elementor-element-47f42b98\" data-id=\"47f42b98\" data-element_type=\"column\">\n\t\t\t<div class=\"elementor-widget-wrap elementor-element-populated\">\n\t\t\t\t\t\t\t\t<div class=\"elementor-element elementor-element-ec4993 elementor-widget elementor-widget-text-editor\" data-id=\"ec4993\" data-element_type=\"widget\" data-widget_type=\"text-editor.default\">\n\t\t\t\t<div class=\"elementor-widget-container\">\n\t\t\t<style>\/*! elementor - v3.8.1 - 13-11-2022 *\/\n.elementor-widget-text-editor.elementor-drop-cap-view-stacked .elementor-drop-cap{background-color:#818a91;color:#fff}.elementor-widget-text-editor.elementor-drop-cap-view-framed .elementor-drop-cap{color:#818a91;border:3px solid;background-color:transparent}.elementor-widget-text-editor:not(.elementor-drop-cap-view-default) .elementor-drop-cap{margin-top:8px}.elementor-widget-text-editor:not(.elementor-drop-cap-view-default) .elementor-drop-cap-letter{width:1em;height:1em}.elementor-widget-text-editor .elementor-drop-cap{float:left;text-align:center;line-height:1;font-size:50px}.elementor-widget-text-editor .elementor-drop-cap-letter{display:inline-block}<\/style>\t\t\t\t<p>Majica Nikola Tesla je visokokvalitetna majica s motivima povezanim s Nikolom Teslom. Odlikuje je originalni dizajn, kvalitetni materijali i tisak. Ova majica iskazuje va\u0161 pozitivan \u017eivotni stav, \u017eelju za boljim svijetom i zahvalnost prema jednom od najve\u0107ih izumitelja svih vremena.<\/p><h3><strong>Nekoliko razloga za\u0161to bi ste trebali kupiti ovu majicu? <\/strong><\/h3><h3><i class=\"fas fa-check-circle\" style=\"color: #67b7a7;\"><\/i> Majice su savr\u0161en poklon, a posebno Nikola Tesla Legend majice.<\/h3><p>Evo nekoliko razloga za\u0161to su Nikola Tesla Legend majice savr\u0161en poklon.<\/p><ul class=\"circle\"><li>Svi nose majice i tu ne mo\u017eete pogrije\u0161iti<\/li><li>Nikola Tesla Legend majice su elegantne i sa stilom<\/li><li>To je poklon koji ima trajnu vrijednost<\/li><li>Zaljubljenike u tehnologiju i znanost \u0107e obradovati majica s motivima Nikole Tesle<\/li><li>Fanovi Nikole Tesle \u0107e biti jednostavno odu\u0161evljeni<\/li><\/ul><h3><i class=\"fas fa-check-circle\" style=\"color: #67b7a7;\"><\/i> Visoka kvaliteta<\/h3><p>Nikola Tesla Legend majice izra\u0111uju se iz visokokvalitetnih materijala. Majice su izra\u0111ene od pamuka izuzetne kakvo\u0107e s kvalitetnim i izdr\u017eljivim tiskom. Na\u0161e majice ostavljaju dojam kvalitete i u njima \u0107ete se osje\u0107ati ugodno.<\/p><h3><i class=\"fas fa-check-circle\" style=\"color: #67b7a7;\"><\/i> Originalni dizajn<\/h3><p>Nikola Tesla Legend majice mo\u017eete prona\u0107i samo na na\u0161oj web trgovini. Dizajn majica je originalan, a majice proizvodimo u malim serijama. Nikola Tesla Legend majice vam omogu\u0107uju da i bi budete originalni i s prepoznatljivim stilom.<\/p><h3><i class=\"fas fa-check-circle\" style=\"color: #67b7a7;\"><\/i> Prilika da poka\u017eite svoj stav i osobnost<\/h3><p>Nikola Tesla Legend majice su dobar na\u010din da poka\u017eete va\u0161 stav, stil, interese i osobnost. Nikola Tesla je bio legendarni znanstvenik i izumitelj koji je omogu\u0107io tehnolo\u0161ki razvoj \u010dovje\u010danstva u 20-tom stolje\u0107u. Iako je imao priliku biti me\u0111u najbogatijim ljudima svojeg vremena, on je sav svoj imetak potro\u0161io na ostvarenje svojeg \u017eivotnog sna. Nikola Tesla je \u017eelio osigurati besplatnu energiju za cijelo \u010dovje\u010danstvo. Zamislite svijet gdje je energija besplatna i beskona\u010dna? To bi bio svijet gdje ne bi bilo gladnih, svijet gdje se ne bi vodili ratovi zbog energije i sa nezamislivim tehnolo\u0161kim mogu\u0107ostima.<\/p><h3><i class=\"fas fa-check-circle\" style=\"color: #67b7a7;\"><\/i> Ispravimo nepravdu prema Nikoli Tesli<\/h3><p>Iako su Teslini izumi i otkri\u0107a omogu\u0107ili tehnolo\u0161ki razvoj \u010dovje\u010danstva, on za to nije dobio zaslu\u017eeno priznanje i slavu. Puno godina nakon svoje smrti bio je gotovo zaboravljen. Mnogi njegovi izumi i otkri\u0107a su drugi znanstvenici predstavili kao svoje i za to dobili brojne nagrade i priznanja. Nekoliko Nobelovih nagrada je dodijeljeno za otkri\u0107a bazirana na njegovom radu, a on nikad nije dobio Nobelovu nagradu iako ju je zaslu\u017eio. Kupovinom majice i vi poma\u017eete da Nikola Tesla ne bude zaboravljen i da legenda o Nikoli Tesli \u017eivi i dalje.<\/p><p><strong>Deklaracija proizvoda<\/strong><\/p><p>Zemlja porijekla: EU, Hrvatska<br \/>Proizvedeno za: TESLA d.o.o., \u0110ure Arnolda 8, Ivanec<br \/>Naziv proizvoda: Majica Nikola Tesla potpis<br \/>\u0160ifra proizvoda: MP004-04<br \/>Model: kratki rukav<br \/>Boja: Crna<br \/>Veli\u010dina: S\/M\/L\/XL\/2XL<br \/>Sirovinski sastav: 100% PAMUK<\/p><p>Postupak odr\u017eavanja: Ne preporu\u010da se pranje na visokim temperaturama kao ni prelazak gla\u010dalom preko tiska. Kori\u0161tenje nagrizaju\u0107ih sredstava i sna\u017enih deterd\u017eenata mo\u017ee izazvati reakciju s bojama i o\u0161tetiti proizvod. Detaljnije upute i preporuke dostupne su na etiketi proizvoda.<\/p>\t\t\t\t\t\t<\/div>\n\t\t\t\t<\/div>\n\t\t\t\t\t<\/div>\n\t\t<\/div>\n\t\t\t\t\t\t\t<\/div>\n\t\t<\/section>\n\t\t\t\t\t\t\t<\/div>\n\t\t","protected":false},"excerpt":{"rendered":"<p>Majica Nikola Tesla je visokokvalitetna majica s motivima povezanim s Nikolom Teslom. Odlikuje je originalni dizajn, kvalitetni materijali i tisak. Ova majica iskazuje va\u0161 pozitivan \u017eivotni stav, \u017eelju za boljim svijetom i zahvalnost prema jednom od najve\u0107ih izumitelja&#8230;<\/p>\n","protected":false},"featured_media":7793,"comment_status":"open","ping_status":"closed","template":"","meta":{"inline_featured_image":false},"product_cat":[254,114],"product_tag":[],"class_list":["post-7803","product","type-product","status-publish","has-post-thumbnail","hentry","product_cat-tesla-majice-hr-2","product_cat-odjeca"],"etheme_brands":{"errors":{"invalid_taxonomy":["Nevaljana taksonomija."]},"error_data":[]},"yoast_head":"<!-- This site is optimized with the Yoast SEO plugin v19.10 - https:\/\/yoast.com\/wordpress\/plugins\/seo\/ -->\n<title>Majica Nikola Tesla potpis - Nikola Tesla Legend Store<\/title>\n<meta name=\"description\" content=\"Tesla majice nude originalne dizajne s likom slavnog znanstvenika. Promovirajte svjetliju budu\u0107nost uz Tesla majicu. Do\u0111ite i pregledajte ih!\" \/>\n<meta name=\"robots\" content=\"index, follow, max-snippet:-1, max-image-preview:large, max-video-preview:-1\" \/>\n<link rel=\"canonical\" href=\"https:\/\/store.nikolateslalegend.com\/hr\/proizvod\/majica-nikola-tesla-potpis\/\" \/>\n<meta property=\"og:locale\" content=\"hr_HR\" \/>\n<meta property=\"og:type\" content=\"article\" \/>\n<meta property=\"og:title\" content=\"Majica Nikola Tesla potpis - Nikola Tesla Legend Store\" \/>\n<meta property=\"og:description\" content=\"Tesla majice nude originalne dizajne s likom slavnog znanstvenika. Promovirajte svjetliju budu\u0107nost uz Tesla majicu. Do\u0111ite i pregledajte ih!\" \/>\n<meta property=\"og:url\" content=\"https:\/\/store.nikolateslalegend.com\/hr\/proizvod\/majica-nikola-tesla-potpis\/\" \/>\n<meta property=\"og:site_name\" content=\"Nikola Tesla Legend Store\" \/>\n<meta property=\"article:publisher\" content=\"https:\/\/www.facebook.com\/NikolaTeslaLegend\/\" \/>\n<meta property=\"article:modified_time\" content=\"2023-01-03T09:28:33+00:00\" \/>\n<meta property=\"og:image\" content=\"https:\/\/store.nikolateslalegend.com\/wp-content\/uploads\/2022\/03\/nikola-tesla-t-shirt-nikolateslalegend-product.jpg\" \/>\n\t<meta property=\"og:image:width\" content=\"1200\" \/>\n\t<meta property=\"og:image:height\" content=\"889\" \/>\n\t<meta property=\"og:image:type\" content=\"image\/jpeg\" \/>\n<meta name=\"twitter:card\" content=\"summary_large_image\" \/>\n<meta name=\"twitter:site\" content=\"@NikolaTeslaL\" \/>\n<meta name=\"twitter:label1\" content=\"Procijenjeno vrijeme \u010ditanja\" \/>\n\t<meta name=\"twitter:data1\" content=\"3 minute\" \/>\n<script type=\"application\/ld+json\" class=\"yoast-schema-graph\">{\"@context\":\"https:\/\/schema.org\",\"@graph\":[{\"@type\":\"WebPage\",\"@id\":\"https:\/\/store.nikolateslalegend.com\/hr\/proizvod\/majica-nikola-tesla-potpis\/\",\"url\":\"https:\/\/store.nikolateslalegend.com\/hr\/proizvod\/majica-nikola-tesla-potpis\/\",\"name\":\"Majica Nikola Tesla potpis - Nikola Tesla Legend Store\",\"isPartOf\":{\"@id\":\"https:\/\/store.nikolateslalegend.com\/hr\/#website\"},\"datePublished\":\"2022-03-28T12:37:37+00:00\",\"dateModified\":\"2023-01-03T09:28:33+00:00\",\"description\":\"Tesla majice nude originalne dizajne s likom slavnog znanstvenika. Promovirajte svjetliju budu\u0107nost uz Tesla majicu. Do\u0111ite i pregledajte ih!\",\"breadcrumb\":{\"@id\":\"https:\/\/store.nikolateslalegend.com\/hr\/proizvod\/majica-nikola-tesla-potpis\/#breadcrumb\"},\"inLanguage\":\"hr\",\"potentialAction\":[{\"@type\":\"ReadAction\",\"target\":[\"https:\/\/store.nikolateslalegend.com\/hr\/proizvod\/majica-nikola-tesla-potpis\/\"]}]},{\"@type\":\"BreadcrumbList\",\"@id\":\"https:\/\/store.nikolateslalegend.com\/hr\/proizvod\/majica-nikola-tesla-potpis\/#breadcrumb\",\"itemListElement\":[{\"@type\":\"ListItem\",\"position\":1,\"name\":\"Home\",\"item\":\"https:\/\/store.nikolateslalegend.com\/hr\/nikola-tesla-legend-web-trgovina\/\"},{\"@type\":\"ListItem\",\"position\":2,\"name\":\"Trgovina\",\"item\":\"https:\/\/store.nikolateslalegend.com\/hr\/trgovina\/\"},{\"@type\":\"ListItem\",\"position\":3,\"name\":\"Majica Nikola Tesla potpis\"}]},{\"@type\":\"WebSite\",\"@id\":\"https:\/\/store.nikolateslalegend.com\/hr\/#website\",\"url\":\"https:\/\/store.nikolateslalegend.com\/hr\/\",\"name\":\"Nikola Tesla Legend Store\",\"description\":\"Nikola Tesla Legend Store\",\"potentialAction\":[{\"@type\":\"SearchAction\",\"target\":{\"@type\":\"EntryPoint\",\"urlTemplate\":\"https:\/\/store.nikolateslalegend.com\/hr\/?s={search_term_string}\"},\"query-input\":\"required name=search_term_string\"}],\"inLanguage\":\"hr\"}]}<\/script>\n<!-- \/ Yoast SEO plugin. -->","yoast_head_json":{"title":"Majica Nikola Tesla potpis - Nikola Tesla Legend Store","description":"Tesla majice nude originalne dizajne s likom slavnog znanstvenika. Promovirajte svjetliju budu\u0107nost uz Tesla majicu. Do\u0111ite i pregledajte ih!","robots":{"index":"index","follow":"follow","max-snippet":"max-snippet:-1","max-image-preview":"max-image-preview:large","max-video-preview":"max-video-preview:-1"},"canonical":"https:\/\/store.nikolateslalegend.com\/hr\/proizvod\/majica-nikola-tesla-potpis\/","og_locale":"hr_HR","og_type":"article","og_title":"Majica Nikola Tesla potpis - Nikola Tesla Legend Store","og_description":"Tesla majice nude originalne dizajne s likom slavnog znanstvenika. Promovirajte svjetliju budu\u0107nost uz Tesla majicu. Do\u0111ite i pregledajte ih!","og_url":"https:\/\/store.nikolateslalegend.com\/hr\/proizvod\/majica-nikola-tesla-potpis\/","og_site_name":"Nikola Tesla Legend Store","article_publisher":"https:\/\/www.facebook.com\/NikolaTeslaLegend\/","article_modified_time":"2023-01-03T09:28:33+00:00","og_image":[{"width":1200,"height":889,"url":"https:\/\/store.nikolateslalegend.com\/wp-content\/uploads\/2022\/03\/nikola-tesla-t-shirt-nikolateslalegend-product.jpg","type":"image\/jpeg"}],"twitter_card":"summary_large_image","twitter_site":"@NikolaTeslaL","twitter_misc":{"Procijenjeno vrijeme \u010ditanja":"3 minute"},"schema":{"@context":"https:\/\/schema.org","@graph":[{"@type":"WebPage","@id":"https:\/\/store.nikolateslalegend.com\/hr\/proizvod\/majica-nikola-tesla-potpis\/","url":"https:\/\/store.nikolateslalegend.com\/hr\/proizvod\/majica-nikola-tesla-potpis\/","name":"Majica Nikola Tesla potpis - Nikola Tesla Legend Store","isPartOf":{"@id":"https:\/\/store.nikolateslalegend.com\/hr\/#website"},"datePublished":"2022-03-28T12:37:37+00:00","dateModified":"2023-01-03T09:28:33+00:00","description":"Tesla majice nude originalne dizajne s likom slavnog znanstvenika. Promovirajte svjetliju budu\u0107nost uz Tesla majicu. Do\u0111ite i pregledajte ih!","breadcrumb":{"@id":"https:\/\/store.nikolateslalegend.com\/hr\/proizvod\/majica-nikola-tesla-potpis\/#breadcrumb"},"inLanguage":"hr","potentialAction":[{"@type":"ReadAction","target":["https:\/\/store.nikolateslalegend.com\/hr\/proizvod\/majica-nikola-tesla-potpis\/"]}]},{"@type":"BreadcrumbList","@id":"https:\/\/store.nikolateslalegend.com\/hr\/proizvod\/majica-nikola-tesla-potpis\/#breadcrumb","itemListElement":[{"@type":"ListItem","position":1,"name":"Home","item":"https:\/\/store.nikolateslalegend.com\/hr\/nikola-tesla-legend-web-trgovina\/"},{"@type":"ListItem","position":2,"name":"Trgovina","item":"https:\/\/store.nikolateslalegend.com\/hr\/trgovina\/"},{"@type":"ListItem","position":3,"name":"Majica Nikola Tesla potpis"}]},{"@type":"WebSite","@id":"https:\/\/store.nikolateslalegend.com\/hr\/#website","url":"https:\/\/store.nikolateslalegend.com\/hr\/","name":"Nikola Tesla Legend Store","description":"Nikola Tesla Legend Store","potentialAction":[{"@type":"SearchAction","target":{"@type":"EntryPoint","urlTemplate":"https:\/\/store.nikolateslalegend.com\/hr\/?s={search_term_string}"},"query-input":"required name=search_term_string"}],"inLanguage":"hr"}]}},"_links":{"self":[{"href":"https:\/\/store.nikolateslalegend.com\/hr\/wp-json\/wp\/v2\/product\/7803","targetHints":{"allow":["GET"]}}],"collection":[{"href":"https:\/\/store.nikolateslalegend.com\/hr\/wp-json\/wp\/v2\/product"}],"about":[{"href":"https:\/\/store.nikolateslalegend.com\/hr\/wp-json\/wp\/v2\/types\/product"}],"replies":[{"embeddable":true,"href":"https:\/\/store.nikolateslalegend.com\/hr\/wp-json\/wp\/v2\/comments?post=7803"}],"version-history":[{"count":9,"href":"https:\/\/store.nikolateslalegend.com\/hr\/wp-json\/wp\/v2\/product\/7803\/revisions"}],"predecessor-version":[{"id":13122,"href":"https:\/\/store.nikolateslalegend.com\/hr\/wp-json\/wp\/v2\/product\/7803\/revisions\/13122"}],"wp:featuredmedia":[{"embeddable":true,"href":"https:\/\/store.nikolateslalegend.com\/hr\/wp-json\/wp\/v2\/media\/7793"}],"wp:attachment":[{"href":"https:\/\/store.nikolateslalegend.com\/hr\/wp-json\/wp\/v2\/media?parent=7803"}],"wp:term":[{"taxonomy":"product_cat","embeddable":true,"href":"https:\/\/store.nikolateslalegend.com\/hr\/wp-json\/wp\/v2\/product_cat?post=7803"},{"taxonomy":"product_tag","embeddable":true,"href":"https:\/\/store.nikolateslalegend.com\/hr\/wp-json\/wp\/v2\/product_tag?post=7803"}],"curies":[{"name":"wp","href":"https:\/\/api.w.org\/{rel}","templated":true}]}}