{"id":11930,"date":"2022-11-19T09:00:31","date_gmt":"2022-11-19T08:00:31","guid":{"rendered":"https:\/\/store.nikolateslalegend.com\/product\/premium-canvas-free-energy-unlimited\/"},"modified":"2023-01-01T12:28:26","modified_gmt":"2023-01-01T11:28:26","slug":"premium-tesla-canvas-free-energy-unlimited","status":"publish","type":"product","link":"https:\/\/store.nikolateslalegend.com\/hr\/proizvod\/premium-tesla-canvas-free-energy-unlimited\/","title":{"rendered":"Premium Tesla canvas Free Energy Unlimited"},"content":{"rendered":"<ul class=\"circle\">\n<li>Platneni okviri izra\u0111eni su od FSC\u00ae certificiranog drva (kada nije dostupan PEFC ili ekvivalent)<\/li>\n<li>Tanko platno ima okvir debljine 2-3 cm (0,8-1,2 in\u010da)<\/li>\n<li>Isporu\u010duje se u za\u0161titnim pakiranjima i \u010dvrstim kutijama kako se ne bi o\u0161tetila tijekom transporta<\/li>\n<li>Komplet za monta\u017eu uklju\u010den<\/li>\n<\/ul>\n<h3><i class=\"fas fa-check-circle\" style=\"color: #67b7a7\"><\/i>\u00a0Tesla Canvas \u2013 odli\u010dna ideja za poklon<\/h3>\n<p>Ako je osoba kojoj kupujete poklon zainteresirana za znanost, tehnologiju i obrazovanje, canvas tematski vezan uz Nikolu Teslu \u0107e je zasigurno odu\u0161eviti.<\/p>\n<h3><i class=\"fas fa-check-circle\" style=\"color: #67b7a7\"><\/i> Originalni canvasi<\/h3>\n<p>Sami dizajniramo Nikola Tesla Legend canvase te ih ne mo\u017eete kupiti nigdje drugdje \u0161to ih kao takve \u010dini gotovo unikatnim ukrasima za va\u0161 dom. Tiskamo ih u malim serijama \u010dime im se pridodaje kolekcionarska vrijednost.<\/p>\n<h3><i class=\"fas fa-check-circle\" style=\"color: #67b7a7\"><\/i> Savr\u0161ena dekoracija za va\u0161 dom<\/h3>\n<p>Na\u0161i canvasi lijepog dizajna i zanimljivih motiva zra\u010de osobno\u0161\u0107u Nikole Tesle. Canvasi tematski povezani s Nikolom Teslom \u0107e ukrasiti va\u0161 dom ili ured te prenijeti va\u0161im gostima va\u0161 stil i istovjetnu osobnost.<\/p>\n<h3><i class=\"fas fa-check-circle\" style=\"color: #67b7a7\"><\/i> Nikola Tesla \u0107e vas inspirirati<\/h3>\n<p>Nikola Tesla je znanstvenik i izumitelj \u010dija \u017eivotna pri\u010da nikoga ne ostavlja ravnodu\u0161nim. Rodio se u malom zaba\u010denom selu u dana\u0161njoj Hrvatskoj, a postao je jedan od izumitelja \u010diji su izumi najvi\u0161e utjecali na razvoj tehnologije u 20-tom stolje\u0107u. Tesla nije \u017eelio biti bogat i sve \u0161to je zaradio ulo\u017eio je u ostvarenje svojeg sna da svijet u\u010dini boljim mjestom.<\/p>\n<p>Njegov san je bio omogu\u0107iti svima besplatnu energiju koja bi slu\u017eila \u010dovje\u010danstvu. To bi bio svijet nezamislivih tehnolo\u0161kih mogu\u0107nosti, bez gladi i bez ratova. Mi kao pojedinci te\u0161ko mo\u017eemo promijeniti svijet, ali u svojem podru\u010dju rada i svojoj lokalnoj zajednici rade\u0107i male stvari mo\u017eemo ga u\u010diniti boljim. Canvas Nikole Tesle \u0107e vas svaki dan podsjetiti na to da i vi mo\u017eete svijet u\u010diniti malo boljim mjestom.<\/p>\n<h3><i class=\"fas fa-check-circle\" style=\"color: #67b7a7\"><\/i> Kvalitetan tisak<\/h3>\n<p>Na\u0161e canvase odlikuje kvalitetan tisak na kvalitetnom platnu. Na taj na\u010din osigurana je dugovje\u010dnost canvasa.<\/p>\n<p>&nbsp;<\/p>\n","protected":false},"excerpt":{"rendered":"<p>Platneni okviri izra\u0111eni su od FSC\u00ae certificiranog drva (kada nije dostupan PEFC ili ekvivalent) Tanko platno ima okvir debljine 2-3 cm (0,8-1,2 in\u010da) Isporu\u010duje se u za\u0161titnim pakiranjima i \u010dvrstim kutijama kako se ne bi o\u0161tetila tijekom transporta&#8230;<\/p>\n","protected":false},"featured_media":11915,"comment_status":"open","ping_status":"closed","template":"","meta":{"inline_featured_image":false},"product_cat":[199],"product_tag":[],"class_list":["post-11930","product","type-product","status-publish","has-post-thumbnail","hentry","product_cat-canvas"],"etheme_brands":{"errors":{"invalid_taxonomy":["Nevaljana taksonomija."]},"error_data":[]},"yoast_head":"<!-- This site is optimized with the Yoast SEO plugin v19.10 - https:\/\/yoast.com\/wordpress\/plugins\/seo\/ -->\n<title>Premium Tesla canvas Free Energy Unlimited - Nikola Tesla Legend Store<\/title>\n<meta name=\"description\" content=\"Tesla canvasi nude originalne dizajne s likom slavnog znanstvenika. Promovirajte svjetliju budu\u0107nost uz Tesla canvas. Do\u0111ite i pregledajte ih!\" \/>\n<meta name=\"robots\" content=\"index, follow, max-snippet:-1, max-image-preview:large, max-video-preview:-1\" \/>\n<link rel=\"canonical\" href=\"https:\/\/store.nikolateslalegend.com\/hr\/proizvod\/premium-tesla-canvas-free-energy-unlimited\/\" \/>\n<meta property=\"og:locale\" content=\"hr_HR\" \/>\n<meta property=\"og:type\" content=\"article\" \/>\n<meta property=\"og:title\" content=\"Premium Tesla canvas Free Energy Unlimited - Nikola Tesla Legend Store\" \/>\n<meta property=\"og:description\" content=\"Tesla canvasi nude originalne dizajne s likom slavnog znanstvenika. Promovirajte svjetliju budu\u0107nost uz Tesla canvas. Do\u0111ite i pregledajte ih!\" \/>\n<meta property=\"og:url\" content=\"https:\/\/store.nikolateslalegend.com\/hr\/proizvod\/premium-tesla-canvas-free-energy-unlimited\/\" \/>\n<meta property=\"og:site_name\" content=\"Nikola Tesla Legend Store\" \/>\n<meta property=\"article:publisher\" content=\"https:\/\/www.facebook.com\/NikolaTeslaLegend\/\" \/>\n<meta property=\"article:modified_time\" content=\"2023-01-01T11:28:26+00:00\" \/>\n<meta property=\"og:image\" content=\"https:\/\/store.nikolateslalegend.com\/wp-content\/uploads\/2022\/11\/Tesla_Canvas_Free_energy1.png\" \/>\n\t<meta property=\"og:image:width\" content=\"1200\" \/>\n\t<meta property=\"og:image:height\" content=\"1036\" \/>\n\t<meta property=\"og:image:type\" content=\"image\/png\" \/>\n<meta name=\"twitter:card\" content=\"summary_large_image\" \/>\n<meta name=\"twitter:site\" content=\"@NikolaTeslaL\" \/>\n<meta name=\"twitter:label1\" content=\"Procijenjeno vrijeme \u010ditanja\" \/>\n\t<meta name=\"twitter:data1\" content=\"2 minute\" \/>\n<script type=\"application\/ld+json\" class=\"yoast-schema-graph\">{\"@context\":\"https:\/\/schema.org\",\"@graph\":[{\"@type\":\"WebPage\",\"@id\":\"https:\/\/store.nikolateslalegend.com\/hr\/proizvod\/premium-tesla-canvas-free-energy-unlimited\/\",\"url\":\"https:\/\/store.nikolateslalegend.com\/hr\/proizvod\/premium-tesla-canvas-free-energy-unlimited\/\",\"name\":\"Premium Tesla canvas Free Energy Unlimited - Nikola Tesla Legend Store\",\"isPartOf\":{\"@id\":\"https:\/\/store.nikolateslalegend.com\/hr\/#website\"},\"datePublished\":\"2022-11-19T08:00:31+00:00\",\"dateModified\":\"2023-01-01T11:28:26+00:00\",\"description\":\"Tesla canvasi nude originalne dizajne s likom slavnog znanstvenika. Promovirajte svjetliju budu\u0107nost uz Tesla canvas. Do\u0111ite i pregledajte ih!\",\"breadcrumb\":{\"@id\":\"https:\/\/store.nikolateslalegend.com\/hr\/proizvod\/premium-tesla-canvas-free-energy-unlimited\/#breadcrumb\"},\"inLanguage\":\"hr\",\"potentialAction\":[{\"@type\":\"ReadAction\",\"target\":[\"https:\/\/store.nikolateslalegend.com\/hr\/proizvod\/premium-tesla-canvas-free-energy-unlimited\/\"]}]},{\"@type\":\"BreadcrumbList\",\"@id\":\"https:\/\/store.nikolateslalegend.com\/hr\/proizvod\/premium-tesla-canvas-free-energy-unlimited\/#breadcrumb\",\"itemListElement\":[{\"@type\":\"ListItem\",\"position\":1,\"name\":\"Home\",\"item\":\"https:\/\/store.nikolateslalegend.com\/hr\/nikola-tesla-legend-web-trgovina\/\"},{\"@type\":\"ListItem\",\"position\":2,\"name\":\"Trgovina\",\"item\":\"https:\/\/store.nikolateslalegend.com\/hr\/trgovina\/\"},{\"@type\":\"ListItem\",\"position\":3,\"name\":\"Premium Tesla canvas Free Energy Unlimited\"}]},{\"@type\":\"WebSite\",\"@id\":\"https:\/\/store.nikolateslalegend.com\/hr\/#website\",\"url\":\"https:\/\/store.nikolateslalegend.com\/hr\/\",\"name\":\"Nikola Tesla Legend Store\",\"description\":\"Nikola Tesla Legend Store\",\"potentialAction\":[{\"@type\":\"SearchAction\",\"target\":{\"@type\":\"EntryPoint\",\"urlTemplate\":\"https:\/\/store.nikolateslalegend.com\/hr\/?s={search_term_string}\"},\"query-input\":\"required name=search_term_string\"}],\"inLanguage\":\"hr\"}]}<\/script>\n<!-- \/ Yoast SEO plugin. -->","yoast_head_json":{"title":"Premium Tesla canvas Free Energy Unlimited - Nikola Tesla Legend Store","description":"Tesla canvasi nude originalne dizajne s likom slavnog znanstvenika. Promovirajte svjetliju budu\u0107nost uz Tesla canvas. Do\u0111ite i pregledajte ih!","robots":{"index":"index","follow":"follow","max-snippet":"max-snippet:-1","max-image-preview":"max-image-preview:large","max-video-preview":"max-video-preview:-1"},"canonical":"https:\/\/store.nikolateslalegend.com\/hr\/proizvod\/premium-tesla-canvas-free-energy-unlimited\/","og_locale":"hr_HR","og_type":"article","og_title":"Premium Tesla canvas Free Energy Unlimited - Nikola Tesla Legend Store","og_description":"Tesla canvasi nude originalne dizajne s likom slavnog znanstvenika. Promovirajte svjetliju budu\u0107nost uz Tesla canvas. Do\u0111ite i pregledajte ih!","og_url":"https:\/\/store.nikolateslalegend.com\/hr\/proizvod\/premium-tesla-canvas-free-energy-unlimited\/","og_site_name":"Nikola Tesla Legend Store","article_publisher":"https:\/\/www.facebook.com\/NikolaTeslaLegend\/","article_modified_time":"2023-01-01T11:28:26+00:00","og_image":[{"width":1200,"height":1036,"url":"https:\/\/store.nikolateslalegend.com\/wp-content\/uploads\/2022\/11\/Tesla_Canvas_Free_energy1.png","type":"image\/png"}],"twitter_card":"summary_large_image","twitter_site":"@NikolaTeslaL","twitter_misc":{"Procijenjeno vrijeme \u010ditanja":"2 minute"},"schema":{"@context":"https:\/\/schema.org","@graph":[{"@type":"WebPage","@id":"https:\/\/store.nikolateslalegend.com\/hr\/proizvod\/premium-tesla-canvas-free-energy-unlimited\/","url":"https:\/\/store.nikolateslalegend.com\/hr\/proizvod\/premium-tesla-canvas-free-energy-unlimited\/","name":"Premium Tesla canvas Free Energy Unlimited - Nikola Tesla Legend Store","isPartOf":{"@id":"https:\/\/store.nikolateslalegend.com\/hr\/#website"},"datePublished":"2022-11-19T08:00:31+00:00","dateModified":"2023-01-01T11:28:26+00:00","description":"Tesla canvasi nude originalne dizajne s likom slavnog znanstvenika. Promovirajte svjetliju budu\u0107nost uz Tesla canvas. Do\u0111ite i pregledajte ih!","breadcrumb":{"@id":"https:\/\/store.nikolateslalegend.com\/hr\/proizvod\/premium-tesla-canvas-free-energy-unlimited\/#breadcrumb"},"inLanguage":"hr","potentialAction":[{"@type":"ReadAction","target":["https:\/\/store.nikolateslalegend.com\/hr\/proizvod\/premium-tesla-canvas-free-energy-unlimited\/"]}]},{"@type":"BreadcrumbList","@id":"https:\/\/store.nikolateslalegend.com\/hr\/proizvod\/premium-tesla-canvas-free-energy-unlimited\/#breadcrumb","itemListElement":[{"@type":"ListItem","position":1,"name":"Home","item":"https:\/\/store.nikolateslalegend.com\/hr\/nikola-tesla-legend-web-trgovina\/"},{"@type":"ListItem","position":2,"name":"Trgovina","item":"https:\/\/store.nikolateslalegend.com\/hr\/trgovina\/"},{"@type":"ListItem","position":3,"name":"Premium Tesla canvas Free Energy Unlimited"}]},{"@type":"WebSite","@id":"https:\/\/store.nikolateslalegend.com\/hr\/#website","url":"https:\/\/store.nikolateslalegend.com\/hr\/","name":"Nikola Tesla Legend Store","description":"Nikola Tesla Legend Store","potentialAction":[{"@type":"SearchAction","target":{"@type":"EntryPoint","urlTemplate":"https:\/\/store.nikolateslalegend.com\/hr\/?s={search_term_string}"},"query-input":"required name=search_term_string"}],"inLanguage":"hr"}]}},"_links":{"self":[{"href":"https:\/\/store.nikolateslalegend.com\/hr\/wp-json\/wp\/v2\/product\/11930","targetHints":{"allow":["GET"]}}],"collection":[{"href":"https:\/\/store.nikolateslalegend.com\/hr\/wp-json\/wp\/v2\/product"}],"about":[{"href":"https:\/\/store.nikolateslalegend.com\/hr\/wp-json\/wp\/v2\/types\/product"}],"replies":[{"embeddable":true,"href":"https:\/\/store.nikolateslalegend.com\/hr\/wp-json\/wp\/v2\/comments?post=11930"}],"version-history":[{"count":2,"href":"https:\/\/store.nikolateslalegend.com\/hr\/wp-json\/wp\/v2\/product\/11930\/revisions"}],"predecessor-version":[{"id":12340,"href":"https:\/\/store.nikolateslalegend.com\/hr\/wp-json\/wp\/v2\/product\/11930\/revisions\/12340"}],"wp:featuredmedia":[{"embeddable":true,"href":"https:\/\/store.nikolateslalegend.com\/hr\/wp-json\/wp\/v2\/media\/11915"}],"wp:attachment":[{"href":"https:\/\/store.nikolateslalegend.com\/hr\/wp-json\/wp\/v2\/media?parent=11930"}],"wp:term":[{"taxonomy":"product_cat","embeddable":true,"href":"https:\/\/store.nikolateslalegend.com\/hr\/wp-json\/wp\/v2\/product_cat?post=11930"},{"taxonomy":"product_tag","embeddable":true,"href":"https:\/\/store.nikolateslalegend.com\/hr\/wp-json\/wp\/v2\/product_tag?post=11930"}],"curies":[{"name":"wp","href":"https:\/\/api.w.org\/{rel}","templated":true}]}}