{"id":11322,"date":"2022-11-14T10:08:33","date_gmt":"2022-11-14T09:08:33","guid":{"rendered":"https:\/\/store.nikolateslalegend.com\/product\/premium-mug-free-energy-green\/"},"modified":"2023-01-01T12:30:17","modified_gmt":"2023-01-01T11:30:17","slug":"premium-salica-free-energy-zelena","status":"publish","type":"product","link":"https:\/\/store.nikolateslalegend.com\/hr\/proizvod\/premium-salica-free-energy-zelena\/","title":{"rendered":"Premium \u0161alica Free Energy Zelena"},"content":{"rendered":"<p>Ova prekrasna kerami\u010dka \u0161alica savr\u0161ena je za svaki doga\u0111aj u danu. Va\u0161a jutarnja kava, topla \u010dokolada ili bilo koji drugi topli napitak u kojem u\u017eivate. \u0160alica je sjajno bijela s obojanom unutarnjom stijenkom i ru\u010dkom. Otisnuti dizajn zadr\u017eava svoju kvalitetu i sjaj kada se koristi u mikrovalnoj pe\u0107nici i perilici posu\u0111a.<\/p>\n<p>Zapremnina: 325 mililitara<\/p>\n<p><strong>Nekoliko razloga za\u0161to bi ste trebali kupiti ovu \u0161alicu?<\/strong><\/p>\n<p>Evo nekoliko razloga za\u0161to su Nikola Tesla Legend \u0161alice savr\u0161en poklon.<\/p>\n<ul class=\"circle\">\n<li>Ljudi vode brigu o potrebnom unosu teku\u0107ine tokom dana i tu ne mo\u017eete pogrije\u0161iti<\/li>\n<li>Slu\u017ee u\u017eivanju kod ispijanja omiljenog pi\u0107a prilikom svakog doga\u0111aja u danu<\/li>\n<li>Nikola Tesla Legend \u0161alice dolaze s dizajnom<\/li>\n<li>To je poklon koji ima trajnu vrijednost<\/li>\n<li>Zaljubljenike u tehnologiju i znanost \u0107e obradovati \u0161alica s motivima Nikole Tesle<\/li>\n<li>Fanovi Nikole Tesle \u0107e biti jednostavno odu\u0161evljeni<\/li>\n<\/ul>\n<h3><i class=\"fas fa-check-circle\" style=\"color: #67b7a7\"><\/i> Prilika da poka\u017eite svoj stav i osobnost<\/h3>\n<p>Nikola Tesla Legend \u0161alice su dobar na\u010din da poka\u017eete va\u0161 stav, stil, interese i osobnost. Nikola Tesla je bio legendarni znanstvenik i izumitelj koji je omogu\u0107io tehnolo\u0161ki razvoj \u010dovje\u010danstva u 20-tom stolje\u0107u. Iako je imao priliku biti me\u0111u najbogatijim ljudima svojeg vremena, on je sav svoj imetak potro\u0161io na ostvarenje svojeg \u017eivotnog sna. Nikola Tesla je \u017eelio osigurati besplatnu energiju za cijelo \u010dovje\u010danstvo. Zamislite svijet gdje je energija besplatna i beskona\u010dna? To bi bio svijet gdje ne bi bilo gladnih, svijet gdje se ne bi vodili ratovi zbog energije i sa nezamislivim tehnolo\u0161kim mogu\u0107nostima.<\/p>\n<h3><i class=\"fas fa-check-circle\" style=\"color: #67b7a7\"><\/i> Ispravimo nepravdu prema Nikoli Tesli<\/h3>\n<p>Iako su Teslini izumi i otkri\u0107a omogu\u0107ili tehnolo\u0161ki razvoj \u010dovje\u010danstva, on za to nije dobio zaslu\u017eeno priznanje i slavu. Puno godina nakon svoje smrti bio je gotovo zaboravljen. Mnogi njegovi izumi i otkri\u0107a su drugi znanstvenici predstavili kao svoje i za to dobili brojne nagrade i priznanja. Nekoliko Nobelovih nagrada je dodijeljeno za otkri\u0107a bazirana na njegovom radu, a on nikad nije dobio Nobelovu nagradu iako ju je zaslu\u017eio. Kupovinom \u0161alice i vi poma\u017eete da Nikola Tesla ne bude zaboravljen i da legenda o Nikoli Tesli \u017eivi i dalje.<\/p>\n","protected":false},"excerpt":{"rendered":"<p>Ova prekrasna kerami\u010dka \u0161alica savr\u0161ena je za svaki doga\u0111aj u danu. Va\u0161a jutarnja kava, topla \u010dokolada ili bilo koji drugi topli napitak u kojem u\u017eivate. \u0160alica je sjajno bijela s obojanom unutarnjom stijenkom i ru\u010dkom. Otisnuti dizajn zadr\u017eava&#8230;<\/p>\n","protected":false},"featured_media":11319,"comment_status":"open","ping_status":"closed","template":"","meta":{"inline_featured_image":false},"product_cat":[130,251],"product_tag":[],"class_list":["post-11322","product","type-product","status-publish","has-post-thumbnail","hentry","product_cat-salice","product_cat-tesla-salice-hr-2"],"etheme_brands":{"errors":{"invalid_taxonomy":["Nevaljana taksonomija."]},"error_data":[]},"yoast_head":"<!-- This site is optimized with the Yoast SEO plugin v19.10 - https:\/\/yoast.com\/wordpress\/plugins\/seo\/ -->\n<title>Premium \u0161alica Free Energy Zelena - Nikola Tesla Legend Store<\/title>\n<meta name=\"description\" content=\"Tesla \u0161alice nude originalne dizajne s likom slavnog znanstvenika. Promovirajte svjetliju budu\u0107nost uz Tesla \u0161alicu. Do\u0111ite i pregledajte ih!\" \/>\n<meta name=\"robots\" content=\"index, follow, max-snippet:-1, max-image-preview:large, max-video-preview:-1\" \/>\n<link rel=\"canonical\" href=\"https:\/\/store.nikolateslalegend.com\/hr\/proizvod\/premium-salica-free-energy-zelena\/\" \/>\n<meta property=\"og:locale\" content=\"hr_HR\" \/>\n<meta property=\"og:type\" content=\"article\" \/>\n<meta property=\"og:title\" content=\"Premium \u0161alica Free Energy Zelena - Nikola Tesla Legend Store\" \/>\n<meta property=\"og:description\" content=\"Tesla \u0161alice nude originalne dizajne s likom slavnog znanstvenika. Promovirajte svjetliju budu\u0107nost uz Tesla \u0161alicu. Do\u0111ite i pregledajte ih!\" \/>\n<meta property=\"og:url\" content=\"https:\/\/store.nikolateslalegend.com\/hr\/proizvod\/premium-salica-free-energy-zelena\/\" \/>\n<meta property=\"og:site_name\" content=\"Nikola Tesla Legend Store\" \/>\n<meta property=\"article:publisher\" content=\"https:\/\/www.facebook.com\/NikolaTeslaLegend\/\" \/>\n<meta property=\"article:modified_time\" content=\"2023-01-01T11:30:17+00:00\" \/>\n<meta property=\"og:image\" content=\"https:\/\/store.nikolateslalegend.com\/wp-content\/uploads\/2022\/11\/Premium-Mug-Nikola-Tesla-Legend-Free-energy-green-6.jpeg\" \/>\n\t<meta property=\"og:image:width\" content=\"1200\" \/>\n\t<meta property=\"og:image:height\" content=\"1200\" \/>\n\t<meta property=\"og:image:type\" content=\"image\/jpeg\" \/>\n<meta name=\"twitter:card\" content=\"summary_large_image\" \/>\n<meta name=\"twitter:site\" content=\"@NikolaTeslaL\" \/>\n<meta name=\"twitter:label1\" content=\"Procijenjeno vrijeme \u010ditanja\" \/>\n\t<meta name=\"twitter:data1\" content=\"2 minute\" \/>\n<script type=\"application\/ld+json\" class=\"yoast-schema-graph\">{\"@context\":\"https:\/\/schema.org\",\"@graph\":[{\"@type\":\"WebPage\",\"@id\":\"https:\/\/store.nikolateslalegend.com\/hr\/proizvod\/premium-salica-free-energy-zelena\/\",\"url\":\"https:\/\/store.nikolateslalegend.com\/hr\/proizvod\/premium-salica-free-energy-zelena\/\",\"name\":\"Premium \u0161alica Free Energy Zelena - Nikola Tesla Legend Store\",\"isPartOf\":{\"@id\":\"https:\/\/store.nikolateslalegend.com\/hr\/#website\"},\"datePublished\":\"2022-11-14T09:08:33+00:00\",\"dateModified\":\"2023-01-01T11:30:17+00:00\",\"description\":\"Tesla \u0161alice nude originalne dizajne s likom slavnog znanstvenika. Promovirajte svjetliju budu\u0107nost uz Tesla \u0161alicu. Do\u0111ite i pregledajte ih!\",\"breadcrumb\":{\"@id\":\"https:\/\/store.nikolateslalegend.com\/hr\/proizvod\/premium-salica-free-energy-zelena\/#breadcrumb\"},\"inLanguage\":\"hr\",\"potentialAction\":[{\"@type\":\"ReadAction\",\"target\":[\"https:\/\/store.nikolateslalegend.com\/hr\/proizvod\/premium-salica-free-energy-zelena\/\"]}]},{\"@type\":\"BreadcrumbList\",\"@id\":\"https:\/\/store.nikolateslalegend.com\/hr\/proizvod\/premium-salica-free-energy-zelena\/#breadcrumb\",\"itemListElement\":[{\"@type\":\"ListItem\",\"position\":1,\"name\":\"Home\",\"item\":\"https:\/\/store.nikolateslalegend.com\/hr\/nikola-tesla-legend-web-trgovina\/\"},{\"@type\":\"ListItem\",\"position\":2,\"name\":\"Trgovina\",\"item\":\"https:\/\/store.nikolateslalegend.com\/hr\/trgovina\/\"},{\"@type\":\"ListItem\",\"position\":3,\"name\":\"Premium \u0161alica Free Energy Zelena\"}]},{\"@type\":\"WebSite\",\"@id\":\"https:\/\/store.nikolateslalegend.com\/hr\/#website\",\"url\":\"https:\/\/store.nikolateslalegend.com\/hr\/\",\"name\":\"Nikola Tesla Legend Store\",\"description\":\"Nikola Tesla Legend Store\",\"potentialAction\":[{\"@type\":\"SearchAction\",\"target\":{\"@type\":\"EntryPoint\",\"urlTemplate\":\"https:\/\/store.nikolateslalegend.com\/hr\/?s={search_term_string}\"},\"query-input\":\"required name=search_term_string\"}],\"inLanguage\":\"hr\"}]}<\/script>\n<!-- \/ Yoast SEO plugin. -->","yoast_head_json":{"title":"Premium \u0161alica Free Energy Zelena - Nikola Tesla Legend Store","description":"Tesla \u0161alice nude originalne dizajne s likom slavnog znanstvenika. Promovirajte svjetliju budu\u0107nost uz Tesla \u0161alicu. Do\u0111ite i pregledajte ih!","robots":{"index":"index","follow":"follow","max-snippet":"max-snippet:-1","max-image-preview":"max-image-preview:large","max-video-preview":"max-video-preview:-1"},"canonical":"https:\/\/store.nikolateslalegend.com\/hr\/proizvod\/premium-salica-free-energy-zelena\/","og_locale":"hr_HR","og_type":"article","og_title":"Premium \u0161alica Free Energy Zelena - Nikola Tesla Legend Store","og_description":"Tesla \u0161alice nude originalne dizajne s likom slavnog znanstvenika. Promovirajte svjetliju budu\u0107nost uz Tesla \u0161alicu. Do\u0111ite i pregledajte ih!","og_url":"https:\/\/store.nikolateslalegend.com\/hr\/proizvod\/premium-salica-free-energy-zelena\/","og_site_name":"Nikola Tesla Legend Store","article_publisher":"https:\/\/www.facebook.com\/NikolaTeslaLegend\/","article_modified_time":"2023-01-01T11:30:17+00:00","og_image":[{"width":1200,"height":1200,"url":"https:\/\/store.nikolateslalegend.com\/wp-content\/uploads\/2022\/11\/Premium-Mug-Nikola-Tesla-Legend-Free-energy-green-6.jpeg","type":"image\/jpeg"}],"twitter_card":"summary_large_image","twitter_site":"@NikolaTeslaL","twitter_misc":{"Procijenjeno vrijeme \u010ditanja":"2 minute"},"schema":{"@context":"https:\/\/schema.org","@graph":[{"@type":"WebPage","@id":"https:\/\/store.nikolateslalegend.com\/hr\/proizvod\/premium-salica-free-energy-zelena\/","url":"https:\/\/store.nikolateslalegend.com\/hr\/proizvod\/premium-salica-free-energy-zelena\/","name":"Premium \u0161alica Free Energy Zelena - Nikola Tesla Legend Store","isPartOf":{"@id":"https:\/\/store.nikolateslalegend.com\/hr\/#website"},"datePublished":"2022-11-14T09:08:33+00:00","dateModified":"2023-01-01T11:30:17+00:00","description":"Tesla \u0161alice nude originalne dizajne s likom slavnog znanstvenika. Promovirajte svjetliju budu\u0107nost uz Tesla \u0161alicu. Do\u0111ite i pregledajte ih!","breadcrumb":{"@id":"https:\/\/store.nikolateslalegend.com\/hr\/proizvod\/premium-salica-free-energy-zelena\/#breadcrumb"},"inLanguage":"hr","potentialAction":[{"@type":"ReadAction","target":["https:\/\/store.nikolateslalegend.com\/hr\/proizvod\/premium-salica-free-energy-zelena\/"]}]},{"@type":"BreadcrumbList","@id":"https:\/\/store.nikolateslalegend.com\/hr\/proizvod\/premium-salica-free-energy-zelena\/#breadcrumb","itemListElement":[{"@type":"ListItem","position":1,"name":"Home","item":"https:\/\/store.nikolateslalegend.com\/hr\/nikola-tesla-legend-web-trgovina\/"},{"@type":"ListItem","position":2,"name":"Trgovina","item":"https:\/\/store.nikolateslalegend.com\/hr\/trgovina\/"},{"@type":"ListItem","position":3,"name":"Premium \u0161alica Free Energy Zelena"}]},{"@type":"WebSite","@id":"https:\/\/store.nikolateslalegend.com\/hr\/#website","url":"https:\/\/store.nikolateslalegend.com\/hr\/","name":"Nikola Tesla Legend Store","description":"Nikola Tesla Legend Store","potentialAction":[{"@type":"SearchAction","target":{"@type":"EntryPoint","urlTemplate":"https:\/\/store.nikolateslalegend.com\/hr\/?s={search_term_string}"},"query-input":"required name=search_term_string"}],"inLanguage":"hr"}]}},"_links":{"self":[{"href":"https:\/\/store.nikolateslalegend.com\/hr\/wp-json\/wp\/v2\/product\/11322","targetHints":{"allow":["GET"]}}],"collection":[{"href":"https:\/\/store.nikolateslalegend.com\/hr\/wp-json\/wp\/v2\/product"}],"about":[{"href":"https:\/\/store.nikolateslalegend.com\/hr\/wp-json\/wp\/v2\/types\/product"}],"replies":[{"embeddable":true,"href":"https:\/\/store.nikolateslalegend.com\/hr\/wp-json\/wp\/v2\/comments?post=11322"}],"version-history":[{"count":1,"href":"https:\/\/store.nikolateslalegend.com\/hr\/wp-json\/wp\/v2\/product\/11322\/revisions"}],"predecessor-version":[{"id":12407,"href":"https:\/\/store.nikolateslalegend.com\/hr\/wp-json\/wp\/v2\/product\/11322\/revisions\/12407"}],"wp:featuredmedia":[{"embeddable":true,"href":"https:\/\/store.nikolateslalegend.com\/hr\/wp-json\/wp\/v2\/media\/11319"}],"wp:attachment":[{"href":"https:\/\/store.nikolateslalegend.com\/hr\/wp-json\/wp\/v2\/media?parent=11322"}],"wp:term":[{"taxonomy":"product_cat","embeddable":true,"href":"https:\/\/store.nikolateslalegend.com\/hr\/wp-json\/wp\/v2\/product_cat?post=11322"},{"taxonomy":"product_tag","embeddable":true,"href":"https:\/\/store.nikolateslalegend.com\/hr\/wp-json\/wp\/v2\/product_tag?post=11322"}],"curies":[{"name":"wp","href":"https:\/\/api.w.org\/{rel}","templated":true}]}}