{"id":11227,"date":"2022-11-14T09:12:00","date_gmt":"2022-11-14T08:12:00","guid":{"rendered":"https:\/\/store.nikolateslalegend.com\/product\/premium-inox-mug-golden-tesla\/"},"modified":"2023-01-01T12:30:34","modified_gmt":"2023-01-01T11:30:34","slug":"premium-inox-salica-zlatni-tesla","status":"publish","type":"product","link":"https:\/\/store.nikolateslalegend.com\/hr\/proizvod\/premium-inox-salica-zlatni-tesla\/","title":{"rendered":"Premium inox \u0161alica zlatni Tesla"},"content":{"rendered":"<p>Dimenzije:<\/p>\n<ul>\n<li>180 mm visine uklju\u010duju\u0107i poklopac, 160 mm visine bez poklopca<\/li>\n<li>donji promjer 61 mm i gornji promjer 84 mm<\/li>\n<\/ul>\n<p>Ne preporu\u010duje se pranje u perilici posu\u0111a zbog vakuumske brtve i tiska. Samo ru\u010dno pranje.<\/p>\n<p><strong>Nekoliko razloga za\u0161to bi ste trebali kupiti ovu putnu \u0161alicu?<\/strong><\/p>\n<p>Evo nekoliko razloga za\u0161to su Nikola Tesla Legend putne \u0161alice savr\u0161en poklon.<\/p>\n<ul class=\"circle\">\n<li>Ljudi vode brigu o potrebnom unosu teku\u0107ine tokom dana i tu ne mo\u017eete pogrije\u0161iti<\/li>\n<li>Prakti\u010dne su za konzumaciju omiljenog pi\u0107a izvan ku\u0107e i tijekom vo\u017enje<\/li>\n<li>Nikola Tesla Legend putne \u0161alice dolaze s dizajnom<\/li>\n<li>To je poklon koji ima trajnu vrijednost<\/li>\n<li>Zaljubljenike u tehnologiju i znanost \u0107e obradovati putna \u0161alica s motivima Nikole Tesle<\/li>\n<li>Fanovi Nikole Tesle \u0107e biti jednostavno odu\u0161evljeni<\/li>\n<\/ul>\n<h3><i class=\"fas fa-check-circle\" style=\"color: #67b7a7\"><\/i> Prilika da poka\u017eite svoj stav i osobnost<\/h3>\n<p>Nikola Tesla Legend putne \u0161alice su dobar na\u010din da poka\u017eete va\u0161 stav, stil, interese i osobnost. Nikola Tesla je bio legendarni znanstvenik i izumitelj koji je omogu\u0107io tehnolo\u0161ki razvoj \u010dovje\u010danstva u 20-tom stolje\u0107u. Iako je imao priliku biti me\u0111u najbogatijim ljudima svojeg vremena, on je sav svoj imetak potro\u0161io na ostvarenje svojeg \u017eivotnog sna. Nikola Tesla je \u017eelio osigurati besplatnu energiju za cijelo \u010dovje\u010danstvo. Zamislite svijet gdje je energija besplatna i beskona\u010dna? To bi bio svijet gdje ne bi bilo gladnih, svijet gdje se ne bi vodili ratovi zbog energije i sa nezamislivim tehnolo\u0161kim mogu\u0107nostima.<\/p>\n<h3><i class=\"fas fa-check-circle\" style=\"color: #67b7a7\"><\/i> Ispravimo nepravdu prema Nikoli Tesli<\/h3>\n<p>Iako su Teslini izumi i otkri\u0107a omogu\u0107ili tehnolo\u0161ki razvoj \u010dovje\u010danstva, on za to nije dobio zaslu\u017eeno priznanje i slavu. Puno godina nakon svoje smrti bio je gotovo zaboravljen. Mnogi njegovi izumi i otkri\u0107a su drugi znanstvenici predstavili kao svoje i za to dobili brojne nagrade i priznanja. Nekoliko Nobelovih nagrada je dodijeljeno za otkri\u0107a bazirana na njegovom radu, a on nikad nije dobio Nobelovu nagradu iako ju je zaslu\u017eio. Kupovinom putne \u0161alice i vi poma\u017eete da Nikola Tesla ne bude zaboravljen i da legenda o Nikoli Tesli \u017eivi i dalje.<\/p>\n","protected":false},"excerpt":{"rendered":"<p>Dimenzije: 180 mm visine uklju\u010duju\u0107i poklopac, 160 mm visine bez poklopca donji promjer 61 mm i gornji promjer 84 mm Ne preporu\u010duje se pranje u perilici posu\u0111a zbog vakuumske brtve i tiska. Samo ru\u010dno pranje. Nekoliko razloga za\u0161to&#8230;<\/p>\n","protected":false},"featured_media":11218,"comment_status":"open","ping_status":"closed","template":"","meta":{"inline_featured_image":false},"product_cat":[249,130],"product_tag":[],"class_list":["post-11227","product","type-product","status-publish","has-post-thumbnail","hentry","product_cat-tesla-salice","product_cat-salice"],"etheme_brands":{"errors":{"invalid_taxonomy":["Nevaljana taksonomija."]},"error_data":[]},"yoast_head":"<!-- This site is optimized with the Yoast SEO plugin v19.10 - https:\/\/yoast.com\/wordpress\/plugins\/seo\/ -->\n<title>Premium inox \u0161alica zlatni Tesla - Nikola Tesla Legend Store<\/title>\n<meta name=\"description\" content=\"Tesla inox \u0161alice nude originalne dizajne s likom slavnog znanstvenika. Promovirajte svjetliju budu\u0107nost uz Tesla inox \u0161alicu. Do\u0111ite i pregledajte ih!\" \/>\n<meta name=\"robots\" content=\"index, follow, max-snippet:-1, max-image-preview:large, max-video-preview:-1\" \/>\n<link rel=\"canonical\" href=\"https:\/\/store.nikolateslalegend.com\/hr\/proizvod\/premium-inox-salica-zlatni-tesla\/\" \/>\n<meta property=\"og:locale\" content=\"hr_HR\" \/>\n<meta property=\"og:type\" content=\"article\" \/>\n<meta property=\"og:title\" content=\"Premium inox \u0161alica zlatni Tesla - Nikola Tesla Legend Store\" \/>\n<meta property=\"og:description\" content=\"Tesla inox \u0161alice nude originalne dizajne s likom slavnog znanstvenika. Promovirajte svjetliju budu\u0107nost uz Tesla inox \u0161alicu. Do\u0111ite i pregledajte ih!\" \/>\n<meta property=\"og:url\" content=\"https:\/\/store.nikolateslalegend.com\/hr\/proizvod\/premium-inox-salica-zlatni-tesla\/\" \/>\n<meta property=\"og:site_name\" content=\"Nikola Tesla Legend Store\" \/>\n<meta property=\"article:publisher\" content=\"https:\/\/www.facebook.com\/NikolaTeslaLegend\/\" \/>\n<meta property=\"article:modified_time\" content=\"2023-01-01T11:30:34+00:00\" \/>\n<meta property=\"og:image\" content=\"https:\/\/store.nikolateslalegend.com\/wp-content\/uploads\/2022\/11\/Premium-Tesla-Inox-Mug-Gold-3.jpeg\" \/>\n\t<meta property=\"og:image:width\" content=\"1200\" \/>\n\t<meta property=\"og:image:height\" content=\"1200\" \/>\n\t<meta property=\"og:image:type\" content=\"image\/jpeg\" \/>\n<meta name=\"twitter:card\" content=\"summary_large_image\" \/>\n<meta name=\"twitter:site\" content=\"@NikolaTeslaL\" \/>\n<meta name=\"twitter:label1\" content=\"Procijenjeno vrijeme \u010ditanja\" \/>\n\t<meta name=\"twitter:data1\" content=\"2 minute\" \/>\n<script type=\"application\/ld+json\" class=\"yoast-schema-graph\">{\"@context\":\"https:\/\/schema.org\",\"@graph\":[{\"@type\":\"WebPage\",\"@id\":\"https:\/\/store.nikolateslalegend.com\/hr\/proizvod\/premium-inox-salica-zlatni-tesla\/\",\"url\":\"https:\/\/store.nikolateslalegend.com\/hr\/proizvod\/premium-inox-salica-zlatni-tesla\/\",\"name\":\"Premium inox \u0161alica zlatni Tesla - Nikola Tesla Legend Store\",\"isPartOf\":{\"@id\":\"https:\/\/store.nikolateslalegend.com\/hr\/#website\"},\"datePublished\":\"2022-11-14T08:12:00+00:00\",\"dateModified\":\"2023-01-01T11:30:34+00:00\",\"description\":\"Tesla inox \u0161alice nude originalne dizajne s likom slavnog znanstvenika. Promovirajte svjetliju budu\u0107nost uz Tesla inox \u0161alicu. Do\u0111ite i pregledajte ih!\",\"breadcrumb\":{\"@id\":\"https:\/\/store.nikolateslalegend.com\/hr\/proizvod\/premium-inox-salica-zlatni-tesla\/#breadcrumb\"},\"inLanguage\":\"hr\",\"potentialAction\":[{\"@type\":\"ReadAction\",\"target\":[\"https:\/\/store.nikolateslalegend.com\/hr\/proizvod\/premium-inox-salica-zlatni-tesla\/\"]}]},{\"@type\":\"BreadcrumbList\",\"@id\":\"https:\/\/store.nikolateslalegend.com\/hr\/proizvod\/premium-inox-salica-zlatni-tesla\/#breadcrumb\",\"itemListElement\":[{\"@type\":\"ListItem\",\"position\":1,\"name\":\"Home\",\"item\":\"https:\/\/store.nikolateslalegend.com\/hr\/nikola-tesla-legend-web-trgovina\/\"},{\"@type\":\"ListItem\",\"position\":2,\"name\":\"Trgovina\",\"item\":\"https:\/\/store.nikolateslalegend.com\/hr\/trgovina\/\"},{\"@type\":\"ListItem\",\"position\":3,\"name\":\"Premium inox \u0161alica zlatni Tesla\"}]},{\"@type\":\"WebSite\",\"@id\":\"https:\/\/store.nikolateslalegend.com\/hr\/#website\",\"url\":\"https:\/\/store.nikolateslalegend.com\/hr\/\",\"name\":\"Nikola Tesla Legend Store\",\"description\":\"Nikola Tesla Legend Store\",\"potentialAction\":[{\"@type\":\"SearchAction\",\"target\":{\"@type\":\"EntryPoint\",\"urlTemplate\":\"https:\/\/store.nikolateslalegend.com\/hr\/?s={search_term_string}\"},\"query-input\":\"required name=search_term_string\"}],\"inLanguage\":\"hr\"}]}<\/script>\n<!-- \/ Yoast SEO plugin. -->","yoast_head_json":{"title":"Premium inox \u0161alica zlatni Tesla - Nikola Tesla Legend Store","description":"Tesla inox \u0161alice nude originalne dizajne s likom slavnog znanstvenika. Promovirajte svjetliju budu\u0107nost uz Tesla inox \u0161alicu. Do\u0111ite i pregledajte ih!","robots":{"index":"index","follow":"follow","max-snippet":"max-snippet:-1","max-image-preview":"max-image-preview:large","max-video-preview":"max-video-preview:-1"},"canonical":"https:\/\/store.nikolateslalegend.com\/hr\/proizvod\/premium-inox-salica-zlatni-tesla\/","og_locale":"hr_HR","og_type":"article","og_title":"Premium inox \u0161alica zlatni Tesla - Nikola Tesla Legend Store","og_description":"Tesla inox \u0161alice nude originalne dizajne s likom slavnog znanstvenika. Promovirajte svjetliju budu\u0107nost uz Tesla inox \u0161alicu. Do\u0111ite i pregledajte ih!","og_url":"https:\/\/store.nikolateslalegend.com\/hr\/proizvod\/premium-inox-salica-zlatni-tesla\/","og_site_name":"Nikola Tesla Legend Store","article_publisher":"https:\/\/www.facebook.com\/NikolaTeslaLegend\/","article_modified_time":"2023-01-01T11:30:34+00:00","og_image":[{"width":1200,"height":1200,"url":"https:\/\/store.nikolateslalegend.com\/wp-content\/uploads\/2022\/11\/Premium-Tesla-Inox-Mug-Gold-3.jpeg","type":"image\/jpeg"}],"twitter_card":"summary_large_image","twitter_site":"@NikolaTeslaL","twitter_misc":{"Procijenjeno vrijeme \u010ditanja":"2 minute"},"schema":{"@context":"https:\/\/schema.org","@graph":[{"@type":"WebPage","@id":"https:\/\/store.nikolateslalegend.com\/hr\/proizvod\/premium-inox-salica-zlatni-tesla\/","url":"https:\/\/store.nikolateslalegend.com\/hr\/proizvod\/premium-inox-salica-zlatni-tesla\/","name":"Premium inox \u0161alica zlatni Tesla - Nikola Tesla Legend Store","isPartOf":{"@id":"https:\/\/store.nikolateslalegend.com\/hr\/#website"},"datePublished":"2022-11-14T08:12:00+00:00","dateModified":"2023-01-01T11:30:34+00:00","description":"Tesla inox \u0161alice nude originalne dizajne s likom slavnog znanstvenika. Promovirajte svjetliju budu\u0107nost uz Tesla inox \u0161alicu. Do\u0111ite i pregledajte ih!","breadcrumb":{"@id":"https:\/\/store.nikolateslalegend.com\/hr\/proizvod\/premium-inox-salica-zlatni-tesla\/#breadcrumb"},"inLanguage":"hr","potentialAction":[{"@type":"ReadAction","target":["https:\/\/store.nikolateslalegend.com\/hr\/proizvod\/premium-inox-salica-zlatni-tesla\/"]}]},{"@type":"BreadcrumbList","@id":"https:\/\/store.nikolateslalegend.com\/hr\/proizvod\/premium-inox-salica-zlatni-tesla\/#breadcrumb","itemListElement":[{"@type":"ListItem","position":1,"name":"Home","item":"https:\/\/store.nikolateslalegend.com\/hr\/nikola-tesla-legend-web-trgovina\/"},{"@type":"ListItem","position":2,"name":"Trgovina","item":"https:\/\/store.nikolateslalegend.com\/hr\/trgovina\/"},{"@type":"ListItem","position":3,"name":"Premium inox \u0161alica zlatni Tesla"}]},{"@type":"WebSite","@id":"https:\/\/store.nikolateslalegend.com\/hr\/#website","url":"https:\/\/store.nikolateslalegend.com\/hr\/","name":"Nikola Tesla Legend Store","description":"Nikola Tesla Legend Store","potentialAction":[{"@type":"SearchAction","target":{"@type":"EntryPoint","urlTemplate":"https:\/\/store.nikolateslalegend.com\/hr\/?s={search_term_string}"},"query-input":"required name=search_term_string"}],"inLanguage":"hr"}]}},"_links":{"self":[{"href":"https:\/\/store.nikolateslalegend.com\/hr\/wp-json\/wp\/v2\/product\/11227","targetHints":{"allow":["GET"]}}],"collection":[{"href":"https:\/\/store.nikolateslalegend.com\/hr\/wp-json\/wp\/v2\/product"}],"about":[{"href":"https:\/\/store.nikolateslalegend.com\/hr\/wp-json\/wp\/v2\/types\/product"}],"replies":[{"embeddable":true,"href":"https:\/\/store.nikolateslalegend.com\/hr\/wp-json\/wp\/v2\/comments?post=11227"}],"version-history":[{"count":1,"href":"https:\/\/store.nikolateslalegend.com\/hr\/wp-json\/wp\/v2\/product\/11227\/revisions"}],"predecessor-version":[{"id":12412,"href":"https:\/\/store.nikolateslalegend.com\/hr\/wp-json\/wp\/v2\/product\/11227\/revisions\/12412"}],"wp:featuredmedia":[{"embeddable":true,"href":"https:\/\/store.nikolateslalegend.com\/hr\/wp-json\/wp\/v2\/media\/11218"}],"wp:attachment":[{"href":"https:\/\/store.nikolateslalegend.com\/hr\/wp-json\/wp\/v2\/media?parent=11227"}],"wp:term":[{"taxonomy":"product_cat","embeddable":true,"href":"https:\/\/store.nikolateslalegend.com\/hr\/wp-json\/wp\/v2\/product_cat?post=11227"},{"taxonomy":"product_tag","embeddable":true,"href":"https:\/\/store.nikolateslalegend.com\/hr\/wp-json\/wp\/v2\/product_tag?post=11227"}],"curies":[{"name":"wp","href":"https:\/\/api.w.org\/{rel}","templated":true}]}}