{"id":11039,"date":"2022-11-14T07:43:18","date_gmt":"2022-11-14T06:43:18","guid":{"rendered":"https:\/\/store.nikolateslalegend.com\/product\/premium-bottle-nikola-tesla-legend\/"},"modified":"2023-01-01T12:31:18","modified_gmt":"2023-01-01T11:31:18","slug":"premium-boca-nikola-tesla-legend","status":"publish","type":"product","link":"https:\/\/store.nikolateslalegend.com\/hr\/proizvod\/premium-boca-nikola-tesla-legend\/","title":{"rendered":"Premium boca Nikola Tesla Legend"},"content":{"rendered":"<p><strong>OPIS PROIZVODA<\/strong><\/p>\n<p>Dimenzije: 255 mm visine i 70 mm promjera<\/p>\n<p>Vakuumska boca s konstrukcijom dvostrukih stijenki<\/p>\n<p>Izolacija odr\u017eava teku\u0107inu toplom ili hladnom 6 h<\/p>\n<p>Ne preporu\u010duje se pranje u perilici posu\u0111a zbog vakuumske brtve. Samo ru\u010dno pranje.<\/p>\n<p>&nbsp;<\/p>\n<p><strong>Nekoliko razloga za\u0161to bi ste trebali kupiti ovu bocu?<\/strong><\/p>\n<p>Evo nekoliko razloga za\u0161to su Nikola Tesla Legend boce savr\u0161en poklon.<\/p>\n<ul class=\"circle\">\n<li>Ljudi vode brigu o potrebnom unosu teku\u0107ine tokom dana i tu ne mo\u017eete pogrije\u0161iti<\/li>\n<li>Nikola Tesla Legend boce dolaze s dizajnom<\/li>\n<li>To je poklon koji ima trajnu vrijednost<\/li>\n<li>Zaljubljenike u tehnologiju i znanost \u0107e obradovati boca s motivima Nikole Tesle<\/li>\n<li>Fanovi Nikole Tesle \u0107e biti jednostavno odu\u0161evljeni<\/li>\n<\/ul>\n<p>Ne izlazite iz ku\u0107e bez ove elegantne boce za vodu od 17oz koja \u0107e vas hidratizirati. Izra\u0111ena je od visokokvalitetnog nehr\u0111aju\u0107eg \u010delika i ima dvostruku izolaciju kako bi hladna pi\u0107a bila hladna, a topla vru\u0107a. Njezin izdu\u017eeni vrat i tanak dizajn omogu\u0107uju vam da ga lako nosite ili stavite u torbu. Najbolje od svega, nepropusna kapica osigurava da se teku\u0107ina ne\u0107e proliti.<\/p>\n<h3><i class=\"fas fa-check-circle\" style=\"color: #67b7a7\"><\/i> Prilika da poka\u017eite svoj stav i osobnost<\/h3>\n<p>Nikola Tesla Legend boce su dobar na\u010din da poka\u017eete va\u0161 stav, stil, interese i osobnost. Nikola Tesla je bio legendarni znanstvenik i izumitelj koji je omogu\u0107io tehnolo\u0161ki razvoj \u010dovje\u010danstva u 20-tom stolje\u0107u. Iako je imao priliku biti me\u0111u najbogatijim ljudima svojeg vremena, on je sav svoj imetak potro\u0161io na ostvarenje svojeg \u017eivotnog sna. Nikola Tesla je \u017eelio osigurati besplatnu energiju za cijelo \u010dovje\u010danstvo. Zamislite svijet gdje je energija besplatna i beskona\u010dna? To bi bio svijet gdje ne bi bilo gladnih, svijet gdje se ne bi vodili ratovi zbog energije i sa nezamislivim tehnolo\u0161kim mogu\u0107nostima.<\/p>\n<h3><i class=\"fas fa-check-circle\" style=\"color: #67b7a7\"><\/i> Ispravimo nepravdu prema Nikoli Tesli<\/h3>\n<p>Iako su Teslini izumi i otkri\u0107a omogu\u0107ili tehnolo\u0161ki razvoj \u010dovje\u010danstva, on za to nije dobio zaslu\u017eeno priznanje i slavu. Puno godina nakon svoje smrti bio je gotovo zaboravljen. Mnogi njegovi izumi i otkri\u0107a su drugi znanstvenici predstavili kao svoje i za to dobili brojne nagrade i priznanja. Nekoliko Nobelovih nagrada je dodijeljeno za otkri\u0107a bazirana na njegovom radu, a on nikad nije dobio Nobelovu nagradu iako ju je zaslu\u017eio. Kupovinom boce i vi poma\u017eete da Nikola Tesla ne bude zaboravljen i da legenda o Nikoli Tesli \u017eivi i dalje.<\/p>\n","protected":false},"excerpt":{"rendered":"<p>OPIS PROIZVODA Dimenzije: 255 mm visine i 70 mm promjera Vakuumska boca s konstrukcijom dvostrukih stijenki Izolacija odr\u017eava teku\u0107inu toplom ili hladnom 6 h Ne preporu\u010duje se pranje u perilici posu\u0111a zbog vakuumske brtve. Samo ru\u010dno pranje. &nbsp;&#8230;<\/p>\n","protected":false},"featured_media":11032,"comment_status":"open","ping_status":"closed","template":"","meta":{"inline_featured_image":false},"product_cat":[248,130],"product_tag":[],"class_list":["post-11039","product","type-product","status-publish","has-post-thumbnail","hentry","product_cat-tesla-boce","product_cat-salice"],"etheme_brands":{"errors":{"invalid_taxonomy":["Nevaljana taksonomija."]},"error_data":[]},"yoast_head":"<!-- This site is optimized with the Yoast SEO plugin v19.10 - https:\/\/yoast.com\/wordpress\/plugins\/seo\/ -->\n<title>Premium boca Nikola Tesla Legend - Nikola Tesla Legend Store<\/title>\n<meta name=\"description\" content=\"Tesla boce nude originalne dizajne s likom slavnog znanstvenika. Promovirajte svjetliju budu\u0107nost uz Tesla bocu. Do\u0111ite i pregledajte ih!\" \/>\n<meta name=\"robots\" content=\"index, follow, max-snippet:-1, max-image-preview:large, max-video-preview:-1\" \/>\n<link rel=\"canonical\" href=\"https:\/\/store.nikolateslalegend.com\/hr\/proizvod\/premium-boca-nikola-tesla-legend\/\" \/>\n<meta property=\"og:locale\" content=\"hr_HR\" \/>\n<meta property=\"og:type\" content=\"article\" \/>\n<meta property=\"og:title\" content=\"Premium boca Nikola Tesla Legend - Nikola Tesla Legend Store\" \/>\n<meta property=\"og:description\" content=\"Tesla boce nude originalne dizajne s likom slavnog znanstvenika. Promovirajte svjetliju budu\u0107nost uz Tesla bocu. Do\u0111ite i pregledajte ih!\" \/>\n<meta property=\"og:url\" content=\"https:\/\/store.nikolateslalegend.com\/hr\/proizvod\/premium-boca-nikola-tesla-legend\/\" \/>\n<meta property=\"og:site_name\" content=\"Nikola Tesla Legend Store\" \/>\n<meta property=\"article:publisher\" content=\"https:\/\/www.facebook.com\/NikolaTeslaLegend\/\" \/>\n<meta property=\"article:modified_time\" content=\"2023-01-01T11:31:18+00:00\" \/>\n<meta property=\"og:image\" content=\"https:\/\/store.nikolateslalegend.com\/wp-content\/uploads\/2022\/11\/Premium-Bottle-Nikola-Tesla-Legend-4.jpeg\" \/>\n\t<meta property=\"og:image:width\" content=\"1200\" \/>\n\t<meta property=\"og:image:height\" content=\"1200\" \/>\n\t<meta property=\"og:image:type\" content=\"image\/jpeg\" \/>\n<meta name=\"twitter:card\" content=\"summary_large_image\" \/>\n<meta name=\"twitter:site\" content=\"@NikolaTeslaL\" \/>\n<meta name=\"twitter:label1\" content=\"Procijenjeno vrijeme \u010ditanja\" \/>\n\t<meta name=\"twitter:data1\" content=\"2 minute\" \/>\n<script type=\"application\/ld+json\" class=\"yoast-schema-graph\">{\"@context\":\"https:\/\/schema.org\",\"@graph\":[{\"@type\":\"WebPage\",\"@id\":\"https:\/\/store.nikolateslalegend.com\/hr\/proizvod\/premium-boca-nikola-tesla-legend\/\",\"url\":\"https:\/\/store.nikolateslalegend.com\/hr\/proizvod\/premium-boca-nikola-tesla-legend\/\",\"name\":\"Premium boca Nikola Tesla Legend - Nikola Tesla Legend Store\",\"isPartOf\":{\"@id\":\"https:\/\/store.nikolateslalegend.com\/hr\/#website\"},\"datePublished\":\"2022-11-14T06:43:18+00:00\",\"dateModified\":\"2023-01-01T11:31:18+00:00\",\"description\":\"Tesla boce nude originalne dizajne s likom slavnog znanstvenika. Promovirajte svjetliju budu\u0107nost uz Tesla bocu. Do\u0111ite i pregledajte ih!\",\"breadcrumb\":{\"@id\":\"https:\/\/store.nikolateslalegend.com\/hr\/proizvod\/premium-boca-nikola-tesla-legend\/#breadcrumb\"},\"inLanguage\":\"hr\",\"potentialAction\":[{\"@type\":\"ReadAction\",\"target\":[\"https:\/\/store.nikolateslalegend.com\/hr\/proizvod\/premium-boca-nikola-tesla-legend\/\"]}]},{\"@type\":\"BreadcrumbList\",\"@id\":\"https:\/\/store.nikolateslalegend.com\/hr\/proizvod\/premium-boca-nikola-tesla-legend\/#breadcrumb\",\"itemListElement\":[{\"@type\":\"ListItem\",\"position\":1,\"name\":\"Home\",\"item\":\"https:\/\/store.nikolateslalegend.com\/hr\/nikola-tesla-legend-web-trgovina\/\"},{\"@type\":\"ListItem\",\"position\":2,\"name\":\"Trgovina\",\"item\":\"https:\/\/store.nikolateslalegend.com\/hr\/trgovina\/\"},{\"@type\":\"ListItem\",\"position\":3,\"name\":\"Premium boca Nikola Tesla Legend\"}]},{\"@type\":\"WebSite\",\"@id\":\"https:\/\/store.nikolateslalegend.com\/hr\/#website\",\"url\":\"https:\/\/store.nikolateslalegend.com\/hr\/\",\"name\":\"Nikola Tesla Legend Store\",\"description\":\"Nikola Tesla Legend Store\",\"potentialAction\":[{\"@type\":\"SearchAction\",\"target\":{\"@type\":\"EntryPoint\",\"urlTemplate\":\"https:\/\/store.nikolateslalegend.com\/hr\/?s={search_term_string}\"},\"query-input\":\"required name=search_term_string\"}],\"inLanguage\":\"hr\"}]}<\/script>\n<!-- \/ Yoast SEO plugin. -->","yoast_head_json":{"title":"Premium boca Nikola Tesla Legend - Nikola Tesla Legend Store","description":"Tesla boce nude originalne dizajne s likom slavnog znanstvenika. Promovirajte svjetliju budu\u0107nost uz Tesla bocu. Do\u0111ite i pregledajte ih!","robots":{"index":"index","follow":"follow","max-snippet":"max-snippet:-1","max-image-preview":"max-image-preview:large","max-video-preview":"max-video-preview:-1"},"canonical":"https:\/\/store.nikolateslalegend.com\/hr\/proizvod\/premium-boca-nikola-tesla-legend\/","og_locale":"hr_HR","og_type":"article","og_title":"Premium boca Nikola Tesla Legend - Nikola Tesla Legend Store","og_description":"Tesla boce nude originalne dizajne s likom slavnog znanstvenika. Promovirajte svjetliju budu\u0107nost uz Tesla bocu. Do\u0111ite i pregledajte ih!","og_url":"https:\/\/store.nikolateslalegend.com\/hr\/proizvod\/premium-boca-nikola-tesla-legend\/","og_site_name":"Nikola Tesla Legend Store","article_publisher":"https:\/\/www.facebook.com\/NikolaTeslaLegend\/","article_modified_time":"2023-01-01T11:31:18+00:00","og_image":[{"width":1200,"height":1200,"url":"https:\/\/store.nikolateslalegend.com\/wp-content\/uploads\/2022\/11\/Premium-Bottle-Nikola-Tesla-Legend-4.jpeg","type":"image\/jpeg"}],"twitter_card":"summary_large_image","twitter_site":"@NikolaTeslaL","twitter_misc":{"Procijenjeno vrijeme \u010ditanja":"2 minute"},"schema":{"@context":"https:\/\/schema.org","@graph":[{"@type":"WebPage","@id":"https:\/\/store.nikolateslalegend.com\/hr\/proizvod\/premium-boca-nikola-tesla-legend\/","url":"https:\/\/store.nikolateslalegend.com\/hr\/proizvod\/premium-boca-nikola-tesla-legend\/","name":"Premium boca Nikola Tesla Legend - Nikola Tesla Legend Store","isPartOf":{"@id":"https:\/\/store.nikolateslalegend.com\/hr\/#website"},"datePublished":"2022-11-14T06:43:18+00:00","dateModified":"2023-01-01T11:31:18+00:00","description":"Tesla boce nude originalne dizajne s likom slavnog znanstvenika. Promovirajte svjetliju budu\u0107nost uz Tesla bocu. Do\u0111ite i pregledajte ih!","breadcrumb":{"@id":"https:\/\/store.nikolateslalegend.com\/hr\/proizvod\/premium-boca-nikola-tesla-legend\/#breadcrumb"},"inLanguage":"hr","potentialAction":[{"@type":"ReadAction","target":["https:\/\/store.nikolateslalegend.com\/hr\/proizvod\/premium-boca-nikola-tesla-legend\/"]}]},{"@type":"BreadcrumbList","@id":"https:\/\/store.nikolateslalegend.com\/hr\/proizvod\/premium-boca-nikola-tesla-legend\/#breadcrumb","itemListElement":[{"@type":"ListItem","position":1,"name":"Home","item":"https:\/\/store.nikolateslalegend.com\/hr\/nikola-tesla-legend-web-trgovina\/"},{"@type":"ListItem","position":2,"name":"Trgovina","item":"https:\/\/store.nikolateslalegend.com\/hr\/trgovina\/"},{"@type":"ListItem","position":3,"name":"Premium boca Nikola Tesla Legend"}]},{"@type":"WebSite","@id":"https:\/\/store.nikolateslalegend.com\/hr\/#website","url":"https:\/\/store.nikolateslalegend.com\/hr\/","name":"Nikola Tesla Legend Store","description":"Nikola Tesla Legend Store","potentialAction":[{"@type":"SearchAction","target":{"@type":"EntryPoint","urlTemplate":"https:\/\/store.nikolateslalegend.com\/hr\/?s={search_term_string}"},"query-input":"required name=search_term_string"}],"inLanguage":"hr"}]}},"_links":{"self":[{"href":"https:\/\/store.nikolateslalegend.com\/hr\/wp-json\/wp\/v2\/product\/11039","targetHints":{"allow":["GET"]}}],"collection":[{"href":"https:\/\/store.nikolateslalegend.com\/hr\/wp-json\/wp\/v2\/product"}],"about":[{"href":"https:\/\/store.nikolateslalegend.com\/hr\/wp-json\/wp\/v2\/types\/product"}],"replies":[{"embeddable":true,"href":"https:\/\/store.nikolateslalegend.com\/hr\/wp-json\/wp\/v2\/comments?post=11039"}],"version-history":[{"count":1,"href":"https:\/\/store.nikolateslalegend.com\/hr\/wp-json\/wp\/v2\/product\/11039\/revisions"}],"predecessor-version":[{"id":12422,"href":"https:\/\/store.nikolateslalegend.com\/hr\/wp-json\/wp\/v2\/product\/11039\/revisions\/12422"}],"wp:featuredmedia":[{"embeddable":true,"href":"https:\/\/store.nikolateslalegend.com\/hr\/wp-json\/wp\/v2\/media\/11032"}],"wp:attachment":[{"href":"https:\/\/store.nikolateslalegend.com\/hr\/wp-json\/wp\/v2\/media?parent=11039"}],"wp:term":[{"taxonomy":"product_cat","embeddable":true,"href":"https:\/\/store.nikolateslalegend.com\/hr\/wp-json\/wp\/v2\/product_cat?post=11039"},{"taxonomy":"product_tag","embeddable":true,"href":"https:\/\/store.nikolateslalegend.com\/hr\/wp-json\/wp\/v2\/product_tag?post=11039"}],"curies":[{"name":"wp","href":"https:\/\/api.w.org\/{rel}","templated":true}]}}