{"id":10831,"date":"2022-11-11T13:10:19","date_gmt":"2022-11-11T12:10:19","guid":{"rendered":"https:\/\/store.nikolateslalegend.com\/product\/premium-longsleeve-t-shirt-holy-grail\/"},"modified":"2023-01-01T12:35:09","modified_gmt":"2023-01-01T11:35:09","slug":"premium-tesla-majica-dugih-rukava-holy-grail","status":"publish","type":"product","link":"https:\/\/store.nikolateslalegend.com\/hr\/proizvod\/premium-tesla-majica-dugih-rukava-holy-grail\/","title":{"rendered":"Premium Tesla majica dugih rukava Holy Grail"},"content":{"rendered":"<p>Premium majica dugih rukava Holy Grail je visokokvalitetna majica s motivima povezanim s Nikolom Teslom. Odlikuje je originalni dizajn, kvalitetni materijali i tisak. Ova majica iskazuje va\u0161 pozitivan \u017eivotni stav, \u017eelju za boljim svijetom i zahvalnost prema jednom od najve\u0107ih izumitelja svih vremena.<\/p>\n<h3><strong>Nekoliko razloga za\u0161to bi ste trebali kupiti ovu majicu?<\/strong><\/h3>\n<h3><i class=\"fas fa-check-circle\" style=\"color: #67b7a7\"><\/i> Majice su savr\u0161en poklon, a posebno Nikola Tesla Legend majice.<\/h3>\n<p>Evo nekoliko razloga za\u0161to su Nikola Tesla Legend majice savr\u0161en poklon.<\/p>\n<ul class=\"circle\">\n<li>Svi nose majice i tu ne mo\u017eete pogrije\u0161iti<\/li>\n<li>Nikola Tesla Legend majice su elegantne i sa stilom<\/li>\n<li>To je poklon koji ima trajnu vrijednost<\/li>\n<li>Zaljubljenike u tehnologiju i znanost \u0107e obradovati majica s motivima Nikole Tesle<\/li>\n<li>Fanovi Nikole Tesle \u0107e biti jednostavno odu\u0161evljeni<\/li>\n<\/ul>\n<h3><i class=\"fas fa-check-circle\" style=\"color: #67b7a7\"><\/i> Visoka kvaliteta<\/h3>\n<p>Nikola Tesla Legend majice izra\u0111uju se iz visokokvalitetnih materijala. Majice su izra\u0111ene od pamuka izuzetne kakvo\u0107e s kvalitetnim i izdr\u017eljivim tiskom. Na\u0161e majice ostavljaju dojam kvalitete i u njima \u0107ete se osje\u0107ati ugodno.<\/p>\n<h3><i class=\"fas fa-check-circle\" style=\"color: #67b7a7\"><\/i>\u00a0Tesla originalni dizajn<\/h3>\n<p>Nikola Tesla Legend majice mo\u017eete prona\u0107i samo na na\u0161oj web trgovini. Dizajn majica je originalan, a majice proizvodimo u malim serijama. Nikola Tesla Legend majice vam omogu\u0107uju da i bi budete originalni i s prepoznatljivim stilom.<\/p>\n<h3><i class=\"fas fa-check-circle\" style=\"color: #67b7a7\"><\/i> Prilika da poka\u017eite svoj stav i osobnost<\/h3>\n<p>Nikola Tesla Legend majice su dobar na\u010din da poka\u017eete va\u0161 stav, stil, interese i osobnost. Nikola Tesla je bio legendarni znanstvenik i izumitelj koji je omogu\u0107io tehnolo\u0161ki razvoj \u010dovje\u010danstva u 20-tom stolje\u0107u. Iako je imao priliku biti me\u0111u najbogatijim ljudima svojeg vremena, on je sav svoj imetak potro\u0161io na ostvarenje svojeg \u017eivotnog sna. Nikola Tesla je \u017eelio osigurati besplatnu energiju za cijelo \u010dovje\u010danstvo. Zamislite svijet gdje je energija besplatna i beskona\u010dna? To bi bio svijet gdje ne bi bilo gladnih, svijet gdje se ne bi vodili ratovi zbog energije i sa nezamislivim tehnolo\u0161kim mogu\u0107nostima.<\/p>\n<h3><i class=\"fas fa-check-circle\" style=\"color: #67b7a7\"><\/i> Ispravimo nepravdu prema Nikoli Tesli<\/h3>\n<p>Iako su Teslini izumi i otkri\u0107a omogu\u0107ili tehnolo\u0161ki razvoj \u010dovje\u010danstva, on za to nije dobio zaslu\u017eeno priznanje i slavu. Puno godina nakon svoje smrti bio je gotovo zaboravljen. Mnogi njegovi izumi i otkri\u0107a su drugi znanstvenici predstavili kao svoje i za to dobili brojne nagrade i priznanja. Nekoliko Nobelovih nagrada je dodijeljeno za otkri\u0107a bazirana na njegovom radu, a on nikad nije dobio Nobelovu nagradu iako ju je zaslu\u017eio. Kupovinom majice i vi poma\u017eete da Nikola Tesla ne bude zaboravljen i da legenda o Nikoli Tesli \u017eivi i dalje.<\/p>\n<p>&nbsp;<\/p>\n<p>Opis: Vrhunska uniseks majica dugih rukava izra\u0111ena od 100% prstenastog \u010de\u0161ljanog pamuka dobar je izbor za udobnu i mekanu majicu dugih rukava.<\/p>\n<p>Postupak odr\u017eavanja: Ne preporu\u010da se pranje na temperaturi ve\u0107oj od 30\u00b0C kao ni prelazak gla\u010dalom preko tiska. Kori\u0161tenje nagrizaju\u0107ih sredstava i sna\u017enih deterd\u017eenata mo\u017ee izazvati reakciju s bojama i o\u0161tetiti proizvod. Detaljnije upute i preporuke dostupne su na etiketi proizvoda.<\/p>\n","protected":false},"excerpt":{"rendered":"<p>Premium majica dugih rukava Holy Grail je visokokvalitetna majica s motivima povezanim s Nikolom Teslom. Odlikuje je originalni dizajn, kvalitetni materijali i tisak. Ova majica iskazuje va\u0161 pozitivan \u017eivotni stav, \u017eelju za boljim svijetom i zahvalnost prema jednom&#8230;<\/p>\n","protected":false},"featured_media":10826,"comment_status":"open","ping_status":"closed","template":"","meta":{"inline_featured_image":false},"product_cat":[252,114],"product_tag":[],"class_list":["post-10831","product","type-product","status-publish","has-post-thumbnail","hentry","product_cat-tesla-majice-hr","product_cat-odjeca"],"etheme_brands":{"errors":{"invalid_taxonomy":["Nevaljana taksonomija."]},"error_data":[]},"yoast_head":"<!-- This site is optimized with the Yoast SEO plugin v19.10 - https:\/\/yoast.com\/wordpress\/plugins\/seo\/ -->\n<title>Premium Tesla majica dugih rukava Holy Grail - Nikola Tesla Legend Store<\/title>\n<meta name=\"description\" content=\"Tesla majice nude originalne dizajne s likom slavnog znanstvenika. Promovirajte svjetliju budu\u0107nost uz Tesla majicu. Do\u0111ite i pregledajte ih!\" \/>\n<meta name=\"robots\" content=\"index, follow, max-snippet:-1, max-image-preview:large, max-video-preview:-1\" \/>\n<link rel=\"canonical\" href=\"https:\/\/store.nikolateslalegend.com\/hr\/proizvod\/premium-tesla-majica-dugih-rukava-holy-grail\/\" \/>\n<meta property=\"og:locale\" content=\"hr_HR\" \/>\n<meta property=\"og:type\" content=\"article\" \/>\n<meta property=\"og:title\" content=\"Premium Tesla majica dugih rukava Holy Grail - Nikola Tesla Legend Store\" \/>\n<meta property=\"og:description\" content=\"Tesla majice nude originalne dizajne s likom slavnog znanstvenika. Promovirajte svjetliju budu\u0107nost uz Tesla majicu. Do\u0111ite i pregledajte ih!\" \/>\n<meta property=\"og:url\" content=\"https:\/\/store.nikolateslalegend.com\/hr\/proizvod\/premium-tesla-majica-dugih-rukava-holy-grail\/\" \/>\n<meta property=\"og:site_name\" content=\"Nikola Tesla Legend Store\" \/>\n<meta property=\"article:publisher\" content=\"https:\/\/www.facebook.com\/NikolaTeslaLegend\/\" \/>\n<meta property=\"article:modified_time\" content=\"2023-01-01T11:35:09+00:00\" \/>\n<meta property=\"og:image\" content=\"https:\/\/store.nikolateslalegend.com\/wp-content\/uploads\/2022\/11\/Tesla-Premium_Longsleeve_T-shirt_Holy-grail-3.jpeg\" \/>\n\t<meta property=\"og:image:width\" content=\"1200\" \/>\n\t<meta property=\"og:image:height\" content=\"1200\" \/>\n\t<meta property=\"og:image:type\" content=\"image\/jpeg\" \/>\n<meta name=\"twitter:card\" content=\"summary_large_image\" \/>\n<meta name=\"twitter:site\" content=\"@NikolaTeslaL\" \/>\n<meta name=\"twitter:label1\" content=\"Procijenjeno vrijeme \u010ditanja\" \/>\n\t<meta name=\"twitter:data1\" content=\"2 minute\" \/>\n<script type=\"application\/ld+json\" class=\"yoast-schema-graph\">{\"@context\":\"https:\/\/schema.org\",\"@graph\":[{\"@type\":\"WebPage\",\"@id\":\"https:\/\/store.nikolateslalegend.com\/hr\/proizvod\/premium-tesla-majica-dugih-rukava-holy-grail\/\",\"url\":\"https:\/\/store.nikolateslalegend.com\/hr\/proizvod\/premium-tesla-majica-dugih-rukava-holy-grail\/\",\"name\":\"Premium Tesla majica dugih rukava Holy Grail - Nikola Tesla Legend Store\",\"isPartOf\":{\"@id\":\"https:\/\/store.nikolateslalegend.com\/hr\/#website\"},\"datePublished\":\"2022-11-11T12:10:19+00:00\",\"dateModified\":\"2023-01-01T11:35:09+00:00\",\"description\":\"Tesla majice nude originalne dizajne s likom slavnog znanstvenika. Promovirajte svjetliju budu\u0107nost uz Tesla majicu. Do\u0111ite i pregledajte ih!\",\"breadcrumb\":{\"@id\":\"https:\/\/store.nikolateslalegend.com\/hr\/proizvod\/premium-tesla-majica-dugih-rukava-holy-grail\/#breadcrumb\"},\"inLanguage\":\"hr\",\"potentialAction\":[{\"@type\":\"ReadAction\",\"target\":[\"https:\/\/store.nikolateslalegend.com\/hr\/proizvod\/premium-tesla-majica-dugih-rukava-holy-grail\/\"]}]},{\"@type\":\"BreadcrumbList\",\"@id\":\"https:\/\/store.nikolateslalegend.com\/hr\/proizvod\/premium-tesla-majica-dugih-rukava-holy-grail\/#breadcrumb\",\"itemListElement\":[{\"@type\":\"ListItem\",\"position\":1,\"name\":\"Home\",\"item\":\"https:\/\/store.nikolateslalegend.com\/hr\/nikola-tesla-legend-web-trgovina\/\"},{\"@type\":\"ListItem\",\"position\":2,\"name\":\"Trgovina\",\"item\":\"https:\/\/store.nikolateslalegend.com\/hr\/trgovina\/\"},{\"@type\":\"ListItem\",\"position\":3,\"name\":\"Premium Tesla majica dugih rukava Holy Grail\"}]},{\"@type\":\"WebSite\",\"@id\":\"https:\/\/store.nikolateslalegend.com\/hr\/#website\",\"url\":\"https:\/\/store.nikolateslalegend.com\/hr\/\",\"name\":\"Nikola Tesla Legend Store\",\"description\":\"Nikola Tesla Legend Store\",\"potentialAction\":[{\"@type\":\"SearchAction\",\"target\":{\"@type\":\"EntryPoint\",\"urlTemplate\":\"https:\/\/store.nikolateslalegend.com\/hr\/?s={search_term_string}\"},\"query-input\":\"required name=search_term_string\"}],\"inLanguage\":\"hr\"}]}<\/script>\n<!-- \/ Yoast SEO plugin. -->","yoast_head_json":{"title":"Premium Tesla majica dugih rukava Holy Grail - Nikola Tesla Legend Store","description":"Tesla majice nude originalne dizajne s likom slavnog znanstvenika. Promovirajte svjetliju budu\u0107nost uz Tesla majicu. Do\u0111ite i pregledajte ih!","robots":{"index":"index","follow":"follow","max-snippet":"max-snippet:-1","max-image-preview":"max-image-preview:large","max-video-preview":"max-video-preview:-1"},"canonical":"https:\/\/store.nikolateslalegend.com\/hr\/proizvod\/premium-tesla-majica-dugih-rukava-holy-grail\/","og_locale":"hr_HR","og_type":"article","og_title":"Premium Tesla majica dugih rukava Holy Grail - Nikola Tesla Legend Store","og_description":"Tesla majice nude originalne dizajne s likom slavnog znanstvenika. Promovirajte svjetliju budu\u0107nost uz Tesla majicu. Do\u0111ite i pregledajte ih!","og_url":"https:\/\/store.nikolateslalegend.com\/hr\/proizvod\/premium-tesla-majica-dugih-rukava-holy-grail\/","og_site_name":"Nikola Tesla Legend Store","article_publisher":"https:\/\/www.facebook.com\/NikolaTeslaLegend\/","article_modified_time":"2023-01-01T11:35:09+00:00","og_image":[{"width":1200,"height":1200,"url":"https:\/\/store.nikolateslalegend.com\/wp-content\/uploads\/2022\/11\/Tesla-Premium_Longsleeve_T-shirt_Holy-grail-3.jpeg","type":"image\/jpeg"}],"twitter_card":"summary_large_image","twitter_site":"@NikolaTeslaL","twitter_misc":{"Procijenjeno vrijeme \u010ditanja":"2 minute"},"schema":{"@context":"https:\/\/schema.org","@graph":[{"@type":"WebPage","@id":"https:\/\/store.nikolateslalegend.com\/hr\/proizvod\/premium-tesla-majica-dugih-rukava-holy-grail\/","url":"https:\/\/store.nikolateslalegend.com\/hr\/proizvod\/premium-tesla-majica-dugih-rukava-holy-grail\/","name":"Premium Tesla majica dugih rukava Holy Grail - Nikola Tesla Legend Store","isPartOf":{"@id":"https:\/\/store.nikolateslalegend.com\/hr\/#website"},"datePublished":"2022-11-11T12:10:19+00:00","dateModified":"2023-01-01T11:35:09+00:00","description":"Tesla majice nude originalne dizajne s likom slavnog znanstvenika. Promovirajte svjetliju budu\u0107nost uz Tesla majicu. Do\u0111ite i pregledajte ih!","breadcrumb":{"@id":"https:\/\/store.nikolateslalegend.com\/hr\/proizvod\/premium-tesla-majica-dugih-rukava-holy-grail\/#breadcrumb"},"inLanguage":"hr","potentialAction":[{"@type":"ReadAction","target":["https:\/\/store.nikolateslalegend.com\/hr\/proizvod\/premium-tesla-majica-dugih-rukava-holy-grail\/"]}]},{"@type":"BreadcrumbList","@id":"https:\/\/store.nikolateslalegend.com\/hr\/proizvod\/premium-tesla-majica-dugih-rukava-holy-grail\/#breadcrumb","itemListElement":[{"@type":"ListItem","position":1,"name":"Home","item":"https:\/\/store.nikolateslalegend.com\/hr\/nikola-tesla-legend-web-trgovina\/"},{"@type":"ListItem","position":2,"name":"Trgovina","item":"https:\/\/store.nikolateslalegend.com\/hr\/trgovina\/"},{"@type":"ListItem","position":3,"name":"Premium Tesla majica dugih rukava Holy Grail"}]},{"@type":"WebSite","@id":"https:\/\/store.nikolateslalegend.com\/hr\/#website","url":"https:\/\/store.nikolateslalegend.com\/hr\/","name":"Nikola Tesla Legend Store","description":"Nikola Tesla Legend Store","potentialAction":[{"@type":"SearchAction","target":{"@type":"EntryPoint","urlTemplate":"https:\/\/store.nikolateslalegend.com\/hr\/?s={search_term_string}"},"query-input":"required name=search_term_string"}],"inLanguage":"hr"}]}},"_links":{"self":[{"href":"https:\/\/store.nikolateslalegend.com\/hr\/wp-json\/wp\/v2\/product\/10831","targetHints":{"allow":["GET"]}}],"collection":[{"href":"https:\/\/store.nikolateslalegend.com\/hr\/wp-json\/wp\/v2\/product"}],"about":[{"href":"https:\/\/store.nikolateslalegend.com\/hr\/wp-json\/wp\/v2\/types\/product"}],"replies":[{"embeddable":true,"href":"https:\/\/store.nikolateslalegend.com\/hr\/wp-json\/wp\/v2\/comments?post=10831"}],"version-history":[{"count":3,"href":"https:\/\/store.nikolateslalegend.com\/hr\/wp-json\/wp\/v2\/product\/10831\/revisions"}],"predecessor-version":[{"id":12364,"href":"https:\/\/store.nikolateslalegend.com\/hr\/wp-json\/wp\/v2\/product\/10831\/revisions\/12364"}],"wp:featuredmedia":[{"embeddable":true,"href":"https:\/\/store.nikolateslalegend.com\/hr\/wp-json\/wp\/v2\/media\/10826"}],"wp:attachment":[{"href":"https:\/\/store.nikolateslalegend.com\/hr\/wp-json\/wp\/v2\/media?parent=10831"}],"wp:term":[{"taxonomy":"product_cat","embeddable":true,"href":"https:\/\/store.nikolateslalegend.com\/hr\/wp-json\/wp\/v2\/product_cat?post=10831"},{"taxonomy":"product_tag","embeddable":true,"href":"https:\/\/store.nikolateslalegend.com\/hr\/wp-json\/wp\/v2\/product_tag?post=10831"}],"curies":[{"name":"wp","href":"https:\/\/api.w.org\/{rel}","templated":true}]}}