{"id":10437,"date":"2022-11-09T07:10:01","date_gmt":"2022-11-09T06:10:01","guid":{"rendered":"https:\/\/store.nikolateslalegend.com\/product\/poster-golden-tesla-copy\/"},"modified":"2023-01-03T10:53:38","modified_gmt":"2023-01-03T09:53:38","slug":"poster-tesla-golden-tesla","status":"publish","type":"product","link":"https:\/\/store.nikolateslalegend.com\/hr\/proizvod\/poster-tesla-golden-tesla\/","title":{"rendered":"Poster Golden Tesla"},"content":{"rendered":"\t\t<div data-elementor-type=\"wp-post\" data-elementor-id=\"10437\" class=\"elementor elementor-10437 elementor-10430\">\n\t\t\t\t\t\t\t\t\t<section class=\"elementor-section elementor-top-section elementor-element elementor-element-374f585 elementor-section-boxed elementor-section-height-default elementor-section-height-default\" data-id=\"374f585\" data-element_type=\"section\">\n\t\t\t\t\t\t<div class=\"elementor-container elementor-column-gap-default\">\n\t\t\t\t\t<div class=\"elementor-column elementor-col-100 elementor-top-column elementor-element elementor-element-4ded66af\" data-id=\"4ded66af\" data-element_type=\"column\">\n\t\t\t<div class=\"elementor-widget-wrap elementor-element-populated\">\n\t\t\t\t\t\t\t\t<div class=\"elementor-element elementor-element-67eb5d63 elementor-widget elementor-widget-text-editor\" data-id=\"67eb5d63\" data-element_type=\"widget\" data-widget_type=\"text-editor.default\">\n\t\t\t\t<div class=\"elementor-widget-container\">\n\t\t\t<style>\/*! elementor - v3.8.1 - 13-11-2022 *\/\n.elementor-widget-text-editor.elementor-drop-cap-view-stacked .elementor-drop-cap{background-color:#818a91;color:#fff}.elementor-widget-text-editor.elementor-drop-cap-view-framed .elementor-drop-cap{color:#818a91;border:3px solid;background-color:transparent}.elementor-widget-text-editor:not(.elementor-drop-cap-view-default) .elementor-drop-cap{margin-top:8px}.elementor-widget-text-editor:not(.elementor-drop-cap-view-default) .elementor-drop-cap-letter{width:1em;height:1em}.elementor-widget-text-editor .elementor-drop-cap{float:left;text-align:center;line-height:1;font-size:50px}.elementor-widget-text-editor .elementor-drop-cap-letter{display:inline-block}<\/style>\t\t\t\t<p>Poster s temom Nikole Tesle otisnut je na visokokvalitetnom premaznom papiru. Raspolo\u017eivo je vi\u0161e dimenzija postera. Ovaj poster \u0107e biti savr\u0161ena dekoracija za va\u0161 dom ili ured, a ujedno je odli\u010dna ideja za poklon. Okvir nije dio isporuku.<\/p><h3><i class=\"fas fa-check-circle\" style=\"color: #67b7a7;\"><\/i> Poster &#8211; odli\u010dna ideja za poklon<\/h3><p>Kupovinom postera pokazujete primatelju da ste puno razmi\u0161ljali i odabrali ne\u0161to \u0161to \u0107e mu se svidjeti. Ako je osoba kojoj kupujete poklon zainteresirana za znanost, tehnologiju i obrazovanje, poster tematski vezan uz Nikolu Teslu \u0107e ju zasigurno odu\u0161eviti.<\/p><h3><i class=\"fas fa-check-circle\" style=\"color: #67b7a7;\"><\/i> Originalni posteri<\/h3><p>Sami dizajniramo Nikola Tesla Legend postere pa ih ne mo\u017eete kupiti nigdje drugdje pa su oni gotovo unikatni ukrasi za va\u0161 dom. Tiskamo ih u malim serijama pa imaju i kolekcionarsku vrijednost.<\/p><h3><i class=\"fas fa-check-circle\" style=\"color: #67b7a7;\"><\/i> Savr\u0161ena dekoracija za va\u0161 dom<\/h3><p>Na\u0161i posteri su lijepog dizajna, zanimljivih motiva i imaju osobnost. Lijepi posteri tematski povezani s Nikolom Teslom \u0107e ukrasiti va\u0161 dom ili ured. Poka\u017eite va\u0161im gostima stil i osobnost.<\/p><h3><i class=\"fas fa-check-circle\" style=\"color: #67b7a7;\"><\/i> Nikola Tesla \u0107e vas inspirirati<\/h3><p>Nikola Tesla je znanstvenik i izumitelj \u010dija \u017eivotna pri\u010da nikoga ne ostavlja ravnodu\u0161nim. Rodio se u malom zaba\u010denom selu u dana\u0161njoj Hrvatskoj, a postao je jedan od izumitelja \u010diji su izumi najvi\u0161e utjecali na razvoj tehnologije u 20-tom stolje\u0107u. Tesla nije \u017eelio biti bogat i sve \u0161to je zaradio ulo\u017eio je u ostvarenje svojeg sna da svijet u\u010dini boljim mjestom.<\/p><p>Njegov san je bio omogu\u0107iti svima besplatnu energiju koja bi slu\u017eila \u010dovje\u010danstvu. To bi bio svijet nezamislivih tehnolo\u0161kih mogu\u0107nosti, bez gladi i bez ratova. Mi kao pojedinci te\u0161ko mo\u017eemo promijeniti svijet, ali u svojem podru\u010dju rada i svojoj lokalnoj zajednici rade\u0107i male stvari mo\u017eete ga u\u010diniti boljim. Poster Nikole Tesle \u0107e vas svaki dan podsjetiti na to da i vi mo\u017eete svijet u\u010diniti malo boljim mjestom.<\/p><h3><i class=\"fas fa-check-circle\" style=\"color: #67b7a7;\"><\/i> Standardne dimenzije okvira<\/h3><p>Postere mo\u017eete nabaviti u dimenzijama najpopularnijih okvira za slike. To zna\u010di da odgovaraju\u0107i okvir za poster mo\u017eete nabaviti u bilo kojoj prodavaonici koja prodaje okvire za slike. Okvir nije uklju\u010den u isporuku.<\/p><h3><i class=\"fas fa-check-circle\" style=\"color: #67b7a7;\"><\/i> Kvalitetan tisak<\/h3><p>Na\u0161e postere odlikuje kvalitetan tisak na kvalitetnom papiru. Na taj na\u010din osigurana je dugovje\u010dnost postera.<\/p><p><b>DEKLARACIJA<\/b><\/p><ul><li>Zemlja porijekla: EU, Hrvatska<\/li><li>Proizvedeno za: TESLA d.o.o., Horvatsko 18 (\u0110ure Arnolda 8), Ivanec<\/li><li>Veli\u010dina: 30cm x 40cm \/ 40cm x 50 cm \/ 61 cm x 91 cm<\/li><li>Preporuka: U svrhu prezentacije proizvoda i za\u0161tite od vanjskih utjecaja, preporu\u010da se plastifikacija ili postavljanje u okvir.<\/li><\/ul>\t\t\t\t\t\t<\/div>\n\t\t\t\t<\/div>\n\t\t\t\t\t<\/div>\n\t\t<\/div>\n\t\t\t\t\t\t\t<\/div>\n\t\t<\/section>\n\t\t\t\t\t\t\t<\/div>\n\t\t","protected":false},"excerpt":{"rendered":"<p>Poster s temom Nikole Tesle otisnut je na visokokvalitetnom premaznom papiru. Raspolo\u017eivo je vi\u0161e dimenzija postera. Ovaj poster \u0107e biti savr\u0161ena dekoracija za va\u0161 dom ili ured, a ujedno je odli\u010dna ideja za poklon. Okvir nije dio isporuku&#8230;.<\/p>\n","protected":false},"featured_media":9401,"comment_status":"open","ping_status":"closed","template":"","meta":{"inline_featured_image":false},"product_cat":[121],"product_tag":[],"class_list":["post-10437","product","type-product","status-publish","has-post-thumbnail","hentry","product_cat-posteri-i-slike"],"etheme_brands":{"errors":{"invalid_taxonomy":["Nevaljana taksonomija."]},"error_data":[]},"yoast_head":"<!-- This site is optimized with the Yoast SEO plugin v19.10 - https:\/\/yoast.com\/wordpress\/plugins\/seo\/ -->\n<title>Poster Golden Tesla - Nikola Tesla Legend Store<\/title>\n<meta name=\"description\" content=\"Tesla posteri nude originalne dizajne s likom slavnog znanstvenika. Promovirajte svjetliju budu\u0107nost uz Tesla poster. Do\u0111ite i pregledajte ih!\" \/>\n<meta name=\"robots\" content=\"index, follow, max-snippet:-1, max-image-preview:large, max-video-preview:-1\" \/>\n<link rel=\"canonical\" href=\"https:\/\/store.nikolateslalegend.com\/hr\/proizvod\/poster-tesla-golden-tesla\/\" \/>\n<meta property=\"og:locale\" content=\"hr_HR\" \/>\n<meta property=\"og:type\" content=\"article\" \/>\n<meta property=\"og:title\" content=\"Poster Golden Tesla - Nikola Tesla Legend Store\" \/>\n<meta property=\"og:description\" content=\"Tesla posteri nude originalne dizajne s likom slavnog znanstvenika. Promovirajte svjetliju budu\u0107nost uz Tesla poster. Do\u0111ite i pregledajte ih!\" \/>\n<meta property=\"og:url\" content=\"https:\/\/store.nikolateslalegend.com\/hr\/proizvod\/poster-tesla-golden-tesla\/\" \/>\n<meta property=\"og:site_name\" content=\"Nikola Tesla Legend Store\" \/>\n<meta property=\"article:publisher\" content=\"https:\/\/www.facebook.com\/NikolaTeslaLegend\/\" \/>\n<meta property=\"article:modified_time\" content=\"2023-01-03T09:53:38+00:00\" \/>\n<meta property=\"og:image\" content=\"https:\/\/store.nikolateslalegend.com\/wp-content\/uploads\/2022\/08\/Poster-Golden-Tesla.jpg\" \/>\n\t<meta property=\"og:image:width\" content=\"804\" \/>\n\t<meta property=\"og:image:height\" content=\"1200\" \/>\n\t<meta property=\"og:image:type\" content=\"image\/jpeg\" \/>\n<meta name=\"twitter:card\" content=\"summary_large_image\" \/>\n<meta name=\"twitter:site\" content=\"@NikolaTeslaL\" \/>\n<meta name=\"twitter:label1\" content=\"Procijenjeno vrijeme \u010ditanja\" \/>\n\t<meta name=\"twitter:data1\" content=\"3 minute\" \/>\n<script type=\"application\/ld+json\" class=\"yoast-schema-graph\">{\"@context\":\"https:\/\/schema.org\",\"@graph\":[{\"@type\":\"WebPage\",\"@id\":\"https:\/\/store.nikolateslalegend.com\/hr\/proizvod\/poster-tesla-golden-tesla\/\",\"url\":\"https:\/\/store.nikolateslalegend.com\/hr\/proizvod\/poster-tesla-golden-tesla\/\",\"name\":\"Poster Golden Tesla - Nikola Tesla Legend Store\",\"isPartOf\":{\"@id\":\"https:\/\/store.nikolateslalegend.com\/hr\/#website\"},\"datePublished\":\"2022-11-09T06:10:01+00:00\",\"dateModified\":\"2023-01-03T09:53:38+00:00\",\"description\":\"Tesla posteri nude originalne dizajne s likom slavnog znanstvenika. Promovirajte svjetliju budu\u0107nost uz Tesla poster. Do\u0111ite i pregledajte ih!\",\"breadcrumb\":{\"@id\":\"https:\/\/store.nikolateslalegend.com\/hr\/proizvod\/poster-tesla-golden-tesla\/#breadcrumb\"},\"inLanguage\":\"hr\",\"potentialAction\":[{\"@type\":\"ReadAction\",\"target\":[\"https:\/\/store.nikolateslalegend.com\/hr\/proizvod\/poster-tesla-golden-tesla\/\"]}]},{\"@type\":\"BreadcrumbList\",\"@id\":\"https:\/\/store.nikolateslalegend.com\/hr\/proizvod\/poster-tesla-golden-tesla\/#breadcrumb\",\"itemListElement\":[{\"@type\":\"ListItem\",\"position\":1,\"name\":\"Home\",\"item\":\"https:\/\/store.nikolateslalegend.com\/hr\/nikola-tesla-legend-web-trgovina\/\"},{\"@type\":\"ListItem\",\"position\":2,\"name\":\"Trgovina\",\"item\":\"https:\/\/store.nikolateslalegend.com\/hr\/trgovina\/\"},{\"@type\":\"ListItem\",\"position\":3,\"name\":\"Poster Golden Tesla\"}]},{\"@type\":\"WebSite\",\"@id\":\"https:\/\/store.nikolateslalegend.com\/hr\/#website\",\"url\":\"https:\/\/store.nikolateslalegend.com\/hr\/\",\"name\":\"Nikola Tesla Legend Store\",\"description\":\"Nikola Tesla Legend Store\",\"potentialAction\":[{\"@type\":\"SearchAction\",\"target\":{\"@type\":\"EntryPoint\",\"urlTemplate\":\"https:\/\/store.nikolateslalegend.com\/hr\/?s={search_term_string}\"},\"query-input\":\"required name=search_term_string\"}],\"inLanguage\":\"hr\"}]}<\/script>\n<!-- \/ Yoast SEO plugin. -->","yoast_head_json":{"title":"Poster Golden Tesla - Nikola Tesla Legend Store","description":"Tesla posteri nude originalne dizajne s likom slavnog znanstvenika. Promovirajte svjetliju budu\u0107nost uz Tesla poster. Do\u0111ite i pregledajte ih!","robots":{"index":"index","follow":"follow","max-snippet":"max-snippet:-1","max-image-preview":"max-image-preview:large","max-video-preview":"max-video-preview:-1"},"canonical":"https:\/\/store.nikolateslalegend.com\/hr\/proizvod\/poster-tesla-golden-tesla\/","og_locale":"hr_HR","og_type":"article","og_title":"Poster Golden Tesla - Nikola Tesla Legend Store","og_description":"Tesla posteri nude originalne dizajne s likom slavnog znanstvenika. Promovirajte svjetliju budu\u0107nost uz Tesla poster. Do\u0111ite i pregledajte ih!","og_url":"https:\/\/store.nikolateslalegend.com\/hr\/proizvod\/poster-tesla-golden-tesla\/","og_site_name":"Nikola Tesla Legend Store","article_publisher":"https:\/\/www.facebook.com\/NikolaTeslaLegend\/","article_modified_time":"2023-01-03T09:53:38+00:00","og_image":[{"width":804,"height":1200,"url":"https:\/\/store.nikolateslalegend.com\/wp-content\/uploads\/2022\/08\/Poster-Golden-Tesla.jpg","type":"image\/jpeg"}],"twitter_card":"summary_large_image","twitter_site":"@NikolaTeslaL","twitter_misc":{"Procijenjeno vrijeme \u010ditanja":"3 minute"},"schema":{"@context":"https:\/\/schema.org","@graph":[{"@type":"WebPage","@id":"https:\/\/store.nikolateslalegend.com\/hr\/proizvod\/poster-tesla-golden-tesla\/","url":"https:\/\/store.nikolateslalegend.com\/hr\/proizvod\/poster-tesla-golden-tesla\/","name":"Poster Golden Tesla - Nikola Tesla Legend Store","isPartOf":{"@id":"https:\/\/store.nikolateslalegend.com\/hr\/#website"},"datePublished":"2022-11-09T06:10:01+00:00","dateModified":"2023-01-03T09:53:38+00:00","description":"Tesla posteri nude originalne dizajne s likom slavnog znanstvenika. Promovirajte svjetliju budu\u0107nost uz Tesla poster. Do\u0111ite i pregledajte ih!","breadcrumb":{"@id":"https:\/\/store.nikolateslalegend.com\/hr\/proizvod\/poster-tesla-golden-tesla\/#breadcrumb"},"inLanguage":"hr","potentialAction":[{"@type":"ReadAction","target":["https:\/\/store.nikolateslalegend.com\/hr\/proizvod\/poster-tesla-golden-tesla\/"]}]},{"@type":"BreadcrumbList","@id":"https:\/\/store.nikolateslalegend.com\/hr\/proizvod\/poster-tesla-golden-tesla\/#breadcrumb","itemListElement":[{"@type":"ListItem","position":1,"name":"Home","item":"https:\/\/store.nikolateslalegend.com\/hr\/nikola-tesla-legend-web-trgovina\/"},{"@type":"ListItem","position":2,"name":"Trgovina","item":"https:\/\/store.nikolateslalegend.com\/hr\/trgovina\/"},{"@type":"ListItem","position":3,"name":"Poster Golden Tesla"}]},{"@type":"WebSite","@id":"https:\/\/store.nikolateslalegend.com\/hr\/#website","url":"https:\/\/store.nikolateslalegend.com\/hr\/","name":"Nikola Tesla Legend Store","description":"Nikola Tesla Legend Store","potentialAction":[{"@type":"SearchAction","target":{"@type":"EntryPoint","urlTemplate":"https:\/\/store.nikolateslalegend.com\/hr\/?s={search_term_string}"},"query-input":"required name=search_term_string"}],"inLanguage":"hr"}]}},"_links":{"self":[{"href":"https:\/\/store.nikolateslalegend.com\/hr\/wp-json\/wp\/v2\/product\/10437","targetHints":{"allow":["GET"]}}],"collection":[{"href":"https:\/\/store.nikolateslalegend.com\/hr\/wp-json\/wp\/v2\/product"}],"about":[{"href":"https:\/\/store.nikolateslalegend.com\/hr\/wp-json\/wp\/v2\/types\/product"}],"replies":[{"embeddable":true,"href":"https:\/\/store.nikolateslalegend.com\/hr\/wp-json\/wp\/v2\/comments?post=10437"}],"version-history":[{"count":8,"href":"https:\/\/store.nikolateslalegend.com\/hr\/wp-json\/wp\/v2\/product\/10437\/revisions"}],"predecessor-version":[{"id":13171,"href":"https:\/\/store.nikolateslalegend.com\/hr\/wp-json\/wp\/v2\/product\/10437\/revisions\/13171"}],"wp:featuredmedia":[{"embeddable":true,"href":"https:\/\/store.nikolateslalegend.com\/hr\/wp-json\/wp\/v2\/media\/9401"}],"wp:attachment":[{"href":"https:\/\/store.nikolateslalegend.com\/hr\/wp-json\/wp\/v2\/media?parent=10437"}],"wp:term":[{"taxonomy":"product_cat","embeddable":true,"href":"https:\/\/store.nikolateslalegend.com\/hr\/wp-json\/wp\/v2\/product_cat?post=10437"},{"taxonomy":"product_tag","embeddable":true,"href":"https:\/\/store.nikolateslalegend.com\/hr\/wp-json\/wp\/v2\/product_tag?post=10437"}],"curies":[{"name":"wp","href":"https:\/\/api.w.org\/{rel}","templated":true}]}}