{"id":10406,"date":"2022-08-04T08:31:50","date_gmt":"2022-08-04T07:31:50","guid":{"rendered":"https:\/\/store.nikolateslalegend.com\/product\/poster-secretes-of-universe\/"},"modified":"2023-01-03T11:03:54","modified_gmt":"2023-01-03T10:03:54","slug":"tesla-poster-secrets-of-universe","status":"publish","type":"product","link":"https:\/\/store.nikolateslalegend.com\/hr\/proizvod\/tesla-poster-secrets-of-universe\/","title":{"rendered":"Poster Secrets of Universe"},"content":{"rendered":"\t\t<div data-elementor-type=\"wp-post\" data-elementor-id=\"10406\" class=\"elementor elementor-10406 elementor-9422\">\n\t\t\t\t\t\t\t\t\t<section class=\"elementor-section elementor-top-section elementor-element elementor-element-9c5dc11 elementor-section-boxed elementor-section-height-default elementor-section-height-default\" data-id=\"9c5dc11\" data-element_type=\"section\">\n\t\t\t\t\t\t<div class=\"elementor-container elementor-column-gap-default\">\n\t\t\t\t\t<div class=\"elementor-column elementor-col-100 elementor-top-column elementor-element elementor-element-81b8373\" data-id=\"81b8373\" data-element_type=\"column\">\n\t\t\t<div class=\"elementor-widget-wrap elementor-element-populated\">\n\t\t\t\t\t\t\t\t<div class=\"elementor-element elementor-element-5bcd24ad elementor-widget elementor-widget-text-editor\" data-id=\"5bcd24ad\" data-element_type=\"widget\" data-widget_type=\"text-editor.default\">\n\t\t\t\t<div class=\"elementor-widget-container\">\n\t\t\t<style>\/*! elementor - v3.8.1 - 13-11-2022 *\/\n.elementor-widget-text-editor.elementor-drop-cap-view-stacked .elementor-drop-cap{background-color:#818a91;color:#fff}.elementor-widget-text-editor.elementor-drop-cap-view-framed .elementor-drop-cap{color:#818a91;border:3px solid;background-color:transparent}.elementor-widget-text-editor:not(.elementor-drop-cap-view-default) .elementor-drop-cap{margin-top:8px}.elementor-widget-text-editor:not(.elementor-drop-cap-view-default) .elementor-drop-cap-letter{width:1em;height:1em}.elementor-widget-text-editor .elementor-drop-cap{float:left;text-align:center;line-height:1;font-size:50px}.elementor-widget-text-editor .elementor-drop-cap-letter{display:inline-block}<\/style>\t\t\t\t<p>Poster s temom Nikole Tesle otisnut je na visokokvalitetnom premaznom papiru. Raspolo\u017eivo je vi\u0161e dimenzija postera. Ovaj poster \u0107e biti savr\u0161ena dekoracija za va\u0161 dom ili ured, a ujedno je odli\u010dna ideja za poklon. Okvir nije uklju\u010den, ali su dimenzije postera prilago\u0111ene veli\u010dinama standardnih okvira dobavljivih u trgovinama poput Ikea-e ili sli\u010dno.<\/p><h3><i class=\"fas fa-check-circle\" style=\"color: #67b7a7;\"><\/i> Poster &#8211; odli\u010dna ideja za poklon<\/h3><p>Ako je osoba kojoj kupujete poklon zainteresirana za znanost, tehnologiju i obrazovanje, poster tematski vezan uz Nikolu Teslu \u0107e je zasigurno odu\u0161eviti.<\/p><h3><i class=\"fas fa-check-circle\" style=\"color: #67b7a7;\"><\/i> Originalni posteri<\/h3><p>Sami dizajniramo Nikola Tesla Legend postere te ih ne mo\u017eete kupiti nigdje drugdje \u0161to ih kao takve \u010dini gotovo unikatnim ukrasima za va\u0161 dom. Tiskamo ih u malim serijama \u010dime im se pridodaje kolekcionarska vrijednost.<\/p><h3><i class=\"fas fa-check-circle\" style=\"color: #67b7a7;\"><\/i> Savr\u0161ena dekoracija za va\u0161 dom<\/h3><p>Na\u0161i posteri lijepog dizajna i zanimljivih motiva zra\u010de osobno\u0161\u0107u Nikole Tesle. Posteri tematski povezani s Nikolom Teslom \u0107e ukrasiti va\u0161 dom ili ured te prenijeti va\u0161im gostima va\u0161 stil i istovjetnu osobnost.<\/p><h3><i class=\"fas fa-check-circle\" style=\"color: #67b7a7;\"><\/i> Nikola Tesla \u0107e vas inspirirati<\/h3><p>Nikola Tesla je znanstvenik i izumitelj \u010dija \u017eivotna pri\u010da nikoga ne ostavlja ravnodu\u0161nim. Rodio se u malom zaba\u010denom selu u dana\u0161njoj Hrvatskoj, a postao je jedan od izumitelja \u010diji su izumi najvi\u0161e utjecali na razvoj tehnologije u 20-tom stolje\u0107u. Tesla nije \u017eelio biti bogat i sve \u0161to je zaradio ulo\u017eio je u ostvarenje svojeg sna da svijet u\u010dini boljim mjestom.<\/p><p>Njegov san je bio omogu\u0107iti svima besplatnu energiju koja bi slu\u017eila \u010dovje\u010danstvu. To bi bio svijet nezamislivih tehnolo\u0161kih mogu\u0107nosti, bez gladi i bez ratova. Mi kao pojedinci te\u0161ko mo\u017eemo promijeniti svijet, ali u svojem podru\u010dju rada i svojoj lokalnoj zajednici rade\u0107i male stvari mo\u017eemo ga u\u010diniti boljim. Poster Nikole Tesle \u0107e vas svaki dan podsjetiti na to da i vi mo\u017eete svijet u\u010diniti malo boljim mjestom.<\/p><h3><i class=\"fas fa-check-circle\" style=\"color: #67b7a7;\"><\/i> Standardne dimenzije okvira<\/h3><p>Postere mo\u017eete nabaviti u dimenzijama najpopularnijih okvira za slike. To zna\u010di da odgovaraju\u0107i okvir za poster mo\u017eete nabaviti u bilo kojoj prodavaonici koja prodaje okvire za slike. Okvir nije uklju\u010den u isporuku.<\/p><h3><i class=\"fas fa-check-circle\" style=\"color: #67b7a7;\"><\/i> Kvalitetan tisak<\/h3><p>Na\u0161e postere odlikuje kvalitetan tisak na kvalitetnom papiru. Na taj na\u010din osigurana je dugovje\u010dnost postera.<\/p><p><b>DEKLARACIJA<\/b><\/p><ul><li>Zemlja porijekla: EU, Hrvatska<\/li><li>Proizvedeno za: TESLA d.o.o., Horvatsko 18 (\u0110ure Arnolda 8), Ivanec<\/li><li>Preporuka: U svrhu prezentacije proizvoda i za\u0161tite od vanjskih utjecaja, preporu\u010da se plastifikacija ili postavljanje u okvir.<\/li><\/ul>\t\t\t\t\t\t<\/div>\n\t\t\t\t<\/div>\n\t\t\t\t\t<\/div>\n\t\t<\/div>\n\t\t\t\t\t\t\t<\/div>\n\t\t<\/section>\n\t\t\t\t\t\t\t<\/div>\n\t\t","protected":false},"excerpt":{"rendered":"<p>Poster s temom Nikole Tesle otisnut je na visokokvalitetnom premaznom papiru. Raspolo\u017eivo je vi\u0161e dimenzija postera. Ovaj poster \u0107e biti savr\u0161ena dekoracija za va\u0161 dom ili ured, a ujedno je odli\u010dna ideja za poklon. Okvir nije uklju\u010den, ali&#8230;<\/p>\n","protected":false},"featured_media":9823,"comment_status":"open","ping_status":"closed","template":"","meta":{"inline_featured_image":false},"product_cat":[121],"product_tag":[],"class_list":["post-10406","product","type-product","status-publish","has-post-thumbnail","hentry","product_cat-posteri-i-slike"],"etheme_brands":{"errors":{"invalid_taxonomy":["Nevaljana taksonomija."]},"error_data":[]},"yoast_head":"<!-- This site is optimized with the Yoast SEO plugin v19.10 - https:\/\/yoast.com\/wordpress\/plugins\/seo\/ -->\n<title>Poster Secrets of Universe - Nikola Tesla Legend Store<\/title>\n<meta name=\"description\" content=\"Tesla posteri nude originalne dizajne s likom slavnog znanstvenika. Promovirajte svjetliju budu\u0107nost uz Tesla poster. Do\u0111ite i pregledajte ih!\" \/>\n<meta name=\"robots\" content=\"index, follow, max-snippet:-1, max-image-preview:large, max-video-preview:-1\" \/>\n<link rel=\"canonical\" href=\"https:\/\/store.nikolateslalegend.com\/hr\/proizvod\/tesla-poster-secrets-of-universe\/\" \/>\n<meta property=\"og:locale\" content=\"hr_HR\" \/>\n<meta property=\"og:type\" content=\"article\" \/>\n<meta property=\"og:title\" content=\"Poster Secrets of Universe - Nikola Tesla Legend Store\" \/>\n<meta property=\"og:description\" content=\"Tesla posteri nude originalne dizajne s likom slavnog znanstvenika. Promovirajte svjetliju budu\u0107nost uz Tesla poster. Do\u0111ite i pregledajte ih!\" \/>\n<meta property=\"og:url\" content=\"https:\/\/store.nikolateslalegend.com\/hr\/proizvod\/tesla-poster-secrets-of-universe\/\" \/>\n<meta property=\"og:site_name\" content=\"Nikola Tesla Legend Store\" \/>\n<meta property=\"article:publisher\" content=\"https:\/\/www.facebook.com\/NikolaTeslaLegend\/\" \/>\n<meta property=\"article:modified_time\" content=\"2023-01-03T10:03:54+00:00\" \/>\n<meta property=\"og:image\" content=\"https:\/\/store.nikolateslalegend.com\/wp-content\/uploads\/2022\/08\/secrets-of-universe-2.jpg\" \/>\n\t<meta property=\"og:image:width\" content=\"805\" \/>\n\t<meta property=\"og:image:height\" content=\"1200\" \/>\n\t<meta property=\"og:image:type\" content=\"image\/jpeg\" \/>\n<meta name=\"twitter:card\" content=\"summary_large_image\" \/>\n<meta name=\"twitter:site\" content=\"@NikolaTeslaL\" \/>\n<meta name=\"twitter:label1\" content=\"Procijenjeno vrijeme \u010ditanja\" \/>\n\t<meta name=\"twitter:data1\" content=\"3 minute\" \/>\n<script type=\"application\/ld+json\" class=\"yoast-schema-graph\">{\"@context\":\"https:\/\/schema.org\",\"@graph\":[{\"@type\":\"WebPage\",\"@id\":\"https:\/\/store.nikolateslalegend.com\/hr\/proizvod\/tesla-poster-secrets-of-universe\/\",\"url\":\"https:\/\/store.nikolateslalegend.com\/hr\/proizvod\/tesla-poster-secrets-of-universe\/\",\"name\":\"Poster Secrets of Universe - Nikola Tesla Legend Store\",\"isPartOf\":{\"@id\":\"https:\/\/store.nikolateslalegend.com\/hr\/#website\"},\"datePublished\":\"2022-08-04T07:31:50+00:00\",\"dateModified\":\"2023-01-03T10:03:54+00:00\",\"description\":\"Tesla posteri nude originalne dizajne s likom slavnog znanstvenika. Promovirajte svjetliju budu\u0107nost uz Tesla poster. Do\u0111ite i pregledajte ih!\",\"breadcrumb\":{\"@id\":\"https:\/\/store.nikolateslalegend.com\/hr\/proizvod\/tesla-poster-secrets-of-universe\/#breadcrumb\"},\"inLanguage\":\"hr\",\"potentialAction\":[{\"@type\":\"ReadAction\",\"target\":[\"https:\/\/store.nikolateslalegend.com\/hr\/proizvod\/tesla-poster-secrets-of-universe\/\"]}]},{\"@type\":\"BreadcrumbList\",\"@id\":\"https:\/\/store.nikolateslalegend.com\/hr\/proizvod\/tesla-poster-secrets-of-universe\/#breadcrumb\",\"itemListElement\":[{\"@type\":\"ListItem\",\"position\":1,\"name\":\"Home\",\"item\":\"https:\/\/store.nikolateslalegend.com\/hr\/nikola-tesla-legend-web-trgovina\/\"},{\"@type\":\"ListItem\",\"position\":2,\"name\":\"Trgovina\",\"item\":\"https:\/\/store.nikolateslalegend.com\/hr\/trgovina\/\"},{\"@type\":\"ListItem\",\"position\":3,\"name\":\"Poster Secrets of Universe\"}]},{\"@type\":\"WebSite\",\"@id\":\"https:\/\/store.nikolateslalegend.com\/hr\/#website\",\"url\":\"https:\/\/store.nikolateslalegend.com\/hr\/\",\"name\":\"Nikola Tesla Legend Store\",\"description\":\"Nikola Tesla Legend Store\",\"potentialAction\":[{\"@type\":\"SearchAction\",\"target\":{\"@type\":\"EntryPoint\",\"urlTemplate\":\"https:\/\/store.nikolateslalegend.com\/hr\/?s={search_term_string}\"},\"query-input\":\"required name=search_term_string\"}],\"inLanguage\":\"hr\"}]}<\/script>\n<!-- \/ Yoast SEO plugin. -->","yoast_head_json":{"title":"Poster Secrets of Universe - Nikola Tesla Legend Store","description":"Tesla posteri nude originalne dizajne s likom slavnog znanstvenika. Promovirajte svjetliju budu\u0107nost uz Tesla poster. Do\u0111ite i pregledajte ih!","robots":{"index":"index","follow":"follow","max-snippet":"max-snippet:-1","max-image-preview":"max-image-preview:large","max-video-preview":"max-video-preview:-1"},"canonical":"https:\/\/store.nikolateslalegend.com\/hr\/proizvod\/tesla-poster-secrets-of-universe\/","og_locale":"hr_HR","og_type":"article","og_title":"Poster Secrets of Universe - Nikola Tesla Legend Store","og_description":"Tesla posteri nude originalne dizajne s likom slavnog znanstvenika. Promovirajte svjetliju budu\u0107nost uz Tesla poster. Do\u0111ite i pregledajte ih!","og_url":"https:\/\/store.nikolateslalegend.com\/hr\/proizvod\/tesla-poster-secrets-of-universe\/","og_site_name":"Nikola Tesla Legend Store","article_publisher":"https:\/\/www.facebook.com\/NikolaTeslaLegend\/","article_modified_time":"2023-01-03T10:03:54+00:00","og_image":[{"width":805,"height":1200,"url":"https:\/\/store.nikolateslalegend.com\/wp-content\/uploads\/2022\/08\/secrets-of-universe-2.jpg","type":"image\/jpeg"}],"twitter_card":"summary_large_image","twitter_site":"@NikolaTeslaL","twitter_misc":{"Procijenjeno vrijeme \u010ditanja":"3 minute"},"schema":{"@context":"https:\/\/schema.org","@graph":[{"@type":"WebPage","@id":"https:\/\/store.nikolateslalegend.com\/hr\/proizvod\/tesla-poster-secrets-of-universe\/","url":"https:\/\/store.nikolateslalegend.com\/hr\/proizvod\/tesla-poster-secrets-of-universe\/","name":"Poster Secrets of Universe - Nikola Tesla Legend Store","isPartOf":{"@id":"https:\/\/store.nikolateslalegend.com\/hr\/#website"},"datePublished":"2022-08-04T07:31:50+00:00","dateModified":"2023-01-03T10:03:54+00:00","description":"Tesla posteri nude originalne dizajne s likom slavnog znanstvenika. Promovirajte svjetliju budu\u0107nost uz Tesla poster. Do\u0111ite i pregledajte ih!","breadcrumb":{"@id":"https:\/\/store.nikolateslalegend.com\/hr\/proizvod\/tesla-poster-secrets-of-universe\/#breadcrumb"},"inLanguage":"hr","potentialAction":[{"@type":"ReadAction","target":["https:\/\/store.nikolateslalegend.com\/hr\/proizvod\/tesla-poster-secrets-of-universe\/"]}]},{"@type":"BreadcrumbList","@id":"https:\/\/store.nikolateslalegend.com\/hr\/proizvod\/tesla-poster-secrets-of-universe\/#breadcrumb","itemListElement":[{"@type":"ListItem","position":1,"name":"Home","item":"https:\/\/store.nikolateslalegend.com\/hr\/nikola-tesla-legend-web-trgovina\/"},{"@type":"ListItem","position":2,"name":"Trgovina","item":"https:\/\/store.nikolateslalegend.com\/hr\/trgovina\/"},{"@type":"ListItem","position":3,"name":"Poster Secrets of Universe"}]},{"@type":"WebSite","@id":"https:\/\/store.nikolateslalegend.com\/hr\/#website","url":"https:\/\/store.nikolateslalegend.com\/hr\/","name":"Nikola Tesla Legend Store","description":"Nikola Tesla Legend Store","potentialAction":[{"@type":"SearchAction","target":{"@type":"EntryPoint","urlTemplate":"https:\/\/store.nikolateslalegend.com\/hr\/?s={search_term_string}"},"query-input":"required name=search_term_string"}],"inLanguage":"hr"}]}},"_links":{"self":[{"href":"https:\/\/store.nikolateslalegend.com\/hr\/wp-json\/wp\/v2\/product\/10406","targetHints":{"allow":["GET"]}}],"collection":[{"href":"https:\/\/store.nikolateslalegend.com\/hr\/wp-json\/wp\/v2\/product"}],"about":[{"href":"https:\/\/store.nikolateslalegend.com\/hr\/wp-json\/wp\/v2\/types\/product"}],"replies":[{"embeddable":true,"href":"https:\/\/store.nikolateslalegend.com\/hr\/wp-json\/wp\/v2\/comments?post=10406"}],"version-history":[{"count":9,"href":"https:\/\/store.nikolateslalegend.com\/hr\/wp-json\/wp\/v2\/product\/10406\/revisions"}],"predecessor-version":[{"id":13196,"href":"https:\/\/store.nikolateslalegend.com\/hr\/wp-json\/wp\/v2\/product\/10406\/revisions\/13196"}],"wp:featuredmedia":[{"embeddable":true,"href":"https:\/\/store.nikolateslalegend.com\/hr\/wp-json\/wp\/v2\/media\/9823"}],"wp:attachment":[{"href":"https:\/\/store.nikolateslalegend.com\/hr\/wp-json\/wp\/v2\/media?parent=10406"}],"wp:term":[{"taxonomy":"product_cat","embeddable":true,"href":"https:\/\/store.nikolateslalegend.com\/hr\/wp-json\/wp\/v2\/product_cat?post=10406"},{"taxonomy":"product_tag","embeddable":true,"href":"https:\/\/store.nikolateslalegend.com\/hr\/wp-json\/wp\/v2\/product_tag?post=10406"}],"curies":[{"name":"wp","href":"https:\/\/api.w.org\/{rel}","templated":true}]}}