{"id":8477,"date":"2022-03-30T12:52:44","date_gmt":"2022-03-30T12:52:44","guid":{"rendered":"https:\/\/store.nikolateslalegend.com\/?page_id=8477"},"modified":"2022-04-04T11:15:18","modified_gmt":"2022-04-04T11:15:18","slug":"izjava-o-privatnosti-i-sigurnosti-podataka","status":"publish","type":"page","link":"https:\/\/store.nikolateslalegend.com\/hr\/izjava-o-privatnosti-i-sigurnosti-podataka\/","title":{"rendered":"Izjava o privatnosti i sigurnosti podataka"},"content":{"rendered":"\n<h1 class=\"wp-block-heading\">Izjava o privatnosti i sigurnosti podataka<\/h1>\n\n\n\n<p>Prije pristupa odre\u0111enim sadr\u017eajima, prilikom registracije ili online kupnje na internet stranici Prodavatelja potrebno je uno\u0161enje vlastitih osobnih podataka Korisnika. U slu\u010daju pristanka na davanje osobnih podataka, smatrat \u0107e se da je Korisnik pristao na uvjete kori\u0161tenja osobnih podataka predvi\u0111ene ovim Op\u0107im uvjetima poslovanja, a temeljem kojih se Prodavatelju daje pravo da prikuplja, koristi, obra\u0111uje i prenosi osobne podatke vezane za kori\u0161tene internet stranice <a href=\"https:\/\/store.nikolateslalegend.com\">store.nikolateslalegend.com<\/a><\/p>\n\n\n\n<p><strong>Prodavatelj<\/strong> se obavezuje pru\u017eati za\u0161titu osobnim podacima Korisnika, na na\u010din da prikuplja samo nu\u017ene, osnovne podatke o Korisnicima koji su nu\u017eni za ispunjenje na\u0161ih obveza prema ovim Op\u0107im uvjetima poslovanja. Podatke koji se pristupom na internet stranicu automatski bilje\u017ee, a nisu osobni podaci (IP adresa, vrste pretra\u017eiva\u010da, vrijeme provedeno na stranicama, broj posjeta i sl.) Prodavatelj \u0107e koristiti isklju\u010divo radi ocjene posje\u0107enosti internet stranice i radi pobolj\u0161anja njezina sadr\u017eaja i funkcionalnosti.<\/p>\n\n\n\n<p>Prodavatelj informira Korisnike o na\u010dinu kori\u0161tenja prikupljenih podataka, redovito daje Korisnicima mogu\u0107nost izbora o upotrebi njihovih podataka, uklju\u010duju\u0107i mogu\u0107nost odluke \u017eele li da se njihovo ime ukloni s lista koje se koriste za marketin\u0161ke kampanje. Svi se podaci o Korisnicima strogo \u010duvaju i dostupni su samo djelatnicima kojima su ti podaci nu\u017eni za obavljanje posla. Svi djelatnici <strong>TESLA d.o.o. <\/strong>(u vlasni\u0161tvu Prodavatelja) i poslovni partneri odgovorni su za po\u0161tivanje na\u010dela za\u0161tite privatnosti.<\/p>\n\n\n\n<h3 class=\"wp-block-heading\"><strong>Voditelj obrade osobnih podataka<\/strong><\/h3>\n\n\n\n<p><strong>Za obradu osobnih podataka odgovoran je Prodavatelj (<\/strong>TESLA d.o.o., Horvatsko 18, Horvatsko 42244 Klenovnik ,OIB: 24079480259, telefon: +385 (0)42 \/ 488 \u2013 070, e-mail: <a href=\"mailto:info@nikolateslalegend.com\">info@nikolateslalegend.com<\/a>).<br><strong>Kontakt podaci osobe\/slu\u017ebenika za za\u0161titu osobnih podataka: <\/strong><a href=\"mailto:info@nikolateslalegend.com\">info@nikolateslalegend.com<\/a><\/p>\n\n\n\n<h3 class=\"wp-block-heading\"><strong>Svrhe obrade osobnih podataka<\/strong><\/h3>\n\n\n\n<p>Prodavatelj osobne podatke Korisnika prikuplja i koristi u svrhu sklapanja i ispunjenja kupoprodajnih ugovora te kako bi ispunio zakonske i regulatorne obveze kao i u svrhu ostvarenja vlastitih legitimnih interesa zakonitog poslovanja.<\/p>\n\n\n\n<h3 class=\"wp-block-heading\"><strong>Osobni podaci i dostupnost tre\u0107im osobama<\/strong><\/h3>\n\n\n\n<p>Prodavatelj \u010duva osobne podatke Korisnika (ime, prezime, adresa, e-mail adresa i broj telefona, naziv i OIB tvrtke), za koje je Korisnik dao suglasnost prilikom kupnje\/registracije. Korisnikove osobne podatke Prodavatelj dijeli samo s partnerskom dostavnom slu\u017ebom kako bi osigurao da naru\u010deni proizvodi stignu do Korisnika. Ako Korisnik ne \u017eeli da Prodavatelj \u010duva njegove osobne podatke, niti da ih dijeli s partnerima, mo\u017ee povu\u0107i svoju privolu putem e-maila info@nikolateslalegend.com.<br>Prodavatelj osobne podatke Korisnika ne proslje\u0111uje neovla\u0161tenim osobama niti organizacijama, niti ih koristi za neke druge, nepredvi\u0111ene i nedozvoljene svrhe.<\/p>\n\n\n\n<h3 class=\"wp-block-heading\"><strong>Razdoblje u kojem \u0107e osobni podaci biti pohranjeni<\/strong><\/h3>\n\n\n\n<p>Osobne podatke pohranjujemo i obra\u0111ujemo samo onoliko dugo koliko je potrebno za izvr\u0161enje odre\u0111ene legitimne svrhe, osim ako va\u017ee\u0107im propisima nije za pojedinu svrhu predvi\u0111eno du\u017ee vrijeme \u010duvanja, a najmanje za vrijeme trajanja ugovora izme\u0111u Korisnika i Prodavatelja.<\/p>\n\n\n\n<p>U slu\u010daju davanja privole za marketing, podatke \u010duvamo onoliko dugo dok se privola ne povu\u010de.<\/p>\n\n\n\n<h3 class=\"wp-block-heading\"><strong>Sigurnosne mjere za\u0161tite osobnih podataka<\/strong><\/h3>\n\n\n\n<p>Prikupljeni podaci su u elektroni\u010dkom obliku i posebno su za\u0161ti\u0107eni su tako da se komunikacija izme\u0111u ra\u010dunala Korisnika i internet stranice <a href=\"https:\/\/store.nikolateslalegend.com\">store.nikolateslalegend.com<\/a> odvija sigurnosnim protokolom. Svi osobni podaci Korisnika osigurani su organizacijskom i tehni\u010dkom za\u0161titom od neovla\u0161tenog pristupa, izmjene, \u0161irenja ili brisanja. Prodavatelj provodi sve razumne mjere za za\u0161titu podataka, ali ne mo\u017ee jam\u010diti za\u0161titu informacija prenesenih na ili s interneta pa stoga nije odgovoran za informacije koje na takav na\u010din primi tre\u0107a strana.<\/p>\n\n\n\n<h3 class=\"wp-block-heading\"><strong>Pristup i ispravak osobnim podacima<\/strong><\/h3>\n\n\n\n<p>Korisnik mo\u017ee od Prodavatelja zatra\u017eiti i dobiti cjelovitu informaciju o osobnim podacima koji su pohranjeni, kao i ispravak istih slanjem e-mail poruke na e-mail adresu osobe za za\u0161titu osobnih podataka: <a href=\"mailto:info@nikolateslalegend.com\">info@nikolateslalegend.com<\/a>.<\/p>\n\n\n\n<h3 class=\"wp-block-heading\"><strong>Brisanje osobnih podataka (pravo na zaborav)<\/strong><\/h3>\n\n\n\n<p>Korisnik ima pravo u bilo kojem trenutku zatra\u017eiti brisanje osobnih podataka (pravo na zaborav), a mo\u017ee to u\u010diniti zahtjevom na e-mail adresu osobe za za\u0161titu osobnih podataka <a href=\"mailto:info@nikolateslalegend.com\">info@nikolateslalegend.com<\/a> i podaci \u0107e nakon provjere autenti\u010dnosti zahtjeva biti izbrisani bez odga\u0111anja. Korisnik ima mogu\u0107nost podno\u0161enja zahtjeva za brisanje u svakoj obavijesti koju primi od Prodavatelja putem e-maila, odnosno mo\u017ee poslati e-mail poruku na e-mail adresu osobe za za\u0161titu osobnih podataka <a href=\"mailto:info@nikolateslalegend.com\">info@nikolateslalegend.com<\/a>u kojoj navodi da se njegovi osobni podaci izbri\u0161u.<\/p>\n\n\n\n<h3 class=\"wp-block-heading\"><strong>Pravo na prigovor<\/strong><\/h3>\n\n\n\n<p>Ako unato\u010d svim poduzetim mjerama za za\u0161titu osobnih podataka Korisnik smatra da ima osnove za prigovor, prigovor mo\u017ee podnijeti na e-mail adresu osobe za za\u0161titu osobnih podataka na <a href=\"mailto:info@nikolateslalegend.com\">info@nikolateslalegend.com<\/a>.<\/p>\n\n\n\n<h3 class=\"wp-block-heading\"><strong>Izmjena Izjave o privatnosti i sigurnosti podataka&nbsp;&nbsp;&nbsp;<\/strong><\/h3>\n\n\n\n<p>Ovu Izjavu o privatnosti i sigurnosti podataka, Prodavatelj mo\u017ee izmijeniti u bilo kojem trenutku objavljivanjem izmijenjenog teksta Izjave o privatnosti na internet stranici <a href=\"https:\/\/store.nikolateslalegend.com\">store.nikolateslalegend.com<\/a>. Ukoliko se Korisnik ne sla\u017ee s ovom Izjavom o privatnosti i sigurnosti podataka, upu\u0107ujemo Korisnika da napusti te ne pristupa i ne koristi internet stranicu <a href=\"https:\/\/store.nikolateslalegend.com\">store.nikolateslalegend.com<\/a>. Izmjena Izjave o privatnosti i sigurnosti podataka stupa na snagu objavom na internet stranici <a href=\"https:\/\/store.nikolateslalegend.com\">store.nikolateslalegend.com<\/a>. Nastavak uporabe internet stranice <a href=\"https:\/\/store.nikolateslalegend.com\">store.nikolateslalegend.com<\/a>. &nbsp;od strane Korisnika nakon stupanja na snagu izmjena, podrazumijeva da Korisnik potvr\u0111uje i prihva\u0107a izmijenjenu Izjavu o privatnosti i sigurnosti podataka.<strong><\/strong><\/p>\n\n\n\n<h3 class=\"wp-block-heading\"><strong>Pravila o postupanju s \u201ckola\u010di\u0107ima\u201d<\/strong> <strong>(cookies)<\/strong><\/h3>\n\n\n\n<p>Kola\u010di\u0107i (eng. Cookie) i druge tehnologije za pra\u0107enje mogu se koristiti na internet stranici na razne na\u010dine npr. kako bi internet stranica bolje funkcionirala, za analizu prometa ili u marketin\u0161ke svrhe.<\/p>\n\n\n\n<p>Kola\u010di\u0107 (eng. Cookie) je podatak male veli\u010dine koji internet stranica pohranjuje u ra\u010dunalo ili mobilni ure\u0111aj posjetitelja. Kola\u010di\u0107 dozvoljava internet stranici da \u201ezapamti\u201c akcije posjetitelja iz prethodnih posjeta. Ve\u0107ina preglednika dozvoljava upotrebu kola\u010di\u0107a, ali korisnik ih u svakom trenutku mo\u017ee obrisati ili u pregledniku postaviti zabranu pohrane istih. Naj\u010de\u0161\u0107i razlozi kori\u0161tenja kola\u010di\u0107a su: identifikacija posjetitelja, pam\u0107enje specifi\u010dnih preferencija korisnika, pomo\u0107 pri unosu informacija koje su ve\u0107 unesene prilikom prethodnih posjeta, skupljanje podataka za analize te promotivne kampanje.<\/p>\n\n\n\n<p>Kola\u010di\u0107i se mogu klasificirati kao:<br>Privremeni kola\u010di\u0107i (Session cookies) \u2013 pohranjuju se na ra\u010dunalu, te se automatski bri\u0161u nakon zatvaranja internetskog preglednika. Omogu\u0107uju internet stranici da dobije privremene podatke, poput komentara ili stanja ko\u0161arice za kupnju.<\/p>\n\n\n\n<p>Trajni kola\u010di\u0107i (Persistent cookies) \u2013 ostaju u internetskom pregledniku i nakon zatvaranja i obi\u010dno imaju rok isteka. Uz pomo\u0107 ovih kola\u010di\u0107a internet stranice pohranjuju podatke kako bi se korisnicima olak\u0161alo kori\u0161tenje. Pohranjuju podatke kao \u0161to su korisni\u010dko ime i lozinka, \u0161to omogu\u0107uje kori\u0161tenje funkcionalnosti \u201ezapamti me\u201c prilikom prijavljivanja, tako da se ne mora upisivati korisni\u010dko ime i lozinka svaki puta kada ih se posje\u0107uje.<\/p>\n\n\n\n<p>Kola\u010di\u0107 od prve strane \u2013 oni dolaze s internet stranice koju je korisnik posjetio, a mogu biti privremeni ili stalni. Omogu\u0107avaju internet stranicama da spreme podatke koji se koriste kada korisnik ponovno posjeti internet stranicu.<\/p>\n\n\n\n<p>Kola\u010di\u0107i od tre\u0107e strane \u2013 postoji nekoliko vanjskih servisa koji korisniku spremaju limitirane kola\u010di\u0107e (Facebook, Instagram, Google Analytics i Google AdWords), i naj\u010de\u0161\u0107e slu\u017ee kao pomo\u0107 pri tuma\u010denju pona\u0161anja korisnika i marketin\u0161ke svrhe.<\/p>\n\n\n\n<p>U postavkama pretra\u017eiva\u010da kao \u0161to su Internet Explorer, Safari, Firefox ili Chrome\u2026 mo\u017ee se odrediti koje kola\u010di\u0107e korisnik \u017eeli prihvatiti a koje odbiti. Mjesto na kojem se mogu prona\u0107i postavke ovisi o vrsti pretra\u017eiva\u010da.<\/p>\n\n\n\n<p>Na internet stranici <a href=\"https:\/\/store.nikolateslalegend.com\">store.nikolateslalegend.com<\/a>. &nbsp;u svrhu uvida u statistiku posje\u0107enosti koristi se Google Analytics. Google Analytics omogu\u0107ava uvid u posje\u0107enost iz izvora kao \u0161to su pay-per-click mre\u017ee, e-mail marketing, display ogla\u0161avanje, web tra\u017eilice i sli\u010dno.<br>Internet stranica tako\u0111er koristi Google Adwords i Facebook Pixel kao kanal za ogla\u0161avanje na\u0161ih proizvoda.<\/p>\n\n\n\n<p>Na internet stranici <a href=\"https:\/\/store.nikolateslalegend.com\">store.nikolateslalegend.com<\/a>. &nbsp;omogu\u0107ena je prijava za Newsletter posredstvom servisa MailChimp, u koju svrhu se prikupljaju e-mail adrese Korisnika koji \u017eele primati obavijesti o novostima i akcijama na internet stranici <a href=\"https:\/\/store.nikolateslalegend.com\">store.nikolateslalegend.com<\/a>.<\/p>\n","protected":false},"excerpt":{"rendered":"<p>Izjava o privatnosti i sigurnosti podataka Prije pristupa odre\u0111enim sadr\u017eajima, prilikom registracije ili online kupnje na internet stranici Prodavatelja potrebno je uno\u0161enje vlastitih osobnih podataka Korisnika. U slu\u010daju pristanka na davanje osobnih podataka, smatrat \u0107e se da je&#8230;<\/p>\n","protected":false},"author":1,"featured_media":0,"parent":0,"menu_order":0,"comment_status":"closed","ping_status":"closed","template":"","meta":{"inline_featured_image":false,"footnotes":""},"class_list":["post-8477","page","type-page","status-publish","hentry"],"yoast_head":"<!-- This site is optimized with the Yoast SEO plugin v19.10 - https:\/\/yoast.com\/wordpress\/plugins\/seo\/ -->\n<title>Izjava o privatnosti i sigurnosti podataka - Nikola Tesla Legend Store<\/title>\n<meta name=\"robots\" content=\"index, follow, max-snippet:-1, max-image-preview:large, max-video-preview:-1\" \/>\n<link rel=\"canonical\" href=\"https:\/\/store.nikolateslalegend.com\/hr\/izjava-o-privatnosti-i-sigurnosti-podataka\/\" \/>\n<meta property=\"og:locale\" content=\"hr_HR\" \/>\n<meta property=\"og:type\" content=\"article\" \/>\n<meta property=\"og:title\" content=\"Izjava o privatnosti i sigurnosti podataka - Nikola Tesla Legend Store\" \/>\n<meta property=\"og:description\" content=\"Izjava o privatnosti i sigurnosti podataka Prije pristupa odre\u0111enim sadr\u017eajima, prilikom registracije ili online kupnje na internet stranici Prodavatelja potrebno je uno\u0161enje vlastitih osobnih podataka Korisnika. U slu\u010daju pristanka na davanje osobnih podataka, smatrat \u0107e se da je...\" \/>\n<meta property=\"og:url\" content=\"https:\/\/store.nikolateslalegend.com\/hr\/izjava-o-privatnosti-i-sigurnosti-podataka\/\" \/>\n<meta property=\"og:site_name\" content=\"Nikola Tesla Legend Store\" \/>\n<meta property=\"article:publisher\" content=\"https:\/\/www.facebook.com\/NikolaTeslaLegend\/\" \/>\n<meta property=\"article:modified_time\" content=\"2022-04-04T11:15:18+00:00\" \/>\n<meta property=\"og:image\" content=\"https:\/\/store.nikolateslalegend.com\/wp-content\/uploads\/2022\/11\/storenikolateslelegend_og.jpg\" \/>\n\t<meta property=\"og:image:width\" content=\"1200\" \/>\n\t<meta property=\"og:image:height\" content=\"630\" \/>\n\t<meta property=\"og:image:type\" content=\"image\/jpeg\" \/>\n<meta name=\"twitter:card\" content=\"summary_large_image\" \/>\n<meta name=\"twitter:site\" content=\"@NikolaTeslaL\" \/>\n<meta name=\"twitter:label1\" content=\"Procijenjeno vrijeme \u010ditanja\" \/>\n\t<meta name=\"twitter:data1\" content=\"7 minuta\" \/>\n<script type=\"application\/ld+json\" class=\"yoast-schema-graph\">{\"@context\":\"https:\/\/schema.org\",\"@graph\":[{\"@type\":\"WebPage\",\"@id\":\"https:\/\/store.nikolateslalegend.com\/hr\/izjava-o-privatnosti-i-sigurnosti-podataka\/\",\"url\":\"https:\/\/store.nikolateslalegend.com\/hr\/izjava-o-privatnosti-i-sigurnosti-podataka\/\",\"name\":\"Izjava o privatnosti i sigurnosti podataka - Nikola Tesla Legend Store\",\"isPartOf\":{\"@id\":\"https:\/\/store.nikolateslalegend.com\/hr\/#website\"},\"datePublished\":\"2022-03-30T12:52:44+00:00\",\"dateModified\":\"2022-04-04T11:15:18+00:00\",\"breadcrumb\":{\"@id\":\"https:\/\/store.nikolateslalegend.com\/hr\/izjava-o-privatnosti-i-sigurnosti-podataka\/#breadcrumb\"},\"inLanguage\":\"hr\",\"potentialAction\":[{\"@type\":\"ReadAction\",\"target\":[\"https:\/\/store.nikolateslalegend.com\/hr\/izjava-o-privatnosti-i-sigurnosti-podataka\/\"]}]},{\"@type\":\"BreadcrumbList\",\"@id\":\"https:\/\/store.nikolateslalegend.com\/hr\/izjava-o-privatnosti-i-sigurnosti-podataka\/#breadcrumb\",\"itemListElement\":[{\"@type\":\"ListItem\",\"position\":1,\"name\":\"Home\",\"item\":\"https:\/\/store.nikolateslalegend.com\/hr\/nikola-tesla-legend-web-trgovina\/\"},{\"@type\":\"ListItem\",\"position\":2,\"name\":\"Izjava o privatnosti i sigurnosti podataka\"}]},{\"@type\":\"WebSite\",\"@id\":\"https:\/\/store.nikolateslalegend.com\/hr\/#website\",\"url\":\"https:\/\/store.nikolateslalegend.com\/hr\/\",\"name\":\"Nikola Tesla Legend Store\",\"description\":\"Nikola Tesla Legend Store\",\"potentialAction\":[{\"@type\":\"SearchAction\",\"target\":{\"@type\":\"EntryPoint\",\"urlTemplate\":\"https:\/\/store.nikolateslalegend.com\/hr\/?s={search_term_string}\"},\"query-input\":\"required name=search_term_string\"}],\"inLanguage\":\"hr\"}]}<\/script>\n<!-- \/ Yoast SEO plugin. -->","yoast_head_json":{"title":"Izjava o privatnosti i sigurnosti podataka - Nikola Tesla Legend Store","robots":{"index":"index","follow":"follow","max-snippet":"max-snippet:-1","max-image-preview":"max-image-preview:large","max-video-preview":"max-video-preview:-1"},"canonical":"https:\/\/store.nikolateslalegend.com\/hr\/izjava-o-privatnosti-i-sigurnosti-podataka\/","og_locale":"hr_HR","og_type":"article","og_title":"Izjava o privatnosti i sigurnosti podataka - Nikola Tesla Legend Store","og_description":"Izjava o privatnosti i sigurnosti podataka Prije pristupa odre\u0111enim sadr\u017eajima, prilikom registracije ili online kupnje na internet stranici Prodavatelja potrebno je uno\u0161enje vlastitih osobnih podataka Korisnika. U slu\u010daju pristanka na davanje osobnih podataka, smatrat \u0107e se da je...","og_url":"https:\/\/store.nikolateslalegend.com\/hr\/izjava-o-privatnosti-i-sigurnosti-podataka\/","og_site_name":"Nikola Tesla Legend Store","article_publisher":"https:\/\/www.facebook.com\/NikolaTeslaLegend\/","article_modified_time":"2022-04-04T11:15:18+00:00","og_image":[{"width":1200,"height":630,"url":"https:\/\/store.nikolateslalegend.com\/wp-content\/uploads\/2022\/11\/storenikolateslelegend_og.jpg","type":"image\/jpeg"}],"twitter_card":"summary_large_image","twitter_site":"@NikolaTeslaL","twitter_misc":{"Procijenjeno vrijeme \u010ditanja":"7 minuta"},"schema":{"@context":"https:\/\/schema.org","@graph":[{"@type":"WebPage","@id":"https:\/\/store.nikolateslalegend.com\/hr\/izjava-o-privatnosti-i-sigurnosti-podataka\/","url":"https:\/\/store.nikolateslalegend.com\/hr\/izjava-o-privatnosti-i-sigurnosti-podataka\/","name":"Izjava o privatnosti i sigurnosti podataka - Nikola Tesla Legend Store","isPartOf":{"@id":"https:\/\/store.nikolateslalegend.com\/hr\/#website"},"datePublished":"2022-03-30T12:52:44+00:00","dateModified":"2022-04-04T11:15:18+00:00","breadcrumb":{"@id":"https:\/\/store.nikolateslalegend.com\/hr\/izjava-o-privatnosti-i-sigurnosti-podataka\/#breadcrumb"},"inLanguage":"hr","potentialAction":[{"@type":"ReadAction","target":["https:\/\/store.nikolateslalegend.com\/hr\/izjava-o-privatnosti-i-sigurnosti-podataka\/"]}]},{"@type":"BreadcrumbList","@id":"https:\/\/store.nikolateslalegend.com\/hr\/izjava-o-privatnosti-i-sigurnosti-podataka\/#breadcrumb","itemListElement":[{"@type":"ListItem","position":1,"name":"Home","item":"https:\/\/store.nikolateslalegend.com\/hr\/nikola-tesla-legend-web-trgovina\/"},{"@type":"ListItem","position":2,"name":"Izjava o privatnosti i sigurnosti podataka"}]},{"@type":"WebSite","@id":"https:\/\/store.nikolateslalegend.com\/hr\/#website","url":"https:\/\/store.nikolateslalegend.com\/hr\/","name":"Nikola Tesla Legend Store","description":"Nikola Tesla Legend Store","potentialAction":[{"@type":"SearchAction","target":{"@type":"EntryPoint","urlTemplate":"https:\/\/store.nikolateslalegend.com\/hr\/?s={search_term_string}"},"query-input":"required name=search_term_string"}],"inLanguage":"hr"}]}},"_links":{"self":[{"href":"https:\/\/store.nikolateslalegend.com\/hr\/wp-json\/wp\/v2\/pages\/8477","targetHints":{"allow":["GET"]}}],"collection":[{"href":"https:\/\/store.nikolateslalegend.com\/hr\/wp-json\/wp\/v2\/pages"}],"about":[{"href":"https:\/\/store.nikolateslalegend.com\/hr\/wp-json\/wp\/v2\/types\/page"}],"author":[{"embeddable":true,"href":"https:\/\/store.nikolateslalegend.com\/hr\/wp-json\/wp\/v2\/users\/1"}],"replies":[{"embeddable":true,"href":"https:\/\/store.nikolateslalegend.com\/hr\/wp-json\/wp\/v2\/comments?post=8477"}],"version-history":[{"count":0,"href":"https:\/\/store.nikolateslalegend.com\/hr\/wp-json\/wp\/v2\/pages\/8477\/revisions"}],"wp:attachment":[{"href":"https:\/\/store.nikolateslalegend.com\/hr\/wp-json\/wp\/v2\/media?parent=8477"}],"curies":[{"name":"wp","href":"https:\/\/api.w.org\/{rel}","templated":true}]}}