{"id":8065,"date":"2019-10-23T12:01:35","date_gmt":"2019-10-23T11:01:35","guid":{"rendered":"https:\/\/store.nikolateslalegend.com\/o-nama\/"},"modified":"2023-01-27T14:07:00","modified_gmt":"2023-01-27T13:07:00","slug":"o-nama","status":"publish","type":"page","link":"https:\/\/store.nikolateslalegend.com\/hr\/o-nama\/","title":{"rendered":"O nama"},"content":{"rendered":"\t\t<div data-elementor-type=\"wp-page\" data-elementor-id=\"8065\" class=\"elementor elementor-8065 elementor-21\">\n\t\t\t\t\t\t\t\t\t<section class=\"elementor-section elementor-top-section elementor-element elementor-element-0fb75f9 elementor-section-boxed elementor-section-height-default elementor-section-height-default\" data-id=\"0fb75f9\" data-element_type=\"section\">\n\t\t\t\t\t\t<div class=\"elementor-container elementor-column-gap-default\">\n\t\t\t\t\t<div class=\"elementor-column elementor-col-100 elementor-top-column elementor-element elementor-element-5603552\" data-id=\"5603552\" data-element_type=\"column\">\n\t\t\t<div class=\"elementor-widget-wrap elementor-element-populated\">\n\t\t\t\t\t\t\t\t<div class=\"elementor-element elementor-element-5902953 elementor-widget elementor-widget-heading\" data-id=\"5902953\" data-element_type=\"widget\" data-widget_type=\"heading.default\">\n\t\t\t\t<div class=\"elementor-widget-container\">\n\t\t\t<style>\/*! elementor - v3.8.1 - 13-11-2022 *\/\n.elementor-heading-title{padding:0;margin:0;line-height:1}.elementor-widget-heading .elementor-heading-title[class*=elementor-size-]>a{color:inherit;font-size:inherit;line-height:inherit}.elementor-widget-heading .elementor-heading-title.elementor-size-small{font-size:15px}.elementor-widget-heading .elementor-heading-title.elementor-size-medium{font-size:19px}.elementor-widget-heading .elementor-heading-title.elementor-size-large{font-size:29px}.elementor-widget-heading .elementor-heading-title.elementor-size-xl{font-size:39px}.elementor-widget-heading .elementor-heading-title.elementor-size-xxl{font-size:59px}<\/style><h2 class=\"elementor-heading-title elementor-size-default\">O nama<\/h2>\t\t<\/div>\n\t\t\t\t<\/div>\n\t\t\t\t\t<\/div>\n\t\t<\/div>\n\t\t\t\t\t\t\t<\/div>\n\t\t<\/section>\n\t\t\t\t<section class=\"elementor-section elementor-top-section elementor-element elementor-element-dcca20d elementor-section-content-middle elementor-section-boxed elementor-section-height-default elementor-section-height-default elementor-invisible\" data-id=\"dcca20d\" data-element_type=\"section\" data-settings=\"{&quot;animation&quot;:&quot;fadeInUp&quot;}\">\n\t\t\t\t\t\t<div class=\"elementor-container elementor-column-gap-no\">\n\t\t\t\t\t<div class=\"elementor-column elementor-col-50 elementor-top-column elementor-element elementor-element-9e599b2\" data-id=\"9e599b2\" data-element_type=\"column\">\n\t\t\t<div class=\"elementor-widget-wrap elementor-element-populated\">\n\t\t\t\t\t\t\t\t<div class=\"elementor-element elementor-element-7a7d50b elementor-widget elementor-widget-text-editor\" data-id=\"7a7d50b\" data-element_type=\"widget\" data-widget_type=\"text-editor.default\">\n\t\t\t\t<div class=\"elementor-widget-container\">\n\t\t\t<style>\/*! elementor - v3.8.1 - 13-11-2022 *\/\n.elementor-widget-text-editor.elementor-drop-cap-view-stacked .elementor-drop-cap{background-color:#818a91;color:#fff}.elementor-widget-text-editor.elementor-drop-cap-view-framed .elementor-drop-cap{color:#818a91;border:3px solid;background-color:transparent}.elementor-widget-text-editor:not(.elementor-drop-cap-view-default) .elementor-drop-cap{margin-top:8px}.elementor-widget-text-editor:not(.elementor-drop-cap-view-default) .elementor-drop-cap-letter{width:1em;height:1em}.elementor-widget-text-editor .elementor-drop-cap{float:left;text-align:center;line-height:1;font-size:50px}.elementor-widget-text-editor .elementor-drop-cap-letter{display:inline-block}<\/style>\t\t\t\t<h2>Nikola Tesla Legend<\/h2><p>Nikola Tesla bio je jedan od najve\u0107ih znanstvenika i izumitelja u povijesti \u010dovje\u010danstva. Njegovi izumi zna\u010dajno utje\u010du na razvoj tehnologije i industrije sve do dana\u0161njih dana. Prava veli\u010dina Tesle nije samo u njegovim izumima, nego u njegovom cilju da svojim izumima svijet u\u010dini boljim mjestom. Odrekao se velike zarade na struji iz hidro elektrane na slapovima Niagare samo kako bi projekt opstao. Sav novac koji je imao potro\u0161io je na ideju besplatne energije za sve. Zbog toga je u starosti \u017eivio vrlo skromno. Projekt Nikola Tesla Legend smo pokrenuli kako bi sa\u010duvali uspomenu na ovog plemenitog znanstvenika i popularizirali njegov rad.<\/p>\t\t\t\t\t\t<\/div>\n\t\t\t\t<\/div>\n\t\t\t\t\t<\/div>\n\t\t<\/div>\n\t\t\t\t<div class=\"elementor-column elementor-col-50 elementor-top-column elementor-element elementor-element-a49f3ca\" data-id=\"a49f3ca\" data-element_type=\"column\">\n\t\t\t<div class=\"elementor-widget-wrap elementor-element-populated\">\n\t\t\t\t\t\t\t\t<div class=\"elementor-element elementor-element-17f9bdb elementor-widget elementor-widget-image\" data-id=\"17f9bdb\" data-element_type=\"widget\" data-widget_type=\"image.default\">\n\t\t\t\t<div class=\"elementor-widget-container\">\n\t\t\t<style>\/*! elementor - v3.8.1 - 13-11-2022 *\/\n.elementor-widget-image{text-align:center}.elementor-widget-image a{display:inline-block}.elementor-widget-image a img[src$=\".svg\"]{width:48px}.elementor-widget-image img{vertical-align:middle;display:inline-block}<\/style>\t\t\t\t\t\t\t\t\t\t\t\t<img loading=\"lazy\" decoding=\"async\" width=\"754\" height=\"434\" src=\"https:\/\/store.nikolateslalegend.com\/wp-content\/uploads\/2022\/05\/t1.jpg\" class=\"attachment-full size-full\" alt=\"Nikola Tesla\" srcset=\"https:\/\/store.nikolateslalegend.com\/wp-content\/uploads\/2022\/05\/t1.jpg 754w, https:\/\/store.nikolateslalegend.com\/wp-content\/uploads\/2022\/05\/t1-300x173.jpg 300w, https:\/\/store.nikolateslalegend.com\/wp-content\/uploads\/2022\/05\/t1-7x4.jpg 7w, https:\/\/store.nikolateslalegend.com\/wp-content\/uploads\/2022\/05\/t1-10x6.jpg 10w, https:\/\/store.nikolateslalegend.com\/wp-content\/uploads\/2022\/05\/t1-600x345.jpg 600w\" sizes=\"auto, (max-width: 754px) 100vw, 754px\" \/>\t\t\t\t\t\t\t\t\t\t\t\t\t\t\t<\/div>\n\t\t\t\t<\/div>\n\t\t\t\t\t<\/div>\n\t\t<\/div>\n\t\t\t\t\t\t\t<\/div>\n\t\t<\/section>\n\t\t\t\t<section class=\"elementor-section elementor-top-section elementor-element elementor-element-9141b09 elementor-section-content-middle elementor-reverse-tablet elementor-reverse-mobile elementor-section-boxed elementor-section-height-default elementor-section-height-default elementor-invisible\" data-id=\"9141b09\" data-element_type=\"section\" data-settings=\"{&quot;animation&quot;:&quot;fadeInUp&quot;}\">\n\t\t\t\t\t\t<div class=\"elementor-container elementor-column-gap-no\">\n\t\t\t\t\t<div class=\"elementor-column elementor-col-50 elementor-top-column elementor-element elementor-element-4794ce6\" data-id=\"4794ce6\" data-element_type=\"column\">\n\t\t\t<div class=\"elementor-widget-wrap elementor-element-populated\">\n\t\t\t\t\t\t\t\t<div class=\"elementor-element elementor-element-7f2aaea elementor-widget elementor-widget-image\" data-id=\"7f2aaea\" data-element_type=\"widget\" data-widget_type=\"image.default\">\n\t\t\t\t<div class=\"elementor-widget-container\">\n\t\t\t\t\t\t\t\t\t\t\t\t\t\t\t<img loading=\"lazy\" decoding=\"async\" width=\"754\" height=\"434\" src=\"https:\/\/store.nikolateslalegend.com\/wp-content\/uploads\/2022\/05\/t2.jpg\" class=\"attachment-full size-full\" alt=\"Nikola Tesla Shop\" srcset=\"https:\/\/store.nikolateslalegend.com\/wp-content\/uploads\/2022\/05\/t2.jpg 754w, https:\/\/store.nikolateslalegend.com\/wp-content\/uploads\/2022\/05\/t2-300x173.jpg 300w, https:\/\/store.nikolateslalegend.com\/wp-content\/uploads\/2022\/05\/t2-7x4.jpg 7w, https:\/\/store.nikolateslalegend.com\/wp-content\/uploads\/2022\/05\/t2-10x6.jpg 10w, https:\/\/store.nikolateslalegend.com\/wp-content\/uploads\/2022\/05\/t2-600x345.jpg 600w\" sizes=\"auto, (max-width: 754px) 100vw, 754px\" \/>\t\t\t\t\t\t\t\t\t\t\t\t\t\t\t<\/div>\n\t\t\t\t<\/div>\n\t\t\t\t\t<\/div>\n\t\t<\/div>\n\t\t\t\t<div class=\"elementor-column elementor-col-50 elementor-top-column elementor-element elementor-element-6bccf17\" data-id=\"6bccf17\" data-element_type=\"column\">\n\t\t\t<div class=\"elementor-widget-wrap elementor-element-populated\">\n\t\t\t\t\t\t\t\t<div class=\"elementor-element elementor-element-9f28823 elementor-widget elementor-widget-text-editor\" data-id=\"9f28823\" data-element_type=\"widget\" data-widget_type=\"text-editor.default\">\n\t\t\t\t<div class=\"elementor-widget-container\">\n\t\t\t\t\t\t\t<h2>Nikola Tesla Legend online trgovina<\/h2>\n<p>Mi smo fanovi Nikole Tesle. Nakon dugogodi\u0161njeg prou\u010davanja njegovog \u017eivota i rada, odlu\u010dili smo pokrenuti web stranicu posve\u0107enu Nikoli Tesli. Shvatili smo da nam treba i online trgovina. Za\u0161to? Tesla \u017eelio svijet u\u010diniti boljim mjestom. \u017delio je osigurati besplatnu energiju za sve. Za mnoge od nas Tesla je inspiracija i zato \u017eelimo nositi odje\u0107u s njegovim likom ili uljep\u0161ati svoj dom ili ured s nekim od predmeta poput postera, zidnog sata ili statue. Na\u0161 cilj je ponuditi vam najve\u0107i izbor originalnih Nikola Tesla predmeta. Na\u0161i dizajneri neprestano rade na novim dizajnima i predmetima pa popratite njihov rad na stranici Nikola Tesla Legend i unutar same online trgovine.&nbsp;<\/p>\t\t\t\t\t\t<\/div>\n\t\t\t\t<\/div>\n\t\t\t\t\t<\/div>\n\t\t<\/div>\n\t\t\t\t\t\t\t<\/div>\n\t\t<\/section>\n\t\t\t\t<section class=\"elementor-section elementor-top-section elementor-element elementor-element-68f6e48 elementor-section-content-middle elementor-section-boxed elementor-section-height-default elementor-section-height-default elementor-invisible\" data-id=\"68f6e48\" data-element_type=\"section\" data-settings=\"{&quot;animation&quot;:&quot;fadeInUp&quot;}\">\n\t\t\t\t\t\t<div class=\"elementor-container elementor-column-gap-no\">\n\t\t\t\t\t<div class=\"elementor-column elementor-col-50 elementor-top-column elementor-element elementor-element-f9c2a75\" data-id=\"f9c2a75\" data-element_type=\"column\">\n\t\t\t<div class=\"elementor-widget-wrap elementor-element-populated\">\n\t\t\t\t\t\t\t\t<div class=\"elementor-element elementor-element-52ffa98 elementor-widget elementor-widget-text-editor\" data-id=\"52ffa98\" data-element_type=\"widget\" data-widget_type=\"text-editor.default\">\n\t\t\t\t<div class=\"elementor-widget-container\">\n\t\t\t\t\t\t\t<h2>Nikola Tesla Legend web stranica<\/h2><p>Nikola Tesla Legend web stranica je najve\u0107i i najiscrpniji izvor informacija o Nikoli Tesli na interentu. Saznajte sve o \u017eivotu i radu ovog slavnog znanstvenika. Tu mo\u017eete prona\u0107i Teslinu biografiju, zanimljive \u010dlanke, detalje iz njegovog \u017eivota, fotografije, citate, patente i mnogo vi\u0161e. Pove\u017eite se s<a href=\"https:\/\/www.nikolateslalegend.com\" target=\"_blank\" rel=\"noopener\"> zajednicom<\/a> fanova Nikole Tesle.<\/p>\t\t\t\t\t\t<\/div>\n\t\t\t\t<\/div>\n\t\t\t\t\t<\/div>\n\t\t<\/div>\n\t\t\t\t<div class=\"elementor-column elementor-col-50 elementor-top-column elementor-element elementor-element-ee02b2f\" data-id=\"ee02b2f\" data-element_type=\"column\">\n\t\t\t<div class=\"elementor-widget-wrap elementor-element-populated\">\n\t\t\t\t\t\t\t\t<div class=\"elementor-element elementor-element-de912b3 elementor-widget elementor-widget-image\" data-id=\"de912b3\" data-element_type=\"widget\" data-widget_type=\"image.default\">\n\t\t\t\t<div class=\"elementor-widget-container\">\n\t\t\t\t\t\t\t\t\t\t\t\t\t\t\t\t<a href=\"https:\/\/www.nikolateslalegend.com\" target=\"_blank\">\n\t\t\t\t\t\t\t<img loading=\"lazy\" decoding=\"async\" width=\"704\" height=\"491\" src=\"https:\/\/store.nikolateslalegend.com\/wp-content\/uploads\/2023\/01\/tesla_aboutus.webp\" class=\"attachment-full size-full\" alt=\"Nikola Tesla Legend\" srcset=\"https:\/\/store.nikolateslalegend.com\/wp-content\/uploads\/2023\/01\/tesla_aboutus.webp 704w, https:\/\/store.nikolateslalegend.com\/wp-content\/uploads\/2023\/01\/tesla_aboutus-300x209.webp 300w, https:\/\/store.nikolateslalegend.com\/wp-content\/uploads\/2023\/01\/tesla_aboutus-600x418.webp 600w, https:\/\/store.nikolateslalegend.com\/wp-content\/uploads\/2023\/01\/tesla_aboutus-7x6.webp 7w, https:\/\/store.nikolateslalegend.com\/wp-content\/uploads\/2023\/01\/tesla_aboutus-10x7.webp 10w\" sizes=\"auto, (max-width: 704px) 100vw, 704px\" \/>\t\t\t\t\t\t\t\t<\/a>\n\t\t\t\t\t\t\t\t\t\t\t\t\t\t\t<\/div>\n\t\t\t\t<\/div>\n\t\t\t\t\t<\/div>\n\t\t<\/div>\n\t\t\t\t\t\t\t<\/div>\n\t\t<\/section>\n\t\t\t\t\t\t\t<\/div>\n\t\t","protected":false},"excerpt":{"rendered":"<p>O nama Nikola Tesla Legend Nikola Tesla bio je jedan od najve\u0107ih znanstvenika i izumitelja u povijesti \u010dovje\u010danstva. Njegovi izumi zna\u010dajno utje\u010du na razvoj tehnologije i industrije sve do dana\u0161njih dana. Prava veli\u010dina Tesle nije samo u njegovim&#8230;<\/p>\n","protected":false},"author":1,"featured_media":0,"parent":0,"menu_order":0,"comment_status":"closed","ping_status":"closed","template":"","meta":{"inline_featured_image":false,"footnotes":""},"class_list":["post-8065","page","type-page","status-publish","hentry"],"yoast_head":"<!-- This site is optimized with the Yoast SEO plugin v19.10 - https:\/\/yoast.com\/wordpress\/plugins\/seo\/ -->\n<title>O nama - Nikola Tesla Legend Store<\/title>\n<meta name=\"robots\" content=\"index, follow, max-snippet:-1, max-image-preview:large, max-video-preview:-1\" \/>\n<link rel=\"canonical\" href=\"https:\/\/store.nikolateslalegend.com\/hr\/o-nama\/\" \/>\n<meta property=\"og:locale\" content=\"hr_HR\" \/>\n<meta property=\"og:type\" content=\"article\" \/>\n<meta property=\"og:title\" content=\"O nama - Nikola Tesla Legend Store\" \/>\n<meta property=\"og:description\" content=\"O nama Nikola Tesla Legend Nikola Tesla bio je jedan od najve\u0107ih znanstvenika i izumitelja u povijesti \u010dovje\u010danstva. Njegovi izumi zna\u010dajno utje\u010du na razvoj tehnologije i industrije sve do dana\u0161njih dana. Prava veli\u010dina Tesle nije samo u njegovim...\" \/>\n<meta property=\"og:url\" content=\"https:\/\/store.nikolateslalegend.com\/hr\/o-nama\/\" \/>\n<meta property=\"og:site_name\" content=\"Nikola Tesla Legend Store\" \/>\n<meta property=\"article:publisher\" content=\"https:\/\/www.facebook.com\/NikolaTeslaLegend\/\" \/>\n<meta property=\"article:modified_time\" content=\"2023-01-27T13:07:00+00:00\" \/>\n<meta property=\"og:image\" content=\"https:\/\/store.nikolateslalegend.com\/wp-content\/uploads\/2022\/05\/t1.jpg\" \/>\n<meta name=\"twitter:card\" content=\"summary_large_image\" \/>\n<meta name=\"twitter:site\" content=\"@NikolaTeslaL\" \/>\n<meta name=\"twitter:label1\" content=\"Procijenjeno vrijeme \u010ditanja\" \/>\n\t<meta name=\"twitter:data1\" content=\"3 minute\" \/>\n<script type=\"application\/ld+json\" class=\"yoast-schema-graph\">{\"@context\":\"https:\/\/schema.org\",\"@graph\":[{\"@type\":\"WebPage\",\"@id\":\"https:\/\/store.nikolateslalegend.com\/hr\/o-nama\/\",\"url\":\"https:\/\/store.nikolateslalegend.com\/hr\/o-nama\/\",\"name\":\"O nama - Nikola Tesla Legend Store\",\"isPartOf\":{\"@id\":\"https:\/\/store.nikolateslalegend.com\/hr\/#website\"},\"datePublished\":\"2019-10-23T11:01:35+00:00\",\"dateModified\":\"2023-01-27T13:07:00+00:00\",\"breadcrumb\":{\"@id\":\"https:\/\/store.nikolateslalegend.com\/hr\/o-nama\/#breadcrumb\"},\"inLanguage\":\"hr\",\"potentialAction\":[{\"@type\":\"ReadAction\",\"target\":[\"https:\/\/store.nikolateslalegend.com\/hr\/o-nama\/\"]}]},{\"@type\":\"BreadcrumbList\",\"@id\":\"https:\/\/store.nikolateslalegend.com\/hr\/o-nama\/#breadcrumb\",\"itemListElement\":[{\"@type\":\"ListItem\",\"position\":1,\"name\":\"Home\",\"item\":\"https:\/\/store.nikolateslalegend.com\/hr\/nikola-tesla-legend-web-trgovina\/\"},{\"@type\":\"ListItem\",\"position\":2,\"name\":\"O nama\"}]},{\"@type\":\"WebSite\",\"@id\":\"https:\/\/store.nikolateslalegend.com\/hr\/#website\",\"url\":\"https:\/\/store.nikolateslalegend.com\/hr\/\",\"name\":\"Nikola Tesla Legend Store\",\"description\":\"Nikola Tesla Legend Store\",\"potentialAction\":[{\"@type\":\"SearchAction\",\"target\":{\"@type\":\"EntryPoint\",\"urlTemplate\":\"https:\/\/store.nikolateslalegend.com\/hr\/?s={search_term_string}\"},\"query-input\":\"required name=search_term_string\"}],\"inLanguage\":\"hr\"}]}<\/script>\n<!-- \/ Yoast SEO plugin. -->","yoast_head_json":{"title":"O nama - Nikola Tesla Legend Store","robots":{"index":"index","follow":"follow","max-snippet":"max-snippet:-1","max-image-preview":"max-image-preview:large","max-video-preview":"max-video-preview:-1"},"canonical":"https:\/\/store.nikolateslalegend.com\/hr\/o-nama\/","og_locale":"hr_HR","og_type":"article","og_title":"O nama - Nikola Tesla Legend Store","og_description":"O nama Nikola Tesla Legend Nikola Tesla bio je jedan od najve\u0107ih znanstvenika i izumitelja u povijesti \u010dovje\u010danstva. Njegovi izumi zna\u010dajno utje\u010du na razvoj tehnologije i industrije sve do dana\u0161njih dana. Prava veli\u010dina Tesle nije samo u njegovim...","og_url":"https:\/\/store.nikolateslalegend.com\/hr\/o-nama\/","og_site_name":"Nikola Tesla Legend Store","article_publisher":"https:\/\/www.facebook.com\/NikolaTeslaLegend\/","article_modified_time":"2023-01-27T13:07:00+00:00","og_image":[{"url":"https:\/\/store.nikolateslalegend.com\/wp-content\/uploads\/2022\/05\/t1.jpg"}],"twitter_card":"summary_large_image","twitter_site":"@NikolaTeslaL","twitter_misc":{"Procijenjeno vrijeme \u010ditanja":"3 minute"},"schema":{"@context":"https:\/\/schema.org","@graph":[{"@type":"WebPage","@id":"https:\/\/store.nikolateslalegend.com\/hr\/o-nama\/","url":"https:\/\/store.nikolateslalegend.com\/hr\/o-nama\/","name":"O nama - Nikola Tesla Legend Store","isPartOf":{"@id":"https:\/\/store.nikolateslalegend.com\/hr\/#website"},"datePublished":"2019-10-23T11:01:35+00:00","dateModified":"2023-01-27T13:07:00+00:00","breadcrumb":{"@id":"https:\/\/store.nikolateslalegend.com\/hr\/o-nama\/#breadcrumb"},"inLanguage":"hr","potentialAction":[{"@type":"ReadAction","target":["https:\/\/store.nikolateslalegend.com\/hr\/o-nama\/"]}]},{"@type":"BreadcrumbList","@id":"https:\/\/store.nikolateslalegend.com\/hr\/o-nama\/#breadcrumb","itemListElement":[{"@type":"ListItem","position":1,"name":"Home","item":"https:\/\/store.nikolateslalegend.com\/hr\/nikola-tesla-legend-web-trgovina\/"},{"@type":"ListItem","position":2,"name":"O nama"}]},{"@type":"WebSite","@id":"https:\/\/store.nikolateslalegend.com\/hr\/#website","url":"https:\/\/store.nikolateslalegend.com\/hr\/","name":"Nikola Tesla Legend Store","description":"Nikola Tesla Legend Store","potentialAction":[{"@type":"SearchAction","target":{"@type":"EntryPoint","urlTemplate":"https:\/\/store.nikolateslalegend.com\/hr\/?s={search_term_string}"},"query-input":"required name=search_term_string"}],"inLanguage":"hr"}]}},"_links":{"self":[{"href":"https:\/\/store.nikolateslalegend.com\/hr\/wp-json\/wp\/v2\/pages\/8065","targetHints":{"allow":["GET"]}}],"collection":[{"href":"https:\/\/store.nikolateslalegend.com\/hr\/wp-json\/wp\/v2\/pages"}],"about":[{"href":"https:\/\/store.nikolateslalegend.com\/hr\/wp-json\/wp\/v2\/types\/page"}],"author":[{"embeddable":true,"href":"https:\/\/store.nikolateslalegend.com\/hr\/wp-json\/wp\/v2\/users\/1"}],"replies":[{"embeddable":true,"href":"https:\/\/store.nikolateslalegend.com\/hr\/wp-json\/wp\/v2\/comments?post=8065"}],"version-history":[{"count":12,"href":"https:\/\/store.nikolateslalegend.com\/hr\/wp-json\/wp\/v2\/pages\/8065\/revisions"}],"predecessor-version":[{"id":13510,"href":"https:\/\/store.nikolateslalegend.com\/hr\/wp-json\/wp\/v2\/pages\/8065\/revisions\/13510"}],"wp:attachment":[{"href":"https:\/\/store.nikolateslalegend.com\/hr\/wp-json\/wp\/v2\/media?parent=8065"}],"curies":[{"name":"wp","href":"https:\/\/api.w.org\/{rel}","templated":true}]}}