{"id":7999,"date":"2022-03-30T08:07:15","date_gmt":"2022-03-30T08:07:15","guid":{"rendered":"https:\/\/store.nikolateslalegend.com\/?post_type=product&#038;p=7999"},"modified":"2023-12-20T12:14:12","modified_gmt":"2023-12-20T11:14:12","slug":"nikola-tesla-wine-selection","status":"publish","type":"product","link":"https:\/\/store.nikolateslalegend.com\/en\/product\/nikola-tesla-wine-selection\/","title":{"rendered":"Nikola Tesla Wine Selection &#8211; Coming soon"},"content":{"rendered":"<p>The Nikola Tesla Wine Selection is a selection of the six best wines from Vara\u017edin County, Nikola Tesla&#8217;s famous wine region. In the preserved letters that Nikola Tesla exchanged with his uncle Pajo Mandi\u0107, we learn that Tesla was a great lover of wine from Vara\u017edin in Croatia. His uncle lived in Vara\u017edin and regularly sent wine to Tesla in the USA.<\/p>\n<p>What&#8217;s in the Nikola Tesla Wine Selection<\/p>\n<p>Six different top wines from Vara\u017edin County. The list of wines in the selection will be published soon. The wine is packaged in 0.75 liter bottles (25.4 ounces). They are packaged in a branded wooden wine box (a collectible item).<\/p>\n<p>&nbsp;<\/p>\n","protected":false},"excerpt":{"rendered":"<p>The Nikola Tesla Wine Selection is a selection of the six best wines from Vara\u017edin County, Nikola Tesla&#8217;s famous wine region. In the preserved letters that Nikola Tesla exchanged with his uncle Pajo Mandi\u0107, we learn that Tesla&#8230;<\/p>\n","protected":false},"featured_media":8022,"comment_status":"open","ping_status":"closed","template":"","meta":{"inline_featured_image":false},"product_cat":[103],"product_tag":[],"class_list":["post-7999","product","type-product","status-publish","has-post-thumbnail","hentry","product_cat-wine"],"etheme_brands":{"errors":{"invalid_taxonomy":["Invalid taxonomy."]},"error_data":[]},"yoast_head":"<!-- This site is optimized with the Yoast SEO plugin v19.10 - https:\/\/yoast.com\/wordpress\/plugins\/seo\/ -->\n<title>Nikola Tesla Wine Selection - Coming soon - Nikola Tesla Legend Store<\/title>\n<meta name=\"robots\" content=\"index, follow, max-snippet:-1, max-image-preview:large, max-video-preview:-1\" \/>\n<link rel=\"canonical\" href=\"https:\/\/store.nikolateslalegend.com\/en\/product\/nikola-tesla-wine-selection\/\" \/>\n<meta property=\"og:locale\" content=\"en_US\" \/>\n<meta property=\"og:type\" content=\"article\" \/>\n<meta property=\"og:title\" content=\"Nikola Tesla Wine Selection - Coming soon - Nikola Tesla Legend Store\" \/>\n<meta property=\"og:description\" content=\"The Nikola Tesla Wine Selection is a selection of the six best wines from Vara\u017edin County, Nikola Tesla&#8217;s famous wine region. In the preserved letters that Nikola Tesla exchanged with his uncle Pajo Mandi\u0107, we learn that Tesla...\" \/>\n<meta property=\"og:url\" content=\"https:\/\/store.nikolateslalegend.com\/en\/product\/nikola-tesla-wine-selection\/\" \/>\n<meta property=\"og:site_name\" content=\"Nikola Tesla Legend Store\" \/>\n<meta property=\"article:publisher\" content=\"https:\/\/www.facebook.com\/NikolaTeslaLegend\/\" \/>\n<meta property=\"article:modified_time\" content=\"2023-12-20T11:14:12+00:00\" \/>\n<meta property=\"og:image\" content=\"https:\/\/store.nikolateslalegend.com\/wp-content\/uploads\/2022\/03\/nikola-tesla-wine-selection-2.jpg\" \/>\n\t<meta property=\"og:image:width\" content=\"1200\" \/>\n\t<meta property=\"og:image:height\" content=\"889\" \/>\n\t<meta property=\"og:image:type\" content=\"image\/jpeg\" \/>\n<meta name=\"twitter:card\" content=\"summary_large_image\" \/>\n<meta name=\"twitter:site\" content=\"@NikolaTeslaL\" \/>\n<meta name=\"twitter:label1\" content=\"Est. reading time\" \/>\n\t<meta name=\"twitter:data1\" content=\"1 minute\" \/>\n<script type=\"application\/ld+json\" class=\"yoast-schema-graph\">{\"@context\":\"https:\/\/schema.org\",\"@graph\":[{\"@type\":\"WebPage\",\"@id\":\"https:\/\/store.nikolateslalegend.com\/en\/product\/nikola-tesla-wine-selection\/\",\"url\":\"https:\/\/store.nikolateslalegend.com\/en\/product\/nikola-tesla-wine-selection\/\",\"name\":\"Nikola Tesla Wine Selection - Coming soon - Nikola Tesla Legend Store\",\"isPartOf\":{\"@id\":\"https:\/\/store.nikolateslalegend.com\/en\/#website\"},\"datePublished\":\"2022-03-30T08:07:15+00:00\",\"dateModified\":\"2023-12-20T11:14:12+00:00\",\"breadcrumb\":{\"@id\":\"https:\/\/store.nikolateslalegend.com\/en\/product\/nikola-tesla-wine-selection\/#breadcrumb\"},\"inLanguage\":\"en-US\",\"potentialAction\":[{\"@type\":\"ReadAction\",\"target\":[\"https:\/\/store.nikolateslalegend.com\/en\/product\/nikola-tesla-wine-selection\/\"]}]},{\"@type\":\"BreadcrumbList\",\"@id\":\"https:\/\/store.nikolateslalegend.com\/en\/product\/nikola-tesla-wine-selection\/#breadcrumb\",\"itemListElement\":[{\"@type\":\"ListItem\",\"position\":1,\"name\":\"Home\",\"item\":\"https:\/\/store.nikolateslalegend.com\/en\/nikola-tesla-home\/\"},{\"@type\":\"ListItem\",\"position\":2,\"name\":\"Shop\",\"item\":\"https:\/\/store.nikolateslalegend.com\/en\/shop\/\"},{\"@type\":\"ListItem\",\"position\":3,\"name\":\"Nikola Tesla Wine Selection &#8211; Coming soon\"}]},{\"@type\":\"WebSite\",\"@id\":\"https:\/\/store.nikolateslalegend.com\/en\/#website\",\"url\":\"https:\/\/store.nikolateslalegend.com\/en\/\",\"name\":\"Nikola Tesla Legend Store\",\"description\":\"Nikola Tesla Legend Store\",\"potentialAction\":[{\"@type\":\"SearchAction\",\"target\":{\"@type\":\"EntryPoint\",\"urlTemplate\":\"https:\/\/store.nikolateslalegend.com\/en\/?s={search_term_string}\"},\"query-input\":\"required name=search_term_string\"}],\"inLanguage\":\"en-US\"}]}<\/script>\n<!-- \/ Yoast SEO plugin. -->","yoast_head_json":{"title":"Nikola Tesla Wine Selection - Coming soon - Nikola Tesla Legend Store","robots":{"index":"index","follow":"follow","max-snippet":"max-snippet:-1","max-image-preview":"max-image-preview:large","max-video-preview":"max-video-preview:-1"},"canonical":"https:\/\/store.nikolateslalegend.com\/en\/product\/nikola-tesla-wine-selection\/","og_locale":"en_US","og_type":"article","og_title":"Nikola Tesla Wine Selection - Coming soon - Nikola Tesla Legend Store","og_description":"The Nikola Tesla Wine Selection is a selection of the six best wines from Vara\u017edin County, Nikola Tesla&#8217;s famous wine region. In the preserved letters that Nikola Tesla exchanged with his uncle Pajo Mandi\u0107, we learn that Tesla...","og_url":"https:\/\/store.nikolateslalegend.com\/en\/product\/nikola-tesla-wine-selection\/","og_site_name":"Nikola Tesla Legend Store","article_publisher":"https:\/\/www.facebook.com\/NikolaTeslaLegend\/","article_modified_time":"2023-12-20T11:14:12+00:00","og_image":[{"width":1200,"height":889,"url":"https:\/\/store.nikolateslalegend.com\/wp-content\/uploads\/2022\/03\/nikola-tesla-wine-selection-2.jpg","type":"image\/jpeg"}],"twitter_card":"summary_large_image","twitter_site":"@NikolaTeslaL","twitter_misc":{"Est. reading time":"1 minute"},"schema":{"@context":"https:\/\/schema.org","@graph":[{"@type":"WebPage","@id":"https:\/\/store.nikolateslalegend.com\/en\/product\/nikola-tesla-wine-selection\/","url":"https:\/\/store.nikolateslalegend.com\/en\/product\/nikola-tesla-wine-selection\/","name":"Nikola Tesla Wine Selection - Coming soon - Nikola Tesla Legend Store","isPartOf":{"@id":"https:\/\/store.nikolateslalegend.com\/en\/#website"},"datePublished":"2022-03-30T08:07:15+00:00","dateModified":"2023-12-20T11:14:12+00:00","breadcrumb":{"@id":"https:\/\/store.nikolateslalegend.com\/en\/product\/nikola-tesla-wine-selection\/#breadcrumb"},"inLanguage":"en-US","potentialAction":[{"@type":"ReadAction","target":["https:\/\/store.nikolateslalegend.com\/en\/product\/nikola-tesla-wine-selection\/"]}]},{"@type":"BreadcrumbList","@id":"https:\/\/store.nikolateslalegend.com\/en\/product\/nikola-tesla-wine-selection\/#breadcrumb","itemListElement":[{"@type":"ListItem","position":1,"name":"Home","item":"https:\/\/store.nikolateslalegend.com\/en\/nikola-tesla-home\/"},{"@type":"ListItem","position":2,"name":"Shop","item":"https:\/\/store.nikolateslalegend.com\/en\/shop\/"},{"@type":"ListItem","position":3,"name":"Nikola Tesla Wine Selection &#8211; Coming soon"}]},{"@type":"WebSite","@id":"https:\/\/store.nikolateslalegend.com\/en\/#website","url":"https:\/\/store.nikolateslalegend.com\/en\/","name":"Nikola Tesla Legend Store","description":"Nikola Tesla Legend Store","potentialAction":[{"@type":"SearchAction","target":{"@type":"EntryPoint","urlTemplate":"https:\/\/store.nikolateslalegend.com\/en\/?s={search_term_string}"},"query-input":"required name=search_term_string"}],"inLanguage":"en-US"}]}},"_links":{"self":[{"href":"https:\/\/store.nikolateslalegend.com\/en\/wp-json\/wp\/v2\/product\/7999","targetHints":{"allow":["GET"]}}],"collection":[{"href":"https:\/\/store.nikolateslalegend.com\/en\/wp-json\/wp\/v2\/product"}],"about":[{"href":"https:\/\/store.nikolateslalegend.com\/en\/wp-json\/wp\/v2\/types\/product"}],"replies":[{"embeddable":true,"href":"https:\/\/store.nikolateslalegend.com\/en\/wp-json\/wp\/v2\/comments?post=7999"}],"version-history":[{"count":1,"href":"https:\/\/store.nikolateslalegend.com\/en\/wp-json\/wp\/v2\/product\/7999\/revisions"}],"predecessor-version":[{"id":12810,"href":"https:\/\/store.nikolateslalegend.com\/en\/wp-json\/wp\/v2\/product\/7999\/revisions\/12810"}],"wp:featuredmedia":[{"embeddable":true,"href":"https:\/\/store.nikolateslalegend.com\/en\/wp-json\/wp\/v2\/media\/8022"}],"wp:attachment":[{"href":"https:\/\/store.nikolateslalegend.com\/en\/wp-json\/wp\/v2\/media?parent=7999"}],"wp:term":[{"taxonomy":"product_cat","embeddable":true,"href":"https:\/\/store.nikolateslalegend.com\/en\/wp-json\/wp\/v2\/product_cat?post=7999"},{"taxonomy":"product_tag","embeddable":true,"href":"https:\/\/store.nikolateslalegend.com\/en\/wp-json\/wp\/v2\/product_tag?post=7999"}],"curies":[{"name":"wp","href":"https:\/\/api.w.org\/{rel}","templated":true}]}}